{"id":5426,"date":"2022-05-14T18:30:38","date_gmt":"2022-05-14T18:30:38","guid":{"rendered":"https:\/\/sirkussirkus.com\/kauppa\/?post_type=product&#038;p=5426"},"modified":"2024-04-18T07:20:34","modified_gmt":"2024-04-18T07:20:34","slug":"multi-bueno-paidat","status":"publish","type":"product","link":"https:\/\/sirkussirkus.com\/kauppa\/product\/multi-bueno-paidat\/","title":{"rendered":"Multi Bueno -paidat 97%"},"content":{"rendered":"<p>J\u00e4ik\u00f6 Multi Bueno -festivaaleilta t-paita ostamatta? Ei h\u00e4t\u00e4\u00e4 sill\u00e4 paitoja on viel\u00e4 j\u00e4ljell\u00e4. J\u00e4ik\u00f6 festivaalitkin v\u00e4list\u00e4? Ei h\u00e4t\u00e4\u00e4 sill\u00e4 paidat ovat niin hienoja, ettei festivaalista tarvitse edes tiet\u00e4\u00e4 mit\u00e4\u00e4n. Sekalainen valikoima eri kokoisia ja n\u00e4k\u00f6isi\u00e4 paitoja. Paidat hankittu kierr\u00e4tyskeskuksesta, pesty ja painettu. Kierr\u00e4tysaste 97%. Painatus silkkipainolla k\u00e4sity\u00f6n\u00e4. Kysy lis\u00e4\u00e4. Ja festivaalistahan l\u00f6ytyy tietoa tutusta osoitteesta:<\/p>\n<p><a href=\"http:\/\/www.multibuenofestival.com\" target=\"_blank\" rel=\"noopener noreferrer\">www.multibuenofestival.com<\/a><\/p>\n<p>Kierr\u00e4tysaste: 97%. Paita 100%, painov\u00e4ri 0%.<\/p>\n","protected":false},"excerpt":{"rendered":"<p>J\u00e4ik\u00f6 Multi Bueno -festivaaleilta t-paita ostamatta? Ei h\u00e4t\u00e4\u00e4 sill\u00e4 paitoja on viel\u00e4 j\u00e4ljell\u00e4. J\u00e4ik\u00f6 festivaalitkin v\u00e4list\u00e4? Ei h\u00e4t\u00e4\u00e4 sill\u00e4 paidat ovat niin hienoja, ettei festivaalista tarvitse edes tiet\u00e4\u00e4 mit\u00e4\u00e4n. Sekalainen valikoima eri kokoisia ja n\u00e4k\u00f6isi\u00e4 paitoja. Paidat hankittu kierr\u00e4tyskeskuksesta, pesty ja painettu. Kierr\u00e4tysaste 97%. Painatus silkkipainolla k\u00e4sity\u00f6n\u00e4. Kysy lis\u00e4\u00e4. Ja festivaalistahan l\u00f6ytyy tietoa tutusta osoitteesta: [&hellip;]<\/p>\n","protected":false},"featured_media":5428,"template":"","meta":{"site-sidebar-layout":"default","site-content-layout":"default","ast-site-content-layout":"default","site-content-style":"default","site-sidebar-style":"default","ast-global-header-display":"","ast-banner-title-visibility":"","ast-main-header-display":"","ast-hfb-above-header-display":"","ast-hfb-below-header-display":"","ast-hfb-mobile-header-display":"","site-post-title":"","ast-breadcrumbs-content":"","ast-featured-img":"","footer-sml-layout":"","theme-transparent-header-meta":"default","adv-header-id-meta":"","stick-header-meta":"","header-above-stick-meta":"","header-main-stick-meta":"","header-below-stick-meta":"","astra-migrate-meta-layouts":"set","ast-page-background-enabled":"default","ast-page-background-meta":{"desktop":{"background-color":"","background-image":"","background-repeat":"repeat","background-position":"center center","background-size":"auto","background-attachment":"scroll","background-type":"","background-media":"","overlay-type":"","overlay-color":"","overlay-opacity":"","overlay-gradient":""},"tablet":{"background-color":"","background-image":"","background-repeat":"repeat","background-position":"center center","background-size":"auto","background-attachment":"scroll","background-type":"","background-media":"","overlay-type":"","overlay-color":"","overlay-opacity":"","overlay-gradient":""},"mobile":{"background-color":"","background-image":"","background-repeat":"repeat","background-position":"center center","background-size":"auto","background-attachment":"scroll","background-type":"","background-media":"","overlay-type":"","overlay-color":"","overlay-opacity":"","overlay-gradient":""}},"ast-content-background-meta":{"desktop":{"background-color":"var(--ast-global-color-5)","background-image":"","background-repeat":"repeat","background-position":"center center","background-size":"auto","background-attachment":"scroll","background-type":"","background-media":"","overlay-type":"","overlay-color":"","overlay-opacity":"","overlay-gradient":""},"tablet":{"background-color":"var(--ast-global-color-5)","background-image":"","background-repeat":"repeat","background-position":"center center","background-size":"auto","background-attachment":"scroll","background-type":"","background-media":"","overlay-type":"","overlay-color":"","overlay-opacity":"","overlay-gradient":""},"mobile":{"background-color":"var(--ast-global-color-5)","background-image":"","background-repeat":"repeat","background-position":"center center","background-size":"auto","background-attachment":"scroll","background-type":"","background-media":"","overlay-type":"","overlay-color":"","overlay-opacity":"","overlay-gradient":""}}},"product_brand":[],"product_cat":[642],"product_tag":[590,589,593,588,279,592,591],"class_list":{"0":"post-5426","1":"product","2":"type-product","3":"status-publish","4":"has-post-thumbnail","6":"product_cat-vaatteet","7":"product_tag-590","8":"product_tag-bueno","9":"product_tag-festivaali","10":"product_tag-multi","11":"product_tag-muut","12":"product_tag-paidat","13":"product_tag-paita","14":"desktop-align-center","15":"tablet-align-left","16":"mobile-align-left","18":"first","19":"instock","20":"taxable","21":"shipping-taxable","22":"purchasable","23":"product-type-simple"},"_links":{"self":[{"href":"https:\/\/sirkussirkus.com\/kauppa\/wp-json\/wp\/v2\/product\/5426","targetHints":{"allow":["GET"]}}],"collection":[{"href":"https:\/\/sirkussirkus.com\/kauppa\/wp-json\/wp\/v2\/product"}],"about":[{"href":"https:\/\/sirkussirkus.com\/kauppa\/wp-json\/wp\/v2\/types\/product"}],"version-history":[{"count":5,"href":"https:\/\/sirkussirkus.com\/kauppa\/wp-json\/wp\/v2\/product\/5426\/revisions"}],"predecessor-version":[{"id":7523,"href":"https:\/\/sirkussirkus.com\/kauppa\/wp-json\/wp\/v2\/product\/5426\/revisions\/7523"}],"wp:featuredmedia":[{"embeddable":true,"href":"https:\/\/sirkussirkus.com\/kauppa\/wp-json\/wp\/v2\/media\/5428"}],"wp:attachment":[{"href":"https:\/\/sirkussirkus.com\/kauppa\/wp-json\/wp\/v2\/media?parent=5426"}],"wp:term":[{"taxonomy":"product_brand","embeddable":true,"href":"https:\/\/sirkussirkus.com\/kauppa\/wp-json\/wp\/v2\/product_brand?post=5426"},{"taxonomy":"product_cat","embeddable":true,"href":"https:\/\/sirkussirkus.com\/kauppa\/wp-json\/wp\/v2\/product_cat?post=5426"},{"taxonomy":"product_tag","embeddable":true,"href":"https:\/\/sirkussirkus.com\/kauppa\/wp-json\/wp\/v2\/product_tag?post=5426"}],"curies":[{"name":"wp","href":"https:\/\/api.w.org\/{rel}","templated":true}]}}