{"id":5416,"date":"2022-05-14T18:24:32","date_gmt":"2022-05-14T18:24:32","guid":{"rendered":"https:\/\/sirkussirkus.com\/kauppa\/?post_type=product&#038;p=5416"},"modified":"2024-03-23T15:31:14","modified_gmt":"2024-03-23T15:31:14","slug":"sirkuksen-vallankumous-jean-michel-guy","status":"publish","type":"product","link":"https:\/\/sirkussirkus.com\/kauppa\/product\/sirkuksen-vallankumous-jean-michel-guy\/","title":{"rendered":"Sirkuksen vallankumous &#8211; Jean-Michel Guy"},"content":{"rendered":"<p>(K\u00c4YTETTY) Uuden ranskalaisen sirkustutkimuksen klassikkoteoksessa alan parhaat kirjoittajat kuvaavat sirkuksen nykyp\u00e4iv\u00e4\u00e4, taustoja ja suhdetta muihin taiteenaloihin. Kirja kokoaa yhteen 1970-luvulla Ranskassa syntyneen uuden sirkuksen keskeiset piirteet sek\u00e4 esittelee sirkuslajien \u2013 jongleerauksen, akrobatian ja klovnerian \u2013 itsen\u00e4istymisen vaiheita ja t\u00e4rkeimpi\u00e4 taiteilijoita. Nykysirkuksen omaleimainen runollisuus sek\u00e4 erikoisten aistimaailmoiden rakentaminen luovat luonnolliset yhteydet muihin esitt\u00e4viin taiteisiin. Sirkuksen kulttuurisesta monis\u00e4ikeisyydest\u00e4 nostetaan esiin niin taiteellinen, pedagoginen, sosiologinen kuin taloudellinenkin n\u00e4k\u00f6kulma.<\/p>\n<p>Suomenkielinen \/ 237 sivua \/ pehme\u00e4kantinen \/ 2005<\/p>\n","protected":false},"excerpt":{"rendered":"<p>(K\u00c4YTETTY) Uuden ranskalaisen sirkustutkimuksen klassikkoteoksessa alan parhaat kirjoittajat kuvaavat sirkuksen nykyp\u00e4iv\u00e4\u00e4, taustoja ja suhdetta muihin taiteenaloihin. Kirja kokoaa yhteen 1970-luvulla Ranskassa syntyneen uuden sirkuksen keskeiset piirteet sek\u00e4 esittelee sirkuslajien \u2013 jongleerauksen, akrobatian ja klovnerian \u2013 itsen\u00e4istymisen vaiheita ja t\u00e4rkeimpi\u00e4 taiteilijoita. Nykysirkuksen omaleimainen runollisuus sek\u00e4 erikoisten aistimaailmoiden rakentaminen luovat luonnolliset yhteydet muihin esitt\u00e4viin taiteisiin. Sirkuksen kulttuurisesta [&hellip;]<\/p>\n","protected":false},"featured_media":5417,"template":"","meta":{"site-sidebar-layout":"default","site-content-layout":"default","ast-site-content-layout":"default","site-content-style":"default","site-sidebar-style":"default","ast-global-header-display":"","ast-banner-title-visibility":"","ast-main-header-display":"","ast-hfb-above-header-display":"","ast-hfb-below-header-display":"","ast-hfb-mobile-header-display":"","site-post-title":"","ast-breadcrumbs-content":"","ast-featured-img":"","footer-sml-layout":"","theme-transparent-header-meta":"default","adv-header-id-meta":"","stick-header-meta":"","header-above-stick-meta":"","header-main-stick-meta":"","header-below-stick-meta":"","astra-migrate-meta-layouts":"default","ast-page-background-enabled":"default","ast-page-background-meta":{"desktop":{"background-color":"","background-image":"","background-repeat":"repeat","background-position":"center center","background-size":"auto","background-attachment":"scroll","background-type":"","background-media":"","overlay-type":"","overlay-color":"","overlay-opacity":"","overlay-gradient":""},"tablet":{"background-color":"","background-image":"","background-repeat":"repeat","background-position":"center center","background-size":"auto","background-attachment":"scroll","background-type":"","background-media":"","overlay-type":"","overlay-color":"","overlay-opacity":"","overlay-gradient":""},"mobile":{"background-color":"","background-image":"","background-repeat":"repeat","background-position":"center center","background-size":"auto","background-attachment":"scroll","background-type":"","background-media":"","overlay-type":"","overlay-color":"","overlay-opacity":"","overlay-gradient":""}},"ast-content-background-meta":{"desktop":{"background-color":"var(--ast-global-color-5)","background-image":"","background-repeat":"repeat","background-position":"center center","background-size":"auto","background-attachment":"scroll","background-type":"","background-media":"","overlay-type":"","overlay-color":"","overlay-opacity":"","overlay-gradient":""},"tablet":{"background-color":"var(--ast-global-color-5)","background-image":"","background-repeat":"repeat","background-position":"center center","background-size":"auto","background-attachment":"scroll","background-type":"","background-media":"","overlay-type":"","overlay-color":"","overlay-opacity":"","overlay-gradient":""},"mobile":{"background-color":"var(--ast-global-color-5)","background-image":"","background-repeat":"repeat","background-position":"center center","background-size":"auto","background-attachment":"scroll","background-type":"","background-media":"","overlay-type":"","overlay-color":"","overlay-opacity":"","overlay-gradient":""}}},"product_brand":[],"product_cat":[64],"product_tag":[540,579,577,87,459,621,575,576],"class_list":{"0":"post-5416","1":"product","2":"type-product","3":"status-publish","4":"has-post-thumbnail","6":"product_cat-kirjat","7":"product_tag-540","8":"product_tag-guy","9":"product_tag-jean","10":"product_tag-kirja","11":"product_tag-kirjat","12":"product_tag-michel","13":"product_tag-sirkuksen","14":"product_tag-vallankumous","15":"desktop-align-center","16":"tablet-align-left","17":"mobile-align-left","19":"first","20":"outofstock","21":"sale","22":"taxable","23":"shipping-taxable","24":"purchasable","25":"product-type-simple"},"_links":{"self":[{"href":"https:\/\/sirkussirkus.com\/kauppa\/wp-json\/wp\/v2\/product\/5416","targetHints":{"allow":["GET"]}}],"collection":[{"href":"https:\/\/sirkussirkus.com\/kauppa\/wp-json\/wp\/v2\/product"}],"about":[{"href":"https:\/\/sirkussirkus.com\/kauppa\/wp-json\/wp\/v2\/types\/product"}],"version-history":[{"count":3,"href":"https:\/\/sirkussirkus.com\/kauppa\/wp-json\/wp\/v2\/product\/5416\/revisions"}],"predecessor-version":[{"id":5500,"href":"https:\/\/sirkussirkus.com\/kauppa\/wp-json\/wp\/v2\/product\/5416\/revisions\/5500"}],"wp:featuredmedia":[{"embeddable":true,"href":"https:\/\/sirkussirkus.com\/kauppa\/wp-json\/wp\/v2\/media\/5417"}],"wp:attachment":[{"href":"https:\/\/sirkussirkus.com\/kauppa\/wp-json\/wp\/v2\/media?parent=5416"}],"wp:term":[{"taxonomy":"product_brand","embeddable":true,"href":"https:\/\/sirkussirkus.com\/kauppa\/wp-json\/wp\/v2\/product_brand?post=5416"},{"taxonomy":"product_cat","embeddable":true,"href":"https:\/\/sirkussirkus.com\/kauppa\/wp-json\/wp\/v2\/product_cat?post=5416"},{"taxonomy":"product_tag","embeddable":true,"href":"https:\/\/sirkussirkus.com\/kauppa\/wp-json\/wp\/v2\/product_tag?post=5416"}],"curies":[{"name":"wp","href":"https:\/\/api.w.org\/{rel}","templated":true}]}}