{"id":5413,"date":"2022-05-14T18:23:41","date_gmt":"2022-05-14T18:23:41","guid":{"rendered":"https:\/\/sirkussirkus.com\/kauppa\/?post_type=product&#038;p=5413"},"modified":"2023-09-07T05:45:13","modified_gmt":"2023-09-07T05:45:13","slug":"ihmeen-vakea-tomi-purovaara","status":"publish","type":"product","link":"https:\/\/sirkussirkus.com\/kauppa\/product\/ihmeen-vakea-tomi-purovaara\/","title":{"rendered":"Ihmeen v\u00e4ke\u00e4! &#8211; Tomi Purovaara"},"content":{"rendered":"<p>2000-luku on merkinnyt suomalaiselle sirkukselle suurta kulttuurista muutosta. Yh\u00e4 paremmin voivan perinteisen sirkuksen rinnalla vaikuttavat maailmalla kiit\u00e4v\u00e4t nykysirkustaiteilijat, joiden teosten estetiikka syntyy niin musiikin, tanssin kuin elokuvan innoittamana. Miten on mahdollista, ett\u00e4 suomalaisesta sirkuksesta on kehittynyt kuin yhdess\u00e4 rys\u00e4yksess\u00e4 kansainv\u00e4lisesti tunnustettu modernin esitt\u00e4v\u00e4n taiteen muoto, jonka hedelmist\u00e4 nauttivat vuosittain tuhannet katsojat yli maiden rajojen? Ihmeen v\u00e4ke\u00e4! tarjoaa vankkaa taustatietoa aikamme sirkussankaruudelle. Kirja sis\u00e4lt\u00e4\u00e4 laajan otoksen suomalaisen sirkuksen tekij\u00f6ist\u00e4, taustoista ja vaiheista.<\/p>\n<p>Suomenkielinen \/ 261 sivua \/ pehme\u00e4kantinen \/ 2008<\/p>\n<p>Toistaiseksi loppu! Saamme toisinaan t\u00e4t\u00e4 kirjaa k\u00e4siimme k\u00e4ytettyn\u00e4. Kysy s\u00e4hk\u00f6postitse tilannetta, jos kiinnostuit.<\/p>\n","protected":false},"excerpt":{"rendered":"<p>2000-luku on merkinnyt suomalaiselle sirkukselle suurta kulttuurista muutosta. Yh\u00e4 paremmin voivan perinteisen sirkuksen rinnalla vaikuttavat maailmalla kiit\u00e4v\u00e4t nykysirkustaiteilijat, joiden teosten estetiikka syntyy niin musiikin, tanssin kuin elokuvan innoittamana. Miten on mahdollista, ett\u00e4 suomalaisesta sirkuksesta on kehittynyt kuin yhdess\u00e4 rys\u00e4yksess\u00e4 kansainv\u00e4lisesti tunnustettu modernin esitt\u00e4v\u00e4n taiteen muoto, jonka hedelmist\u00e4 nauttivat vuosittain tuhannet katsojat yli maiden rajojen? Ihmeen [&hellip;]<\/p>\n","protected":false},"featured_media":5414,"template":"","meta":{"site-sidebar-layout":"default","site-content-layout":"default","ast-site-content-layout":"default","site-content-style":"default","site-sidebar-style":"default","ast-global-header-display":"","ast-banner-title-visibility":"","ast-main-header-display":"","ast-hfb-above-header-display":"","ast-hfb-below-header-display":"","ast-hfb-mobile-header-display":"","site-post-title":"","ast-breadcrumbs-content":"","ast-featured-img":"","footer-sml-layout":"","theme-transparent-header-meta":"default","adv-header-id-meta":"","stick-header-meta":"","header-above-stick-meta":"","header-main-stick-meta":"","header-below-stick-meta":"","astra-migrate-meta-layouts":"default","ast-page-background-enabled":"default","ast-page-background-meta":{"desktop":{"background-color":"","background-image":"","background-repeat":"repeat","background-position":"center center","background-size":"auto","background-attachment":"scroll","background-type":"","background-media":"","overlay-type":"","overlay-color":"","overlay-opacity":"","overlay-gradient":""},"tablet":{"background-color":"","background-image":"","background-repeat":"repeat","background-position":"center center","background-size":"auto","background-attachment":"scroll","background-type":"","background-media":"","overlay-type":"","overlay-color":"","overlay-opacity":"","overlay-gradient":""},"mobile":{"background-color":"","background-image":"","background-repeat":"repeat","background-position":"center center","background-size":"auto","background-attachment":"scroll","background-type":"","background-media":"","overlay-type":"","overlay-color":"","overlay-opacity":"","overlay-gradient":""}},"ast-content-background-meta":{"desktop":{"background-color":"var(--ast-global-color-5)","background-image":"","background-repeat":"repeat","background-position":"center center","background-size":"auto","background-attachment":"scroll","background-type":"","background-media":"","overlay-type":"","overlay-color":"","overlay-opacity":"","overlay-gradient":""},"tablet":{"background-color":"var(--ast-global-color-5)","background-image":"","background-repeat":"repeat","background-position":"center center","background-size":"auto","background-attachment":"scroll","background-type":"","background-media":"","overlay-type":"","overlay-color":"","overlay-opacity":"","overlay-gradient":""},"mobile":{"background-color":"var(--ast-global-color-5)","background-image":"","background-repeat":"repeat","background-position":"center center","background-size":"auto","background-attachment":"scroll","background-type":"","background-media":"","overlay-type":"","overlay-color":"","overlay-opacity":"","overlay-gradient":""}}},"product_brand":[],"product_cat":[64],"product_tag":[560,573,87,459,539,538,574],"class_list":{"0":"post-5413","1":"product","2":"type-product","3":"status-publish","4":"has-post-thumbnail","6":"product_cat-kirjat","7":"product_tag-560","8":"product_tag-ihmeen","9":"product_tag-kirja","10":"product_tag-kirjat","11":"product_tag-purovaara","12":"product_tag-tomi","13":"product_tag-vakea","14":"desktop-align-center","15":"tablet-align-left","16":"mobile-align-left","18":"first","19":"outofstock","20":"taxable","21":"shipping-taxable","22":"purchasable","23":"product-type-simple"},"_links":{"self":[{"href":"https:\/\/sirkussirkus.com\/kauppa\/wp-json\/wp\/v2\/product\/5413","targetHints":{"allow":["GET"]}}],"collection":[{"href":"https:\/\/sirkussirkus.com\/kauppa\/wp-json\/wp\/v2\/product"}],"about":[{"href":"https:\/\/sirkussirkus.com\/kauppa\/wp-json\/wp\/v2\/types\/product"}],"version-history":[{"count":1,"href":"https:\/\/sirkussirkus.com\/kauppa\/wp-json\/wp\/v2\/product\/5413\/revisions"}],"predecessor-version":[{"id":5415,"href":"https:\/\/sirkussirkus.com\/kauppa\/wp-json\/wp\/v2\/product\/5413\/revisions\/5415"}],"wp:featuredmedia":[{"embeddable":true,"href":"https:\/\/sirkussirkus.com\/kauppa\/wp-json\/wp\/v2\/media\/5414"}],"wp:attachment":[{"href":"https:\/\/sirkussirkus.com\/kauppa\/wp-json\/wp\/v2\/media?parent=5413"}],"wp:term":[{"taxonomy":"product_brand","embeddable":true,"href":"https:\/\/sirkussirkus.com\/kauppa\/wp-json\/wp\/v2\/product_brand?post=5413"},{"taxonomy":"product_cat","embeddable":true,"href":"https:\/\/sirkussirkus.com\/kauppa\/wp-json\/wp\/v2\/product_cat?post=5413"},{"taxonomy":"product_tag","embeddable":true,"href":"https:\/\/sirkussirkus.com\/kauppa\/wp-json\/wp\/v2\/product_tag?post=5413"}],"curies":[{"name":"wp","href":"https:\/\/api.w.org\/{rel}","templated":true}]}}