{"id":5410,"date":"2022-05-14T18:22:47","date_gmt":"2022-05-14T18:22:47","guid":{"rendered":"https:\/\/sirkussirkus.com\/kauppa\/?post_type=product&#038;p=5410"},"modified":"2023-09-07T05:45:13","modified_gmt":"2023-09-07T05:45:13","slug":"the-complete-juggler-dave-finnigan","status":"publish","type":"product","link":"https:\/\/sirkussirkus.com\/kauppa\/product\/the-complete-juggler-dave-finnigan\/","title":{"rendered":"The Complete Juggler &#8211; Dave Finnigan"},"content":{"rendered":"<p>(K\u00c4YTETTY) Vanha jongl\u00f6\u00f6rin raamatuksi kutsuttu teos. Ennen internetin ihmeaikaa t\u00e4m\u00e4 oli korvaamaton teos kaikille jongleerauksesta kiinnostuneille. Dave Finnigan k\u00e4y l\u00e4pi kirjassaan pallot, keilat, renkaat, diabolot, devilstickin, huivit ja hatut useiden vinkkien ja kikkojen kera. Kaikki on selke\u00e4sti kuvitettu koko kirjan mitalta. L\u00e4pi k\u00e4yd\u00e4\u00e4n my\u00f6s itse jongleerausta sivuavia aiheita, kuten ty\u00f6pajojen pit\u00e4minen, jongleerausleikit, elannon ansaitseminen jongleerauksella, jne.<\/p>\n<p>Englanninkielinen \/ 560 sivua \/ pehme\u00e4kantinen \/ 1992<\/p>\n<p>Toistaiseksi loppu! Saamme toisinaan t\u00e4t\u00e4 kirjaa k\u00e4siimme k\u00e4ytettyn\u00e4. Kysy s\u00e4hk\u00f6postitse tilannetta, jos kiinnostuit.<\/p>\n","protected":false},"excerpt":{"rendered":"<p>(K\u00c4YTETTY) Vanha jongl\u00f6\u00f6rin raamatuksi kutsuttu teos. Ennen internetin ihmeaikaa t\u00e4m\u00e4 oli korvaamaton teos kaikille jongleerauksesta kiinnostuneille. Dave Finnigan k\u00e4y l\u00e4pi kirjassaan pallot, keilat, renkaat, diabolot, devilstickin, huivit ja hatut useiden vinkkien ja kikkojen kera. Kaikki on selke\u00e4sti kuvitettu koko kirjan mitalta. L\u00e4pi k\u00e4yd\u00e4\u00e4n my\u00f6s itse jongleerausta sivuavia aiheita, kuten ty\u00f6pajojen pit\u00e4minen, jongleerausleikit, elannon ansaitseminen jongleerauksella, [&hellip;]<\/p>\n","protected":false},"featured_media":5411,"template":"","meta":{"site-sidebar-layout":"default","site-content-layout":"default","ast-site-content-layout":"default","site-content-style":"default","site-sidebar-style":"default","ast-global-header-display":"","ast-banner-title-visibility":"","ast-main-header-display":"","ast-hfb-above-header-display":"","ast-hfb-below-header-display":"","ast-hfb-mobile-header-display":"","site-post-title":"","ast-breadcrumbs-content":"","ast-featured-img":"","footer-sml-layout":"","theme-transparent-header-meta":"default","adv-header-id-meta":"","stick-header-meta":"","header-above-stick-meta":"","header-main-stick-meta":"","header-below-stick-meta":"","astra-migrate-meta-layouts":"default","ast-page-background-enabled":"default","ast-page-background-meta":{"desktop":{"background-color":"","background-image":"","background-repeat":"repeat","background-position":"center center","background-size":"auto","background-attachment":"scroll","background-type":"","background-media":"","overlay-type":"","overlay-color":"","overlay-opacity":"","overlay-gradient":""},"tablet":{"background-color":"","background-image":"","background-repeat":"repeat","background-position":"center center","background-size":"auto","background-attachment":"scroll","background-type":"","background-media":"","overlay-type":"","overlay-color":"","overlay-opacity":"","overlay-gradient":""},"mobile":{"background-color":"","background-image":"","background-repeat":"repeat","background-position":"center center","background-size":"auto","background-attachment":"scroll","background-type":"","background-media":"","overlay-type":"","overlay-color":"","overlay-opacity":"","overlay-gradient":""}},"ast-content-background-meta":{"desktop":{"background-color":"var(--ast-global-color-5)","background-image":"","background-repeat":"repeat","background-position":"center center","background-size":"auto","background-attachment":"scroll","background-type":"","background-media":"","overlay-type":"","overlay-color":"","overlay-opacity":"","overlay-gradient":""},"tablet":{"background-color":"var(--ast-global-color-5)","background-image":"","background-repeat":"repeat","background-position":"center center","background-size":"auto","background-attachment":"scroll","background-type":"","background-media":"","overlay-type":"","overlay-color":"","overlay-opacity":"","overlay-gradient":""},"mobile":{"background-color":"var(--ast-global-color-5)","background-image":"","background-repeat":"repeat","background-position":"center center","background-size":"auto","background-attachment":"scroll","background-type":"","background-media":"","overlay-type":"","overlay-color":"","overlay-opacity":"","overlay-gradient":""}}},"product_brand":[],"product_cat":[64],"product_tag":[572,571,569,570,520,87,459],"class_list":{"0":"post-5410","1":"product","2":"type-product","3":"status-publish","4":"has-post-thumbnail","6":"product_cat-kirjat","7":"product_tag-572","8":"product_tag-complete","9":"product_tag-dave","10":"product_tag-finnigan","11":"product_tag-juggler","12":"product_tag-kirja","13":"product_tag-kirjat","14":"desktop-align-center","15":"tablet-align-left","16":"mobile-align-left","18":"first","19":"instock","20":"taxable","21":"shipping-taxable","22":"purchasable","23":"product-type-simple"},"_links":{"self":[{"href":"https:\/\/sirkussirkus.com\/kauppa\/wp-json\/wp\/v2\/product\/5410","targetHints":{"allow":["GET"]}}],"collection":[{"href":"https:\/\/sirkussirkus.com\/kauppa\/wp-json\/wp\/v2\/product"}],"about":[{"href":"https:\/\/sirkussirkus.com\/kauppa\/wp-json\/wp\/v2\/types\/product"}],"version-history":[{"count":2,"href":"https:\/\/sirkussirkus.com\/kauppa\/wp-json\/wp\/v2\/product\/5410\/revisions"}],"predecessor-version":[{"id":5501,"href":"https:\/\/sirkussirkus.com\/kauppa\/wp-json\/wp\/v2\/product\/5410\/revisions\/5501"}],"wp:featuredmedia":[{"embeddable":true,"href":"https:\/\/sirkussirkus.com\/kauppa\/wp-json\/wp\/v2\/media\/5411"}],"wp:attachment":[{"href":"https:\/\/sirkussirkus.com\/kauppa\/wp-json\/wp\/v2\/media?parent=5410"}],"wp:term":[{"taxonomy":"product_brand","embeddable":true,"href":"https:\/\/sirkussirkus.com\/kauppa\/wp-json\/wp\/v2\/product_brand?post=5410"},{"taxonomy":"product_cat","embeddable":true,"href":"https:\/\/sirkussirkus.com\/kauppa\/wp-json\/wp\/v2\/product_cat?post=5410"},{"taxonomy":"product_tag","embeddable":true,"href":"https:\/\/sirkussirkus.com\/kauppa\/wp-json\/wp\/v2\/product_tag?post=5410"}],"curies":[{"name":"wp","href":"https:\/\/api.w.org\/{rel}","templated":true}]}}