{"id":5406,"date":"2022-05-14T18:21:44","date_gmt":"2022-05-14T18:21:44","guid":{"rendered":"https:\/\/sirkussirkus.com\/kauppa\/?post_type=product&#038;p=5406"},"modified":"2023-09-07T05:45:13","modified_gmt":"2023-09-07T05:45:13","slug":"diabology-tupla-dvd","status":"publish","type":"product","link":"https:\/\/sirkussirkus.com\/kauppa\/product\/diabology-tupla-dvd\/","title":{"rendered":"Diabology &#8211; Tupla DVD"},"content":{"rendered":"<p>The Mad French Posse -ryhm\u00e4n kokoelmatuplalevy, jossa toinen levy on pelkk\u00e4\u00e4 freestyle-juhlaa ja esityksi\u00e4 (noin 100 minuuttia), ja toinen levy keskittyy diabolo-opetukseen yhden diabolon perusteista l\u00e4htien aina kolmen diabolon perusteisiin asti (noin 40 minuuttia). T\u00e4m\u00e4n teoksen sanotaan innoittaneen uuden diabolo-taiteen sukupolven synty\u00e4 vuonna 2004, jolloin se ilmestyi. Opetusosio on yh\u00e4 p\u00e4tev\u00e4, ja freestyle-osio tarjoaa varmasti jotakin uutta ja innostavaa jokaiselle alan harrastajalle yli 10 vuoden i\u00e4st\u00e4\u00e4n huolimatta. Kielen\u00e4 englanti.<\/p>\n<p>Englanninkielinen \/ tuplalevy 140 min \/ 2004<\/p>\n","protected":false},"excerpt":{"rendered":"<p>The Mad French Posse -ryhm\u00e4n kokoelmatuplalevy, jossa toinen levy on pelkk\u00e4\u00e4 freestyle-juhlaa ja esityksi\u00e4 (noin 100 minuuttia), ja toinen levy keskittyy diabolo-opetukseen yhden diabolon perusteista l\u00e4htien aina kolmen diabolon perusteisiin asti (noin 40 minuuttia). T\u00e4m\u00e4n teoksen sanotaan innoittaneen uuden diabolo-taiteen sukupolven synty\u00e4 vuonna 2004, jolloin se ilmestyi. Opetusosio on yh\u00e4 p\u00e4tev\u00e4, ja freestyle-osio tarjoaa varmasti [&hellip;]<\/p>\n","protected":false},"featured_media":5407,"template":"","meta":{"site-sidebar-layout":"default","site-content-layout":"default","ast-site-content-layout":"default","site-content-style":"default","site-sidebar-style":"default","ast-global-header-display":"","ast-banner-title-visibility":"","ast-main-header-display":"","ast-hfb-above-header-display":"","ast-hfb-below-header-display":"","ast-hfb-mobile-header-display":"","site-post-title":"","ast-breadcrumbs-content":"","ast-featured-img":"","footer-sml-layout":"","theme-transparent-header-meta":"default","adv-header-id-meta":"","stick-header-meta":"","header-above-stick-meta":"","header-main-stick-meta":"","header-below-stick-meta":"","astra-migrate-meta-layouts":"default","ast-page-background-enabled":"default","ast-page-background-meta":{"desktop":{"background-color":"","background-image":"","background-repeat":"repeat","background-position":"center center","background-size":"auto","background-attachment":"scroll","background-type":"","background-media":"","overlay-type":"","overlay-color":"","overlay-opacity":"","overlay-gradient":""},"tablet":{"background-color":"","background-image":"","background-repeat":"repeat","background-position":"center center","background-size":"auto","background-attachment":"scroll","background-type":"","background-media":"","overlay-type":"","overlay-color":"","overlay-opacity":"","overlay-gradient":""},"mobile":{"background-color":"","background-image":"","background-repeat":"repeat","background-position":"center center","background-size":"auto","background-attachment":"scroll","background-type":"","background-media":"","overlay-type":"","overlay-color":"","overlay-opacity":"","overlay-gradient":""}},"ast-content-background-meta":{"desktop":{"background-color":"var(--ast-global-color-5)","background-image":"","background-repeat":"repeat","background-position":"center center","background-size":"auto","background-attachment":"scroll","background-type":"","background-media":"","overlay-type":"","overlay-color":"","overlay-opacity":"","overlay-gradient":""},"tablet":{"background-color":"var(--ast-global-color-5)","background-image":"","background-repeat":"repeat","background-position":"center center","background-size":"auto","background-attachment":"scroll","background-type":"","background-media":"","overlay-type":"","overlay-color":"","overlay-opacity":"","overlay-gradient":""},"mobile":{"background-color":"var(--ast-global-color-5)","background-image":"","background-repeat":"repeat","background-position":"center center","background-size":"auto","background-attachment":"scroll","background-type":"","background-media":"","overlay-type":"","overlay-color":"","overlay-opacity":"","overlay-gradient":""}}},"product_brand":[],"product_cat":[64],"product_tag":[565,554,567,566,568,559,558],"class_list":{"0":"post-5406","1":"product","2":"type-product","3":"status-publish","4":"has-post-thumbnail","6":"product_cat-kirjat","7":"product_tag-diabology","8":"product_tag-dvd","9":"product_tag-french","10":"product_tag-mad","11":"product_tag-posse","12":"product_tag-tallenne","13":"product_tag-tallenteet","14":"desktop-align-center","15":"tablet-align-left","16":"mobile-align-left","18":"first","19":"instock","20":"taxable","21":"shipping-taxable","22":"purchasable","23":"product-type-simple"},"_links":{"self":[{"href":"https:\/\/sirkussirkus.com\/kauppa\/wp-json\/wp\/v2\/product\/5406","targetHints":{"allow":["GET"]}}],"collection":[{"href":"https:\/\/sirkussirkus.com\/kauppa\/wp-json\/wp\/v2\/product"}],"about":[{"href":"https:\/\/sirkussirkus.com\/kauppa\/wp-json\/wp\/v2\/types\/product"}],"version-history":[{"count":2,"href":"https:\/\/sirkussirkus.com\/kauppa\/wp-json\/wp\/v2\/product\/5406\/revisions"}],"predecessor-version":[{"id":5409,"href":"https:\/\/sirkussirkus.com\/kauppa\/wp-json\/wp\/v2\/product\/5406\/revisions\/5409"}],"wp:featuredmedia":[{"embeddable":true,"href":"https:\/\/sirkussirkus.com\/kauppa\/wp-json\/wp\/v2\/media\/5407"}],"wp:attachment":[{"href":"https:\/\/sirkussirkus.com\/kauppa\/wp-json\/wp\/v2\/media?parent=5406"}],"wp:term":[{"taxonomy":"product_brand","embeddable":true,"href":"https:\/\/sirkussirkus.com\/kauppa\/wp-json\/wp\/v2\/product_brand?post=5406"},{"taxonomy":"product_cat","embeddable":true,"href":"https:\/\/sirkussirkus.com\/kauppa\/wp-json\/wp\/v2\/product_cat?post=5406"},{"taxonomy":"product_tag","embeddable":true,"href":"https:\/\/sirkussirkus.com\/kauppa\/wp-json\/wp\/v2\/product_tag?post=5406"}],"curies":[{"name":"wp","href":"https:\/\/api.w.org\/{rel}","templated":true}]}}