{"id":5403,"date":"2022-05-14T18:20:38","date_gmt":"2022-05-14T18:20:38","guid":{"rendered":"https:\/\/sirkussirkus.com\/kauppa\/?post_type=product&#038;p=5403"},"modified":"2025-09-04T06:43:30","modified_gmt":"2025-09-04T06:43:30","slug":"njc-2009-dvd","status":"publish","type":"product","link":"https:\/\/sirkussirkus.com\/kauppa\/product\/njc-2009-dvd\/","title":{"rendered":"NJC 2009 &#8211; DVD"},"content":{"rendered":"<p>Nordic Juggling Convention 2009 Turku Finland. Ainutlaatuinen taltiointi gaalaesityksest\u00e4, jota Turun Sanomat luonnehti &#8221;Suomalaisen jongleerauksen juhlaksi&#8221;. Lis\u00e4n\u00e4 dvd:ll\u00e4 my\u00f6s baari-illan esitykset. Mukana Jouni Temonen, Sakari M\u00e4nnist\u00f6, Aaro Kontio, Olli Vuorinen, Lauri Koskinen, Frida Odden Brinkmann, Rauli Kosonen, Matias Salmenaho, Antti Nerg, Jani Suihkonen, Kristian Wanvik, Samuli M\u00e4nnist\u00f6, Marko Akkanen, Jerina Hintikka, Kaj-Mikael Sch\u00fctt, Jukka Gr\u00f6nfors.<\/p>\n<p>90 min \/ 2009<\/p>\n","protected":false},"excerpt":{"rendered":"<p>Nordic Juggling Convention 2009 Turku Finland. Ainutlaatuinen taltiointi gaalaesityksest\u00e4, jota Turun Sanomat luonnehti &#8221;Suomalaisen jongleerauksen juhlaksi&#8221;. Lis\u00e4n\u00e4 dvd:ll\u00e4 my\u00f6s baari-illan esitykset. Mukana Jouni Temonen, Sakari M\u00e4nnist\u00f6, Aaro Kontio, Olli Vuorinen, Lauri Koskinen, Frida Odden Brinkmann, Rauli Kosonen, Matias Salmenaho, Antti Nerg, Jani Suihkonen, Kristian Wanvik, Samuli M\u00e4nnist\u00f6, Marko Akkanen, Jerina Hintikka, Kaj-Mikael Sch\u00fctt, Jukka Gr\u00f6nfors. [&hellip;]<\/p>\n","protected":false},"featured_media":5404,"template":"","meta":{"site-sidebar-layout":"default","site-content-layout":"default","ast-site-content-layout":"default","site-content-style":"default","site-sidebar-style":"default","ast-global-header-display":"","ast-banner-title-visibility":"","ast-main-header-display":"","ast-hfb-above-header-display":"","ast-hfb-below-header-display":"","ast-hfb-mobile-header-display":"","site-post-title":"","ast-breadcrumbs-content":"","ast-featured-img":"","footer-sml-layout":"","theme-transparent-header-meta":"default","adv-header-id-meta":"","stick-header-meta":"","header-above-stick-meta":"","header-main-stick-meta":"","header-below-stick-meta":"","astra-migrate-meta-layouts":"default","ast-page-background-enabled":"default","ast-page-background-meta":{"desktop":{"background-color":"","background-image":"","background-repeat":"repeat","background-position":"center center","background-size":"auto","background-attachment":"scroll","background-type":"","background-media":"","overlay-type":"","overlay-color":"","overlay-opacity":"","overlay-gradient":""},"tablet":{"background-color":"","background-image":"","background-repeat":"repeat","background-position":"center center","background-size":"auto","background-attachment":"scroll","background-type":"","background-media":"","overlay-type":"","overlay-color":"","overlay-opacity":"","overlay-gradient":""},"mobile":{"background-color":"","background-image":"","background-repeat":"repeat","background-position":"center center","background-size":"auto","background-attachment":"scroll","background-type":"","background-media":"","overlay-type":"","overlay-color":"","overlay-opacity":"","overlay-gradient":""}},"ast-content-background-meta":{"desktop":{"background-color":"var(--ast-global-color-5)","background-image":"","background-repeat":"repeat","background-position":"center center","background-size":"auto","background-attachment":"scroll","background-type":"","background-media":"","overlay-type":"","overlay-color":"","overlay-opacity":"","overlay-gradient":""},"tablet":{"background-color":"var(--ast-global-color-5)","background-image":"","background-repeat":"repeat","background-position":"center center","background-size":"auto","background-attachment":"scroll","background-type":"","background-media":"","overlay-type":"","overlay-color":"","overlay-opacity":"","overlay-gradient":""},"mobile":{"background-color":"var(--ast-global-color-5)","background-image":"","background-repeat":"repeat","background-position":"center center","background-size":"auto","background-attachment":"scroll","background-type":"","background-media":"","overlay-type":"","overlay-color":"","overlay-opacity":"","overlay-gradient":""}}},"product_brand":[],"product_cat":[64,677],"product_tag":[562,564,554,160,561,563,559,558],"class_list":{"0":"post-5403","1":"product","2":"type-product","3":"status-publish","4":"has-post-thumbnail","6":"product_cat-kirjat","7":"product_cat-uutuudet","8":"product_tag-562","9":"product_tag-convention","10":"product_tag-dvd","11":"product_tag-juggling","12":"product_tag-njc","13":"product_tag-nordic","14":"product_tag-tallenne","15":"product_tag-tallenteet","16":"desktop-align-center","17":"tablet-align-left","18":"mobile-align-left","20":"first","21":"instock","22":"sale","23":"taxable","24":"shipping-taxable","25":"purchasable","26":"product-type-simple"},"_links":{"self":[{"href":"https:\/\/sirkussirkus.com\/kauppa\/wp-json\/wp\/v2\/product\/5403","targetHints":{"allow":["GET"]}}],"collection":[{"href":"https:\/\/sirkussirkus.com\/kauppa\/wp-json\/wp\/v2\/product"}],"about":[{"href":"https:\/\/sirkussirkus.com\/kauppa\/wp-json\/wp\/v2\/types\/product"}],"version-history":[{"count":1,"href":"https:\/\/sirkussirkus.com\/kauppa\/wp-json\/wp\/v2\/product\/5403\/revisions"}],"predecessor-version":[{"id":5405,"href":"https:\/\/sirkussirkus.com\/kauppa\/wp-json\/wp\/v2\/product\/5403\/revisions\/5405"}],"wp:featuredmedia":[{"embeddable":true,"href":"https:\/\/sirkussirkus.com\/kauppa\/wp-json\/wp\/v2\/media\/5404"}],"wp:attachment":[{"href":"https:\/\/sirkussirkus.com\/kauppa\/wp-json\/wp\/v2\/media?parent=5403"}],"wp:term":[{"taxonomy":"product_brand","embeddable":true,"href":"https:\/\/sirkussirkus.com\/kauppa\/wp-json\/wp\/v2\/product_brand?post=5403"},{"taxonomy":"product_cat","embeddable":true,"href":"https:\/\/sirkussirkus.com\/kauppa\/wp-json\/wp\/v2\/product_cat?post=5403"},{"taxonomy":"product_tag","embeddable":true,"href":"https:\/\/sirkussirkus.com\/kauppa\/wp-json\/wp\/v2\/product_tag?post=5403"}],"curies":[{"name":"wp","href":"https:\/\/api.w.org\/{rel}","templated":true}]}}