{"id":5400,"date":"2022-05-14T18:19:13","date_gmt":"2022-05-14T18:19:13","guid":{"rendered":"https:\/\/sirkussirkus.com\/kauppa\/?post_type=product&#038;p=5400"},"modified":"2023-09-07T05:45:14","modified_gmt":"2023-09-07T05:45:14","slug":"object-episodes-never-give-up-dvd","status":"publish","type":"product","link":"https:\/\/sirkussirkus.com\/kauppa\/product\/object-episodes-never-give-up-dvd\/","title":{"rendered":"Object Episodes &#8211; Never Give Up &#8211; DVD"},"content":{"rendered":"<p>Object Episodes -sarjan kolme ensimm\u00e4ist\u00e4 osaa s<\/p>\n<p>amassa paketissa. Vuodet 2005-2007. Mukana mm. Ruotsista Erik \u00c5berg, Mattias J\u00f6nsson, Elias Hedlund, Viktor Gyllenberg. Suomesta Jouni Temonen, Matias Salmenaho. Argentiinasta Victor Rubilar. Japanista Tempei Arakawa, Masaki Hirano, Atsushi Kikyo, Takashi Kikyo. Levyll\u00e4 on yksi Matias J\u00f6nssonin suorittama temppu, joka on yleisen tiedon mukaan tehty vain yhden kerran koko maailmassa. Varastossa viel\u00e4 muutama kappale. Loppuunmyyty artikkeli muissa nettikaupoissa.<\/p>\n<p>60 min \/ 2008<\/p>\n","protected":false},"excerpt":{"rendered":"<p>Object Episodes -sarjan kolme ensimm\u00e4ist\u00e4 osaa s amassa paketissa. Vuodet 2005-2007. Mukana mm. Ruotsista Erik \u00c5berg, Mattias J\u00f6nsson, Elias Hedlund, Viktor Gyllenberg. Suomesta Jouni Temonen, Matias Salmenaho. Argentiinasta Victor Rubilar. Japanista Tempei Arakawa, Masaki Hirano, Atsushi Kikyo, Takashi Kikyo. Levyll\u00e4 on yksi Matias J\u00f6nssonin suorittama temppu, joka on yleisen tiedon mukaan tehty vain yhden kerran [&hellip;]<\/p>\n","protected":false},"featured_media":5401,"template":"","meta":{"site-sidebar-layout":"default","site-content-layout":"default","ast-site-content-layout":"default","site-content-style":"default","site-sidebar-style":"default","ast-global-header-display":"","ast-banner-title-visibility":"","ast-main-header-display":"","ast-hfb-above-header-display":"","ast-hfb-below-header-display":"","ast-hfb-mobile-header-display":"","site-post-title":"","ast-breadcrumbs-content":"","ast-featured-img":"","footer-sml-layout":"","theme-transparent-header-meta":"default","adv-header-id-meta":"","stick-header-meta":"","header-above-stick-meta":"","header-main-stick-meta":"","header-below-stick-meta":"","astra-migrate-meta-layouts":"default","ast-page-background-enabled":"default","ast-page-background-meta":{"desktop":{"background-color":"","background-image":"","background-repeat":"repeat","background-position":"center center","background-size":"auto","background-attachment":"scroll","background-type":"","background-media":"","overlay-type":"","overlay-color":"","overlay-opacity":"","overlay-gradient":""},"tablet":{"background-color":"","background-image":"","background-repeat":"repeat","background-position":"center center","background-size":"auto","background-attachment":"scroll","background-type":"","background-media":"","overlay-type":"","overlay-color":"","overlay-opacity":"","overlay-gradient":""},"mobile":{"background-color":"","background-image":"","background-repeat":"repeat","background-position":"center center","background-size":"auto","background-attachment":"scroll","background-type":"","background-media":"","overlay-type":"","overlay-color":"","overlay-opacity":"","overlay-gradient":""}},"ast-content-background-meta":{"desktop":{"background-color":"var(--ast-global-color-5)","background-image":"","background-repeat":"repeat","background-position":"center center","background-size":"auto","background-attachment":"scroll","background-type":"","background-media":"","overlay-type":"","overlay-color":"","overlay-opacity":"","overlay-gradient":""},"tablet":{"background-color":"var(--ast-global-color-5)","background-image":"","background-repeat":"repeat","background-position":"center center","background-size":"auto","background-attachment":"scroll","background-type":"","background-media":"","overlay-type":"","overlay-color":"","overlay-opacity":"","overlay-gradient":""},"mobile":{"background-color":"var(--ast-global-color-5)","background-image":"","background-repeat":"repeat","background-position":"center center","background-size":"auto","background-attachment":"scroll","background-type":"","background-media":"","overlay-type":"","overlay-color":"","overlay-opacity":"","overlay-gradient":""}}},"product_brand":[],"product_cat":[64],"product_tag":[560,554,553,556,555,552,559,558,557],"class_list":{"0":"post-5400","1":"product","2":"type-product","3":"status-publish","4":"has-post-thumbnail","6":"product_cat-kirjat","7":"product_tag-560","8":"product_tag-dvd","9":"product_tag-episodes","10":"product_tag-give","11":"product_tag-never","12":"product_tag-object","13":"product_tag-tallenne","14":"product_tag-tallenteet","15":"product_tag-up","16":"desktop-align-center","17":"tablet-align-left","18":"mobile-align-left","20":"first","21":"instock","22":"taxable","23":"shipping-taxable","24":"purchasable","25":"product-type-simple"},"_links":{"self":[{"href":"https:\/\/sirkussirkus.com\/kauppa\/wp-json\/wp\/v2\/product\/5400","targetHints":{"allow":["GET"]}}],"collection":[{"href":"https:\/\/sirkussirkus.com\/kauppa\/wp-json\/wp\/v2\/product"}],"about":[{"href":"https:\/\/sirkussirkus.com\/kauppa\/wp-json\/wp\/v2\/types\/product"}],"version-history":[{"count":1,"href":"https:\/\/sirkussirkus.com\/kauppa\/wp-json\/wp\/v2\/product\/5400\/revisions"}],"predecessor-version":[{"id":5402,"href":"https:\/\/sirkussirkus.com\/kauppa\/wp-json\/wp\/v2\/product\/5400\/revisions\/5402"}],"wp:featuredmedia":[{"embeddable":true,"href":"https:\/\/sirkussirkus.com\/kauppa\/wp-json\/wp\/v2\/media\/5401"}],"wp:attachment":[{"href":"https:\/\/sirkussirkus.com\/kauppa\/wp-json\/wp\/v2\/media?parent=5400"}],"wp:term":[{"taxonomy":"product_brand","embeddable":true,"href":"https:\/\/sirkussirkus.com\/kauppa\/wp-json\/wp\/v2\/product_brand?post=5400"},{"taxonomy":"product_cat","embeddable":true,"href":"https:\/\/sirkussirkus.com\/kauppa\/wp-json\/wp\/v2\/product_cat?post=5400"},{"taxonomy":"product_tag","embeddable":true,"href":"https:\/\/sirkussirkus.com\/kauppa\/wp-json\/wp\/v2\/product_tag?post=5400"}],"curies":[{"name":"wp","href":"https:\/\/api.w.org\/{rel}","templated":true}]}}