{"id":5396,"date":"2022-05-14T18:16:05","date_gmt":"2022-05-14T18:16:05","guid":{"rendered":"https:\/\/sirkussirkus.com\/kauppa\/?post_type=product&#038;p=5396"},"modified":"2023-09-07T05:45:14","modified_gmt":"2023-09-07T05:45:14","slug":"ballerina-hevosen-selassa-edit-sandor-kleinbarth","status":"publish","type":"product","link":"https:\/\/sirkussirkus.com\/kauppa\/product\/ballerina-hevosen-selassa-edit-sandor-kleinbarth\/","title":{"rendered":"Ballerina hevosen sel\u00e4ss\u00e4 &#8211; Edit Sandor Kleinbarth"},"content":{"rendered":"<p>Vuonna 1931 syntynyt Edit Sandor Kleinbarth oli monitaitoinen suomalainen sirkustaiteilija sek\u00e4 samalla yksi harvoista aikansa naisjongl\u00f6\u00f6reist\u00e4. Ballerina hevosen sel\u00e4ss\u00e4 on Kleinbarthin el\u00e4m\u00e4n\u00e4kerta. Se on kertomus sirkusperheest\u00e4, suvusta, sirkuksen arjesta ja juhlahetkist\u00e4. Kirja on osa Euroopan sirkushistoriaa.<\/p>\n<p>Suomenkielinen \/ 234 sivua \/ kovakantinen \/ 2007<\/p>\n","protected":false},"excerpt":{"rendered":"<p>Vuonna 1931 syntynyt Edit Sandor Kleinbarth oli monitaitoinen suomalainen sirkustaiteilija sek\u00e4 samalla yksi harvoista aikansa naisjongl\u00f6\u00f6reist\u00e4. Ballerina hevosen sel\u00e4ss\u00e4 on Kleinbarthin el\u00e4m\u00e4n\u00e4kerta. Se on kertomus sirkusperheest\u00e4, suvusta, sirkuksen arjesta ja juhlahetkist\u00e4. Kirja on osa Euroopan sirkushistoriaa. Suomenkielinen \/ 234 sivua \/ kovakantinen \/ 2007<\/p>\n","protected":false},"featured_media":5397,"template":"","meta":{"site-sidebar-layout":"default","site-content-layout":"default","ast-site-content-layout":"default","site-content-style":"default","site-sidebar-style":"default","ast-global-header-display":"","ast-banner-title-visibility":"","ast-main-header-display":"","ast-hfb-above-header-display":"","ast-hfb-below-header-display":"","ast-hfb-mobile-header-display":"","site-post-title":"","ast-breadcrumbs-content":"","ast-featured-img":"","footer-sml-layout":"","theme-transparent-header-meta":"default","adv-header-id-meta":"","stick-header-meta":"","header-above-stick-meta":"","header-main-stick-meta":"","header-below-stick-meta":"","astra-migrate-meta-layouts":"default","ast-page-background-enabled":"default","ast-page-background-meta":{"desktop":{"background-color":"","background-image":"","background-repeat":"repeat","background-position":"center center","background-size":"auto","background-attachment":"scroll","background-type":"","background-media":"","overlay-type":"","overlay-color":"","overlay-opacity":"","overlay-gradient":""},"tablet":{"background-color":"","background-image":"","background-repeat":"repeat","background-position":"center center","background-size":"auto","background-attachment":"scroll","background-type":"","background-media":"","overlay-type":"","overlay-color":"","overlay-opacity":"","overlay-gradient":""},"mobile":{"background-color":"","background-image":"","background-repeat":"repeat","background-position":"center center","background-size":"auto","background-attachment":"scroll","background-type":"","background-media":"","overlay-type":"","overlay-color":"","overlay-opacity":"","overlay-gradient":""}},"ast-content-background-meta":{"desktop":{"background-color":"var(--ast-global-color-5)","background-image":"","background-repeat":"repeat","background-position":"center center","background-size":"auto","background-attachment":"scroll","background-type":"","background-media":"","overlay-type":"","overlay-color":"","overlay-opacity":"","overlay-gradient":""},"tablet":{"background-color":"var(--ast-global-color-5)","background-image":"","background-repeat":"repeat","background-position":"center center","background-size":"auto","background-attachment":"scroll","background-type":"","background-media":"","overlay-type":"","overlay-color":"","overlay-opacity":"","overlay-gradient":""},"mobile":{"background-color":"var(--ast-global-color-5)","background-image":"","background-repeat":"repeat","background-position":"center center","background-size":"auto","background-attachment":"scroll","background-type":"","background-media":"","overlay-type":"","overlay-color":"","overlay-opacity":"","overlay-gradient":""}}},"product_brand":[],"product_cat":[64],"product_tag":[551,548,545,549,87,459,547,546,550],"class_list":{"0":"post-5396","1":"product","2":"type-product","3":"status-publish","4":"has-post-thumbnail","6":"product_cat-kirjat","7":"product_tag-551","8":"product_tag-ballerina","9":"product_tag-edit","10":"product_tag-hevosen","11":"product_tag-kirja","12":"product_tag-kirjat","13":"product_tag-kleinbarth","14":"product_tag-sandor","15":"product_tag-selassa","16":"desktop-align-center","17":"tablet-align-left","18":"mobile-align-left","20":"first","21":"instock","22":"taxable","23":"shipping-taxable","24":"purchasable","25":"product-type-simple"},"_links":{"self":[{"href":"https:\/\/sirkussirkus.com\/kauppa\/wp-json\/wp\/v2\/product\/5396","targetHints":{"allow":["GET"]}}],"collection":[{"href":"https:\/\/sirkussirkus.com\/kauppa\/wp-json\/wp\/v2\/product"}],"about":[{"href":"https:\/\/sirkussirkus.com\/kauppa\/wp-json\/wp\/v2\/types\/product"}],"version-history":[{"count":2,"href":"https:\/\/sirkussirkus.com\/kauppa\/wp-json\/wp\/v2\/product\/5396\/revisions"}],"predecessor-version":[{"id":5399,"href":"https:\/\/sirkussirkus.com\/kauppa\/wp-json\/wp\/v2\/product\/5396\/revisions\/5399"}],"wp:featuredmedia":[{"embeddable":true,"href":"https:\/\/sirkussirkus.com\/kauppa\/wp-json\/wp\/v2\/media\/5397"}],"wp:attachment":[{"href":"https:\/\/sirkussirkus.com\/kauppa\/wp-json\/wp\/v2\/media?parent=5396"}],"wp:term":[{"taxonomy":"product_brand","embeddable":true,"href":"https:\/\/sirkussirkus.com\/kauppa\/wp-json\/wp\/v2\/product_brand?post=5396"},{"taxonomy":"product_cat","embeddable":true,"href":"https:\/\/sirkussirkus.com\/kauppa\/wp-json\/wp\/v2\/product_cat?post=5396"},{"taxonomy":"product_tag","embeddable":true,"href":"https:\/\/sirkussirkus.com\/kauppa\/wp-json\/wp\/v2\/product_tag?post=5396"}],"curies":[{"name":"wp","href":"https:\/\/api.w.org\/{rel}","templated":true}]}}