{"id":5393,"date":"2022-05-14T18:15:07","date_gmt":"2022-05-14T18:15:07","guid":{"rendered":"https:\/\/sirkussirkus.com\/kauppa\/?post_type=product&#038;p=5393"},"modified":"2024-02-12T12:35:33","modified_gmt":"2024-02-12T12:35:33","slug":"klovnerian-kasikirja-jari-siljamaki","status":"publish","type":"product","link":"https:\/\/sirkussirkus.com\/kauppa\/product\/klovnerian-kasikirja-jari-siljamaki\/","title":{"rendered":"Klovnerian k\u00e4sikirja &#8211; Jari Siljam\u00e4ki"},"content":{"rendered":"<p>Yleinen harhaluulo on, ett\u00e4 klovniksi tullaan hankkimalla punainen nen\u00e4, peruukki ja lapionkokoiset keng\u00e4t. Klovnerius ei kuitenkaan tarkoita ulkoisia tekij\u00f6it\u00e4, vaan se on henkinen, sis\u00e4inen tila, joka l\u00f6ytyy kunkin klovniksi haluavan omasta persoonasta. Paras klovni on aito, oma itsens\u00e4. Klovnerian k\u00e4sikirja on ensimm\u00e4inen suomalainen klovnerian esiintymisopas. Se k\u00e4sittelee klovnerian perusasioita l\u00e4htien liikkeelle katsauksesta klovnerian historiaan sek\u00e4 erilaisiin klovnityyppeihin, edeten oman klovnihahmon l\u00f6ytymiseen sek\u00e4 esityksen suunnitteluun ja niihin periaatteisiin, jotka tekev\u00e4t klovnista klovnin. Oman lukunsa kirjassa saavat my\u00f6s mimiikka, slapstick-tekniikat sek\u00e4 klovnin rutiinit ja g\u00e4git.<\/p>\n<p>Suomenkielinen \/ 131 sivua \/ kovakantinen \/ 2010<\/p>\n","protected":false},"excerpt":{"rendered":"<p>Yleinen harhaluulo on, ett\u00e4 klovniksi tullaan hankkimalla punainen nen\u00e4, peruukki ja lapionkokoiset keng\u00e4t. Klovnerius ei kuitenkaan tarkoita ulkoisia tekij\u00f6it\u00e4, vaan se on henkinen, sis\u00e4inen tila, joka l\u00f6ytyy kunkin klovniksi haluavan omasta persoonasta. Paras klovni on aito, oma itsens\u00e4. Klovnerian k\u00e4sikirja on ensimm\u00e4inen suomalainen klovnerian esiintymisopas. Se k\u00e4sittelee klovnerian perusasioita l\u00e4htien liikkeelle katsauksesta klovnerian historiaan sek\u00e4 [&hellip;]<\/p>\n","protected":false},"featured_media":5930,"template":"","meta":{"site-sidebar-layout":"default","site-content-layout":"default","ast-site-content-layout":"default","site-content-style":"default","site-sidebar-style":"default","ast-global-header-display":"","ast-banner-title-visibility":"","ast-main-header-display":"","ast-hfb-above-header-display":"","ast-hfb-below-header-display":"","ast-hfb-mobile-header-display":"","site-post-title":"","ast-breadcrumbs-content":"","ast-featured-img":"","footer-sml-layout":"","theme-transparent-header-meta":"default","adv-header-id-meta":"","stick-header-meta":"","header-above-stick-meta":"","header-main-stick-meta":"","header-below-stick-meta":"","astra-migrate-meta-layouts":"default","ast-page-background-enabled":"default","ast-page-background-meta":{"desktop":{"background-color":"","background-image":"","background-repeat":"repeat","background-position":"center center","background-size":"auto","background-attachment":"scroll","background-type":"","background-media":"","overlay-type":"","overlay-color":"","overlay-opacity":"","overlay-gradient":""},"tablet":{"background-color":"","background-image":"","background-repeat":"repeat","background-position":"center center","background-size":"auto","background-attachment":"scroll","background-type":"","background-media":"","overlay-type":"","overlay-color":"","overlay-opacity":"","overlay-gradient":""},"mobile":{"background-color":"","background-image":"","background-repeat":"repeat","background-position":"center center","background-size":"auto","background-attachment":"scroll","background-type":"","background-media":"","overlay-type":"","overlay-color":"","overlay-opacity":"","overlay-gradient":""}},"ast-content-background-meta":{"desktop":{"background-color":"var(--ast-global-color-5)","background-image":"","background-repeat":"repeat","background-position":"center center","background-size":"auto","background-attachment":"scroll","background-type":"","background-media":"","overlay-type":"","overlay-color":"","overlay-opacity":"","overlay-gradient":""},"tablet":{"background-color":"var(--ast-global-color-5)","background-image":"","background-repeat":"repeat","background-position":"center center","background-size":"auto","background-attachment":"scroll","background-type":"","background-media":"","overlay-type":"","overlay-color":"","overlay-opacity":"","overlay-gradient":""},"mobile":{"background-color":"var(--ast-global-color-5)","background-image":"","background-repeat":"repeat","background-position":"center center","background-size":"auto","background-attachment":"scroll","background-type":"","background-media":"","overlay-type":"","overlay-color":"","overlay-opacity":"","overlay-gradient":""}}},"product_brand":[],"product_cat":[64],"product_tag":[544,542,713,87,459,712,541,707,710,543],"class_list":{"0":"post-5393","1":"product","2":"type-product","3":"status-publish","4":"has-post-thumbnail","6":"product_cat-kirjat","7":"product_tag-544","8":"product_tag-jari","9":"product_tag-kasikirja","10":"product_tag-kirja","11":"product_tag-kirjat","12":"product_tag-klovneria","13":"product_tag-klovnerian","14":"product_tag-klovni","15":"product_tag-pelle","16":"product_tag-siljamaki","17":"desktop-align-center","18":"tablet-align-left","19":"mobile-align-left","21":"first","22":"outofstock","23":"taxable","24":"shipping-taxable","25":"purchasable","26":"product-type-simple"},"_links":{"self":[{"href":"https:\/\/sirkussirkus.com\/kauppa\/wp-json\/wp\/v2\/product\/5393","targetHints":{"allow":["GET"]}}],"collection":[{"href":"https:\/\/sirkussirkus.com\/kauppa\/wp-json\/wp\/v2\/product"}],"about":[{"href":"https:\/\/sirkussirkus.com\/kauppa\/wp-json\/wp\/v2\/types\/product"}],"version-history":[{"count":2,"href":"https:\/\/sirkussirkus.com\/kauppa\/wp-json\/wp\/v2\/product\/5393\/revisions"}],"predecessor-version":[{"id":5931,"href":"https:\/\/sirkussirkus.com\/kauppa\/wp-json\/wp\/v2\/product\/5393\/revisions\/5931"}],"wp:featuredmedia":[{"embeddable":true,"href":"https:\/\/sirkussirkus.com\/kauppa\/wp-json\/wp\/v2\/media\/5930"}],"wp:attachment":[{"href":"https:\/\/sirkussirkus.com\/kauppa\/wp-json\/wp\/v2\/media?parent=5393"}],"wp:term":[{"taxonomy":"product_brand","embeddable":true,"href":"https:\/\/sirkussirkus.com\/kauppa\/wp-json\/wp\/v2\/product_brand?post=5393"},{"taxonomy":"product_cat","embeddable":true,"href":"https:\/\/sirkussirkus.com\/kauppa\/wp-json\/wp\/v2\/product_cat?post=5393"},{"taxonomy":"product_tag","embeddable":true,"href":"https:\/\/sirkussirkus.com\/kauppa\/wp-json\/wp\/v2\/product_tag?post=5393"}],"curies":[{"name":"wp","href":"https:\/\/api.w.org\/{rel}","templated":true}]}}