{"id":5390,"date":"2022-05-14T18:14:12","date_gmt":"2022-05-14T18:14:12","guid":{"rendered":"https:\/\/sirkussirkus.com\/kauppa\/?post_type=product&#038;p=5390"},"modified":"2024-04-26T03:09:43","modified_gmt":"2024-04-26T03:09:43","slug":"nykysirkus-tomi-purovaara","status":"publish","type":"product","link":"https:\/\/sirkussirkus.com\/kauppa\/product\/nykysirkus-tomi-purovaara\/","title":{"rendered":"Nykysirkus &#8211; Tomi Purovaara"},"content":{"rendered":"<p>(K\u00c4YTETTY) Ensimm\u00e4inen suomalainen nykysirkusta k\u00e4sittelev\u00e4 kirja antaa lukijalle perusteelliset avaimet uuden sirkuksen maailmaan. Kirja esittelee tarinallisesti edeten sirkuksen historiaa, muutoksen taustoja sek\u00e4 yhteyksi\u00e4 muihin taiteenlajeihin. Odotettu alan perusteos tuo n\u00e4kyv\u00e4ksi keskeisi\u00e4 taiteilijoita ja ryhmi\u00e4 Suomessa ja maailmalla \u2013 nykysirkuksessa n\u00e4emme ikivanhan perinteen t\u00e4m\u00e4n hetken silmin.<\/p>\n<p>Suomenkielinen \/ 251 sivua \/ pehme\u00e4kantinen \/ 2005<\/p>\n","protected":false},"excerpt":{"rendered":"<p>(K\u00c4YTETTY) Ensimm\u00e4inen suomalainen nykysirkusta k\u00e4sittelev\u00e4 kirja antaa lukijalle perusteelliset avaimet uuden sirkuksen maailmaan. Kirja esittelee tarinallisesti edeten sirkuksen historiaa, muutoksen taustoja sek\u00e4 yhteyksi\u00e4 muihin taiteenlajeihin. Odotettu alan perusteos tuo n\u00e4kyv\u00e4ksi keskeisi\u00e4 taiteilijoita ja ryhmi\u00e4 Suomessa ja maailmalla \u2013 nykysirkuksessa n\u00e4emme ikivanhan perinteen t\u00e4m\u00e4n hetken silmin. Suomenkielinen \/ 251 sivua \/ pehme\u00e4kantinen \/ 2005<\/p>\n","protected":false},"featured_media":5391,"template":"","meta":{"site-sidebar-layout":"default","site-content-layout":"default","ast-site-content-layout":"default","site-content-style":"default","site-sidebar-style":"default","ast-global-header-display":"","ast-banner-title-visibility":"","ast-main-header-display":"","ast-hfb-above-header-display":"","ast-hfb-below-header-display":"","ast-hfb-mobile-header-display":"","site-post-title":"","ast-breadcrumbs-content":"","ast-featured-img":"","footer-sml-layout":"","theme-transparent-header-meta":"default","adv-header-id-meta":"","stick-header-meta":"","header-above-stick-meta":"","header-main-stick-meta":"","header-below-stick-meta":"","astra-migrate-meta-layouts":"set","ast-page-background-enabled":"default","ast-page-background-meta":{"desktop":{"background-color":"","background-image":"","background-repeat":"repeat","background-position":"center center","background-size":"auto","background-attachment":"scroll","background-type":"","background-media":"","overlay-type":"","overlay-color":"","overlay-opacity":"","overlay-gradient":""},"tablet":{"background-color":"","background-image":"","background-repeat":"repeat","background-position":"center center","background-size":"auto","background-attachment":"scroll","background-type":"","background-media":"","overlay-type":"","overlay-color":"","overlay-opacity":"","overlay-gradient":""},"mobile":{"background-color":"","background-image":"","background-repeat":"repeat","background-position":"center center","background-size":"auto","background-attachment":"scroll","background-type":"","background-media":"","overlay-type":"","overlay-color":"","overlay-opacity":"","overlay-gradient":""}},"ast-content-background-meta":{"desktop":{"background-color":"var(--ast-global-color-5)","background-image":"","background-repeat":"repeat","background-position":"center center","background-size":"auto","background-attachment":"scroll","background-type":"","background-media":"","overlay-type":"","overlay-color":"","overlay-opacity":"","overlay-gradient":""},"tablet":{"background-color":"var(--ast-global-color-5)","background-image":"","background-repeat":"repeat","background-position":"center center","background-size":"auto","background-attachment":"scroll","background-type":"","background-media":"","overlay-type":"","overlay-color":"","overlay-opacity":"","overlay-gradient":""},"mobile":{"background-color":"var(--ast-global-color-5)","background-image":"","background-repeat":"repeat","background-position":"center center","background-size":"auto","background-attachment":"scroll","background-type":"","background-media":"","overlay-type":"","overlay-color":"","overlay-opacity":"","overlay-gradient":""}}},"product_brand":[],"product_cat":[64,677],"product_tag":[540,87,459,537,539,163,538],"class_list":{"0":"post-5390","1":"product","2":"type-product","3":"status-publish","4":"has-post-thumbnail","6":"product_cat-kirjat","7":"product_cat-uutuudet","8":"product_tag-540","9":"product_tag-kirja","10":"product_tag-kirjat","11":"product_tag-nyky","12":"product_tag-purovaara","13":"product_tag-sirkus","14":"product_tag-tomi","15":"desktop-align-center","16":"tablet-align-left","17":"mobile-align-left","19":"first","20":"outofstock","21":"sale","22":"taxable","23":"shipping-taxable","24":"purchasable","25":"product-type-simple"},"_links":{"self":[{"href":"https:\/\/sirkussirkus.com\/kauppa\/wp-json\/wp\/v2\/product\/5390","targetHints":{"allow":["GET"]}}],"collection":[{"href":"https:\/\/sirkussirkus.com\/kauppa\/wp-json\/wp\/v2\/product"}],"about":[{"href":"https:\/\/sirkussirkus.com\/kauppa\/wp-json\/wp\/v2\/types\/product"}],"version-history":[{"count":2,"href":"https:\/\/sirkussirkus.com\/kauppa\/wp-json\/wp\/v2\/product\/5390\/revisions"}],"predecessor-version":[{"id":5503,"href":"https:\/\/sirkussirkus.com\/kauppa\/wp-json\/wp\/v2\/product\/5390\/revisions\/5503"}],"wp:featuredmedia":[{"embeddable":true,"href":"https:\/\/sirkussirkus.com\/kauppa\/wp-json\/wp\/v2\/media\/5391"}],"wp:attachment":[{"href":"https:\/\/sirkussirkus.com\/kauppa\/wp-json\/wp\/v2\/media?parent=5390"}],"wp:term":[{"taxonomy":"product_brand","embeddable":true,"href":"https:\/\/sirkussirkus.com\/kauppa\/wp-json\/wp\/v2\/product_brand?post=5390"},{"taxonomy":"product_cat","embeddable":true,"href":"https:\/\/sirkussirkus.com\/kauppa\/wp-json\/wp\/v2\/product_cat?post=5390"},{"taxonomy":"product_tag","embeddable":true,"href":"https:\/\/sirkussirkus.com\/kauppa\/wp-json\/wp\/v2\/product_tag?post=5390"}],"curies":[{"name":"wp","href":"https:\/\/api.w.org\/{rel}","templated":true}]}}