{"id":5381,"date":"2022-05-14T18:11:20","date_gmt":"2022-05-14T18:11:20","guid":{"rendered":"https:\/\/sirkussirkus.com\/kauppa\/?post_type=product&#038;p=5381"},"modified":"2025-12-20T08:49:54","modified_gmt":"2025-12-20T08:49:54","slug":"learn-to-juggle-niels-duinker","status":"publish","type":"product","link":"https:\/\/sirkussirkus.com\/kauppa\/product\/learn-to-juggle-niels-duinker\/","title":{"rendered":"Learn to Juggle &#8211; Niels Duinker"},"content":{"rendered":"<p>Opi jongleeraamaan ja esitt\u00e4m\u00e4\u00e4n koko perheen komedianumeroita Niels Duinkerin seurassa! Jongleeraus on hauskaa! Ja t\u00e4m\u00e4n kirjan avulla opit perusteet! Niels Duinker opettaa kirjassaan jongleerauksen metkut aina nelj\u00e4\u00e4n palloon asti. Kirja sis\u00e4lt\u00e4\u00e4 my\u00f6s runsaasti vinkkej\u00e4 jongleeraustemppujen esitt\u00e4miseen sek\u00e4 valmiita jongleerausvitsej\u00e4 ja jekkuja, jotka nostavat hymyn katsojien huulille Niels takaa. Kirjan ostaja saa my\u00f6s kaupan p\u00e4\u00e4lle mahdollisuuden katsoa koko Nielsin yhden miehen esityksen sek\u00e4 bonus-videoita kirjan nettisivuilta.<\/p>\n<p>Englanninkielinen \/ 66 sivua \/ pehme\u00e4kantinen \/ 2017<\/p>\n","protected":false},"excerpt":{"rendered":"<p>Opi jongleeraamaan ja esitt\u00e4m\u00e4\u00e4n koko perheen komedianumeroita Niels Duinkerin seurassa! Jongleeraus on hauskaa! Ja t\u00e4m\u00e4n kirjan avulla opit perusteet! Niels Duinker opettaa kirjassaan jongleerauksen metkut aina nelj\u00e4\u00e4n palloon asti. Kirja sis\u00e4lt\u00e4\u00e4 my\u00f6s runsaasti vinkkej\u00e4 jongleeraustemppujen esitt\u00e4miseen sek\u00e4 valmiita jongleerausvitsej\u00e4 ja jekkuja, jotka nostavat hymyn katsojien huulille Niels takaa. Kirjan ostaja saa my\u00f6s kaupan p\u00e4\u00e4lle mahdollisuuden [&hellip;]<\/p>\n","protected":false},"featured_media":5382,"template":"","meta":{"site-sidebar-layout":"default","site-content-layout":"default","ast-site-content-layout":"default","site-content-style":"default","site-sidebar-style":"default","ast-global-header-display":"","ast-banner-title-visibility":"","ast-main-header-display":"","ast-hfb-above-header-display":"","ast-hfb-below-header-display":"","ast-hfb-mobile-header-display":"","site-post-title":"","ast-breadcrumbs-content":"","ast-featured-img":"","footer-sml-layout":"","theme-transparent-header-meta":"default","adv-header-id-meta":"","stick-header-meta":"","header-above-stick-meta":"","header-main-stick-meta":"","header-below-stick-meta":"","astra-migrate-meta-layouts":"default","ast-page-background-enabled":"default","ast-page-background-meta":{"desktop":{"background-color":"","background-image":"","background-repeat":"repeat","background-position":"center center","background-size":"auto","background-attachment":"scroll","background-type":"","background-media":"","overlay-type":"","overlay-color":"","overlay-opacity":"","overlay-gradient":""},"tablet":{"background-color":"","background-image":"","background-repeat":"repeat","background-position":"center center","background-size":"auto","background-attachment":"scroll","background-type":"","background-media":"","overlay-type":"","overlay-color":"","overlay-opacity":"","overlay-gradient":""},"mobile":{"background-color":"","background-image":"","background-repeat":"repeat","background-position":"center center","background-size":"auto","background-attachment":"scroll","background-type":"","background-media":"","overlay-type":"","overlay-color":"","overlay-opacity":"","overlay-gradient":""}},"ast-content-background-meta":{"desktop":{"background-color":"var(--ast-global-color-5)","background-image":"","background-repeat":"repeat","background-position":"center center","background-size":"auto","background-attachment":"scroll","background-type":"","background-media":"","overlay-type":"","overlay-color":"","overlay-opacity":"","overlay-gradient":""},"tablet":{"background-color":"var(--ast-global-color-5)","background-image":"","background-repeat":"repeat","background-position":"center center","background-size":"auto","background-attachment":"scroll","background-type":"","background-media":"","overlay-type":"","overlay-color":"","overlay-opacity":"","overlay-gradient":""},"mobile":{"background-color":"var(--ast-global-color-5)","background-image":"","background-repeat":"repeat","background-position":"center center","background-size":"auto","background-attachment":"scroll","background-type":"","background-media":"","overlay-type":"","overlay-color":"","overlay-opacity":"","overlay-gradient":""}}},"product_brand":[],"product_cat":[64],"product_tag":[526,362,87,459,525,469],"class_list":{"0":"post-5381","1":"product","2":"type-product","3":"status-publish","4":"has-post-thumbnail","6":"product_cat-kirjat","7":"product_tag-duinker","8":"product_tag-juggle","9":"product_tag-kirja","10":"product_tag-kirjat","11":"product_tag-learn","12":"product_tag-niels","13":"desktop-align-center","14":"tablet-align-left","15":"mobile-align-left","17":"first","18":"instock","19":"taxable","20":"shipping-taxable","21":"purchasable","22":"product-type-simple"},"_links":{"self":[{"href":"https:\/\/sirkussirkus.com\/kauppa\/wp-json\/wp\/v2\/product\/5381","targetHints":{"allow":["GET"]}}],"collection":[{"href":"https:\/\/sirkussirkus.com\/kauppa\/wp-json\/wp\/v2\/product"}],"about":[{"href":"https:\/\/sirkussirkus.com\/kauppa\/wp-json\/wp\/v2\/types\/product"}],"version-history":[{"count":1,"href":"https:\/\/sirkussirkus.com\/kauppa\/wp-json\/wp\/v2\/product\/5381\/revisions"}],"predecessor-version":[{"id":5383,"href":"https:\/\/sirkussirkus.com\/kauppa\/wp-json\/wp\/v2\/product\/5381\/revisions\/5383"}],"wp:featuredmedia":[{"embeddable":true,"href":"https:\/\/sirkussirkus.com\/kauppa\/wp-json\/wp\/v2\/media\/5382"}],"wp:attachment":[{"href":"https:\/\/sirkussirkus.com\/kauppa\/wp-json\/wp\/v2\/media?parent=5381"}],"wp:term":[{"taxonomy":"product_brand","embeddable":true,"href":"https:\/\/sirkussirkus.com\/kauppa\/wp-json\/wp\/v2\/product_brand?post=5381"},{"taxonomy":"product_cat","embeddable":true,"href":"https:\/\/sirkussirkus.com\/kauppa\/wp-json\/wp\/v2\/product_cat?post=5381"},{"taxonomy":"product_tag","embeddable":true,"href":"https:\/\/sirkussirkus.com\/kauppa\/wp-json\/wp\/v2\/product_tag?post=5381"}],"curies":[{"name":"wp","href":"https:\/\/api.w.org\/{rel}","templated":true}]}}