{"id":5378,"date":"2022-05-14T18:10:33","date_gmt":"2022-05-14T18:10:33","guid":{"rendered":"https:\/\/sirkussirkus.com\/kauppa\/?post_type=product&#038;p=5378"},"modified":"2023-09-07T05:45:15","modified_gmt":"2023-09-07T05:45:15","slug":"arjen-mentalisti-pete-poskiparta","status":"publish","type":"product","link":"https:\/\/sirkussirkus.com\/kauppa\/product\/arjen-mentalisti-pete-poskiparta\/","title":{"rendered":"Arjen mentalisti &#8211; Pete Poskiparta"},"content":{"rendered":"<p>Mentalisti Pete Poskiparta opastaa miten opit helposti ja nopeasti muistamaan ihmisten nimet, kauppalistat ja muut arjessa eteen tulevat asiat. Maailma on t\u00e4ynn\u00e4 hyvi\u00e4 ideoita, joita kukaan ei muista. T\u00e4m\u00e4n kirjan opeilla my\u00f6s ideat pysyv\u00e4t muistissa ilman lippusia ja lappusia. Mentalisti avaa kirjassa my\u00f6s kehonkielt\u00e4 ja kertoo mit\u00e4 ilmeet, eleet ja liikkeet merkitsev\u00e4t ja miten niit\u00e4 pit\u00e4isi tulkita. Saat kullanarvoisia ohjeita j\u00e4nnityksen hallintaan sek\u00e4 suoritukseen valmistautumiseen. Jotta painava asia tuntuisi keve\u00e4mm\u00e4lt\u00e4 on kirjassa mukana hauskoja kertomuksia keikkamatkoista ja viihdebisneksen kulisseista sek\u00e4 muutama helppo, mutta vaikuttava mentalistitemppu, jolla viihdyt\u00e4t yst\u00e4vi\u00e4si seuraavissa illanistujaisissa.<\/p>\n<p>Suomenkielinen \/ 176 sivua \/ kovakantinen \/ 2017<\/p>\n","protected":false},"excerpt":{"rendered":"<p>Mentalisti Pete Poskiparta opastaa miten opit helposti ja nopeasti muistamaan ihmisten nimet, kauppalistat ja muut arjessa eteen tulevat asiat. Maailma on t\u00e4ynn\u00e4 hyvi\u00e4 ideoita, joita kukaan ei muista. T\u00e4m\u00e4n kirjan opeilla my\u00f6s ideat pysyv\u00e4t muistissa ilman lippusia ja lappusia. Mentalisti avaa kirjassa my\u00f6s kehonkielt\u00e4 ja kertoo mit\u00e4 ilmeet, eleet ja liikkeet merkitsev\u00e4t ja miten niit\u00e4 [&hellip;]<\/p>\n","protected":false},"featured_media":5379,"template":"","meta":{"site-sidebar-layout":"default","site-content-layout":"default","ast-site-content-layout":"default","site-content-style":"default","site-sidebar-style":"default","ast-global-header-display":"","ast-banner-title-visibility":"","ast-main-header-display":"","ast-hfb-above-header-display":"","ast-hfb-below-header-display":"","ast-hfb-mobile-header-display":"","site-post-title":"","ast-breadcrumbs-content":"","ast-featured-img":"","footer-sml-layout":"","theme-transparent-header-meta":"default","adv-header-id-meta":"","stick-header-meta":"","header-above-stick-meta":"","header-main-stick-meta":"","header-below-stick-meta":"","astra-migrate-meta-layouts":"default","ast-page-background-enabled":"default","ast-page-background-meta":{"desktop":{"background-color":"","background-image":"","background-repeat":"repeat","background-position":"center center","background-size":"auto","background-attachment":"scroll","background-type":"","background-media":"","overlay-type":"","overlay-color":"","overlay-opacity":"","overlay-gradient":""},"tablet":{"background-color":"","background-image":"","background-repeat":"repeat","background-position":"center center","background-size":"auto","background-attachment":"scroll","background-type":"","background-media":"","overlay-type":"","overlay-color":"","overlay-opacity":"","overlay-gradient":""},"mobile":{"background-color":"","background-image":"","background-repeat":"repeat","background-position":"center center","background-size":"auto","background-attachment":"scroll","background-type":"","background-media":"","overlay-type":"","overlay-color":"","overlay-opacity":"","overlay-gradient":""}},"ast-content-background-meta":{"desktop":{"background-color":"var(--ast-global-color-5)","background-image":"","background-repeat":"repeat","background-position":"center center","background-size":"auto","background-attachment":"scroll","background-type":"","background-media":"","overlay-type":"","overlay-color":"","overlay-opacity":"","overlay-gradient":""},"tablet":{"background-color":"var(--ast-global-color-5)","background-image":"","background-repeat":"repeat","background-position":"center center","background-size":"auto","background-attachment":"scroll","background-type":"","background-media":"","overlay-type":"","overlay-color":"","overlay-opacity":"","overlay-gradient":""},"mobile":{"background-color":"var(--ast-global-color-5)","background-image":"","background-repeat":"repeat","background-position":"center center","background-size":"auto","background-attachment":"scroll","background-type":"","background-media":"","overlay-type":"","overlay-color":"","overlay-opacity":"","overlay-gradient":""}}},"product_brand":[],"product_cat":[64],"product_tag":[524,522,523,511,512],"class_list":{"0":"post-5378","1":"product","2":"type-product","3":"status-publish","4":"has-post-thumbnail","6":"product_cat-kirjat","7":"product_tag-524","8":"product_tag-arjen","9":"product_tag-mentalisti","10":"product_tag-pete","11":"product_tag-poskiparta","12":"desktop-align-center","13":"tablet-align-left","14":"mobile-align-left","16":"first","17":"instock","18":"taxable","19":"shipping-taxable","20":"purchasable","21":"product-type-simple"},"_links":{"self":[{"href":"https:\/\/sirkussirkus.com\/kauppa\/wp-json\/wp\/v2\/product\/5378","targetHints":{"allow":["GET"]}}],"collection":[{"href":"https:\/\/sirkussirkus.com\/kauppa\/wp-json\/wp\/v2\/product"}],"about":[{"href":"https:\/\/sirkussirkus.com\/kauppa\/wp-json\/wp\/v2\/types\/product"}],"version-history":[{"count":1,"href":"https:\/\/sirkussirkus.com\/kauppa\/wp-json\/wp\/v2\/product\/5378\/revisions"}],"predecessor-version":[{"id":5380,"href":"https:\/\/sirkussirkus.com\/kauppa\/wp-json\/wp\/v2\/product\/5378\/revisions\/5380"}],"wp:featuredmedia":[{"embeddable":true,"href":"https:\/\/sirkussirkus.com\/kauppa\/wp-json\/wp\/v2\/media\/5379"}],"wp:attachment":[{"href":"https:\/\/sirkussirkus.com\/kauppa\/wp-json\/wp\/v2\/media?parent=5378"}],"wp:term":[{"taxonomy":"product_brand","embeddable":true,"href":"https:\/\/sirkussirkus.com\/kauppa\/wp-json\/wp\/v2\/product_brand?post=5378"},{"taxonomy":"product_cat","embeddable":true,"href":"https:\/\/sirkussirkus.com\/kauppa\/wp-json\/wp\/v2\/product_cat?post=5378"},{"taxonomy":"product_tag","embeddable":true,"href":"https:\/\/sirkussirkus.com\/kauppa\/wp-json\/wp\/v2\/product_tag?post=5378"}],"curies":[{"name":"wp","href":"https:\/\/api.w.org\/{rel}","templated":true}]}}