{"id":5371,"date":"2022-05-14T18:08:31","date_gmt":"2022-05-14T18:08:31","guid":{"rendered":"https:\/\/sirkussirkus.com\/kauppa\/?post_type=product&#038;p=5371"},"modified":"2023-09-07T05:45:15","modified_gmt":"2023-09-07T05:45:15","slug":"huijauksen-anatomia-pete-poskiparta-ja-jose-ahonen","status":"publish","type":"product","link":"https:\/\/sirkussirkus.com\/kauppa\/product\/huijauksen-anatomia-pete-poskiparta-ja-jose-ahonen\/","title":{"rendered":"Huijauksen Anatomia &#8211; Pete Poskiparta ja Jose Ahonen"},"content":{"rendered":"<p>Kaksi ammattimentalistia ja arkihuijauksen asiantuntijaa, Pete Poskiparta ja Jose Ahonen, avaavat huijaamisen maailmaa. Miksi meit\u00e4 huijataan ja kuka meit\u00e4 huijaa? Miksi huijarin yksinkertaiset menetelm\u00e4t tehoavat ja mik\u00e4 saa meid\u00e4t suorastaan tarjoamaan itse\u00e4mme huijareiden k\u00e4ytett\u00e4v\u00e4ksi?<\/p>\n<p>Huijaus vie lukijansa kiehtovalle matkalle ihmisten korvien v\u00e4liin eli sinne miss\u00e4 huijaukset saavat alkunsa ja mihin ne yleens\u00e4 my\u00f6s p\u00e4\u00e4ttyv\u00e4t. Kirjassa avataan huijareiden menetelmi\u00e4, toimintaperiaatteita ja pohditaan lukuisten asiantuntijahaastatteluiden pohjalta huijauksen toimintaa. Oman n\u00e4kemyksens\u00e4 antavat mm. Psykiatrisen vankisairaalan ylil\u00e4\u00e4k\u00e4ri Hannu Lauerma sek\u00e4 KRP:n psykologi, joka teetti Poskiparralle ja Ahoselle valheenpaljastuskokeen.<\/p>\n<p>Mik\u00e4 paljasti valheen? Voiko ammattihuijari huijata valheenpaljastuskonetta? Kansien v\u00e4liin ker\u00e4tty tieto auttaa tunnistamaan huijarin jo kaukaa. Huijauksen anatomia saattaa siis olla hy\u00f6dyllisin kirja jonka olet lukenut pitk\u00e4\u00e4n aikaan.<\/p>\n<p>Suomenkielinen \/ 176 sivua \/ kovakantinen \/ 2018<\/p>\n","protected":false},"excerpt":{"rendered":"<p>Kaksi ammattimentalistia ja arkihuijauksen asiantuntijaa, Pete Poskiparta ja Jose Ahonen, avaavat huijaamisen maailmaa. Miksi meit\u00e4 huijataan ja kuka meit\u00e4 huijaa? Miksi huijarin yksinkertaiset menetelm\u00e4t tehoavat ja mik\u00e4 saa meid\u00e4t suorastaan tarjoamaan itse\u00e4mme huijareiden k\u00e4ytett\u00e4v\u00e4ksi? Huijaus vie lukijansa kiehtovalle matkalle ihmisten korvien v\u00e4liin eli sinne miss\u00e4 huijaukset saavat alkunsa ja mihin ne yleens\u00e4 my\u00f6s p\u00e4\u00e4ttyv\u00e4t. Kirjassa [&hellip;]<\/p>\n","protected":false},"featured_media":5372,"template":"","meta":{"site-sidebar-layout":"default","site-content-layout":"default","ast-site-content-layout":"default","site-content-style":"default","site-sidebar-style":"default","ast-global-header-display":"","ast-banner-title-visibility":"","ast-main-header-display":"","ast-hfb-above-header-display":"","ast-hfb-below-header-display":"","ast-hfb-mobile-header-display":"","site-post-title":"","ast-breadcrumbs-content":"","ast-featured-img":"","footer-sml-layout":"","theme-transparent-header-meta":"default","adv-header-id-meta":"","stick-header-meta":"","header-above-stick-meta":"","header-main-stick-meta":"","header-below-stick-meta":"","astra-migrate-meta-layouts":"default","ast-page-background-enabled":"default","ast-page-background-meta":{"desktop":{"background-color":"","background-image":"","background-repeat":"repeat","background-position":"center center","background-size":"auto","background-attachment":"scroll","background-type":"","background-media":"","overlay-type":"","overlay-color":"","overlay-opacity":"","overlay-gradient":""},"tablet":{"background-color":"","background-image":"","background-repeat":"repeat","background-position":"center center","background-size":"auto","background-attachment":"scroll","background-type":"","background-media":"","overlay-type":"","overlay-color":"","overlay-opacity":"","overlay-gradient":""},"mobile":{"background-color":"","background-image":"","background-repeat":"repeat","background-position":"center center","background-size":"auto","background-attachment":"scroll","background-type":"","background-media":"","overlay-type":"","overlay-color":"","overlay-opacity":"","overlay-gradient":""}},"ast-content-background-meta":{"desktop":{"background-color":"var(--ast-global-color-5)","background-image":"","background-repeat":"repeat","background-position":"center center","background-size":"auto","background-attachment":"scroll","background-type":"","background-media":"","overlay-type":"","overlay-color":"","overlay-opacity":"","overlay-gradient":""},"tablet":{"background-color":"var(--ast-global-color-5)","background-image":"","background-repeat":"repeat","background-position":"center center","background-size":"auto","background-attachment":"scroll","background-type":"","background-media":"","overlay-type":"","overlay-color":"","overlay-opacity":"","overlay-gradient":""},"mobile":{"background-color":"var(--ast-global-color-5)","background-image":"","background-repeat":"repeat","background-position":"center center","background-size":"auto","background-attachment":"scroll","background-type":"","background-media":"","overlay-type":"","overlay-color":"","overlay-opacity":"","overlay-gradient":""}}},"product_brand":[],"product_cat":[64],"product_tag":[517,514,516,515,513,87,459,511,512],"class_list":{"0":"post-5371","1":"product","2":"type-product","3":"status-publish","4":"has-post-thumbnail","6":"product_cat-kirjat","7":"product_tag-517","8":"product_tag-ahonen","9":"product_tag-anatomia","10":"product_tag-huijauksen","11":"product_tag-jose","12":"product_tag-kirja","13":"product_tag-kirjat","14":"product_tag-pete","15":"product_tag-poskiparta","16":"desktop-align-center","17":"tablet-align-left","18":"mobile-align-left","20":"first","21":"instock","22":"taxable","23":"shipping-taxable","24":"purchasable","25":"product-type-simple"},"_links":{"self":[{"href":"https:\/\/sirkussirkus.com\/kauppa\/wp-json\/wp\/v2\/product\/5371","targetHints":{"allow":["GET"]}}],"collection":[{"href":"https:\/\/sirkussirkus.com\/kauppa\/wp-json\/wp\/v2\/product"}],"about":[{"href":"https:\/\/sirkussirkus.com\/kauppa\/wp-json\/wp\/v2\/types\/product"}],"version-history":[{"count":1,"href":"https:\/\/sirkussirkus.com\/kauppa\/wp-json\/wp\/v2\/product\/5371\/revisions"}],"predecessor-version":[{"id":5373,"href":"https:\/\/sirkussirkus.com\/kauppa\/wp-json\/wp\/v2\/product\/5371\/revisions\/5373"}],"wp:featuredmedia":[{"embeddable":true,"href":"https:\/\/sirkussirkus.com\/kauppa\/wp-json\/wp\/v2\/media\/5372"}],"wp:attachment":[{"href":"https:\/\/sirkussirkus.com\/kauppa\/wp-json\/wp\/v2\/media?parent=5371"}],"wp:term":[{"taxonomy":"product_brand","embeddable":true,"href":"https:\/\/sirkussirkus.com\/kauppa\/wp-json\/wp\/v2\/product_brand?post=5371"},{"taxonomy":"product_cat","embeddable":true,"href":"https:\/\/sirkussirkus.com\/kauppa\/wp-json\/wp\/v2\/product_cat?post=5371"},{"taxonomy":"product_tag","embeddable":true,"href":"https:\/\/sirkussirkus.com\/kauppa\/wp-json\/wp\/v2\/product_tag?post=5371"}],"curies":[{"name":"wp","href":"https:\/\/api.w.org\/{rel}","templated":true}]}}