{"id":5368,"date":"2022-05-14T18:07:33","date_gmt":"2022-05-14T18:07:33","guid":{"rendered":"https:\/\/sirkussirkus.com\/kauppa\/?post_type=product&#038;p=5368"},"modified":"2023-09-07T05:45:16","modified_gmt":"2023-09-07T05:45:16","slug":"suuri-ukulelekirja-markus-rantanen","status":"publish","type":"product","link":"https:\/\/sirkussirkus.com\/kauppa\/product\/suuri-ukulelekirja-markus-rantanen\/","title":{"rendered":"Suuri Ukulelekirja &#8211; Markus Rantanen"},"content":{"rendered":"<p>Suuri ukulelekirja on inspiroiva tietol\u00e4hde jokaiselle t\u00e4m\u00e4n koko maailman tunteman minisoittimen historiasta tai soitosta kiinnostuneelle. Kirja kertoo ukulelen tarinan Madeiralta Havaijin kautta maailmalle, ja opastaa aloittelijat mukavalle matkalle musiikin maailmaan. Lukuel\u00e4myst\u00e4 siivitt\u00e4v\u00e4t lukuisat v\u00e4rikuvat.<\/p>\n<p>Ehk\u00e4 muistat, millainen oli amerikkalaiskoomikoiden Stan Laurelin ja Oliver Hardyn rooli ukulelen historiassa. Mutta tiesitk\u00f6, ett\u00e4 suomalainen kuplettimestari ja sota-ajan suosikkilaulaja Matti Jurva kirjoitti aikanaan ensimm\u00e4isen suomenkielisen ukuleleoppaan?<\/p>\n<p>Historiaosuutta t\u00e4ydent\u00e4\u00e4 tasavahvasti suomalaisten ukeharrastajien tarpeisiin luotu opetusosuus. Se on suunnattu erityisesti soittoharrastustaan aloitteleville. Ukulele-tuntijat ja -opettajat Arto Julkunen ja Markus Rantanen ovat koonneet suomalaisille tuhdin tieto- ja opetuspaketin, josta p\u00e4\u00e4sev\u00e4t nauttimaan niin lapset kuin aikuisetkin.<\/p>\n<p>Suomenkielinen \/ 360 sivua \/ kovakantinen \/ 2019<\/p>\n","protected":false},"excerpt":{"rendered":"<p>Suuri ukulelekirja on inspiroiva tietol\u00e4hde jokaiselle t\u00e4m\u00e4n koko maailman tunteman minisoittimen historiasta tai soitosta kiinnostuneelle. Kirja kertoo ukulelen tarinan Madeiralta Havaijin kautta maailmalle, ja opastaa aloittelijat mukavalle matkalle musiikin maailmaan. Lukuel\u00e4myst\u00e4 siivitt\u00e4v\u00e4t lukuisat v\u00e4rikuvat. Ehk\u00e4 muistat, millainen oli amerikkalaiskoomikoiden Stan Laurelin ja Oliver Hardyn rooli ukulelen historiassa. Mutta tiesitk\u00f6, ett\u00e4 suomalainen kuplettimestari ja sota-ajan suosikkilaulaja [&hellip;]<\/p>\n","protected":false},"featured_media":5369,"template":"","meta":{"site-sidebar-layout":"default","site-content-layout":"default","ast-site-content-layout":"default","site-content-style":"default","site-sidebar-style":"default","ast-global-header-display":"","ast-banner-title-visibility":"","ast-main-header-display":"","ast-hfb-above-header-display":"","ast-hfb-below-header-display":"","ast-hfb-mobile-header-display":"","site-post-title":"","ast-breadcrumbs-content":"","ast-featured-img":"","footer-sml-layout":"","theme-transparent-header-meta":"default","adv-header-id-meta":"","stick-header-meta":"","header-above-stick-meta":"","header-main-stick-meta":"","header-below-stick-meta":"","astra-migrate-meta-layouts":"default","ast-page-background-enabled":"default","ast-page-background-meta":{"desktop":{"background-color":"","background-image":"","background-repeat":"repeat","background-position":"center center","background-size":"auto","background-attachment":"scroll","background-type":"","background-media":"","overlay-type":"","overlay-color":"","overlay-opacity":"","overlay-gradient":""},"tablet":{"background-color":"","background-image":"","background-repeat":"repeat","background-position":"center center","background-size":"auto","background-attachment":"scroll","background-type":"","background-media":"","overlay-type":"","overlay-color":"","overlay-opacity":"","overlay-gradient":""},"mobile":{"background-color":"","background-image":"","background-repeat":"repeat","background-position":"center center","background-size":"auto","background-attachment":"scroll","background-type":"","background-media":"","overlay-type":"","overlay-color":"","overlay-opacity":"","overlay-gradient":""}},"ast-content-background-meta":{"desktop":{"background-color":"var(--ast-global-color-5)","background-image":"","background-repeat":"repeat","background-position":"center center","background-size":"auto","background-attachment":"scroll","background-type":"","background-media":"","overlay-type":"","overlay-color":"","overlay-opacity":"","overlay-gradient":""},"tablet":{"background-color":"var(--ast-global-color-5)","background-image":"","background-repeat":"repeat","background-position":"center center","background-size":"auto","background-attachment":"scroll","background-type":"","background-media":"","overlay-type":"","overlay-color":"","overlay-opacity":"","overlay-gradient":""},"mobile":{"background-color":"var(--ast-global-color-5)","background-image":"","background-repeat":"repeat","background-position":"center center","background-size":"auto","background-attachment":"scroll","background-type":"","background-media":"","overlay-type":"","overlay-color":"","overlay-opacity":"","overlay-gradient":""}}},"product_brand":[],"product_cat":[64],"product_tag":[500,87,459,509,510,508,507],"class_list":{"0":"post-5368","1":"product","2":"type-product","3":"status-publish","4":"has-post-thumbnail","6":"product_cat-kirjat","7":"product_tag-500","8":"product_tag-kirja","9":"product_tag-kirjat","10":"product_tag-markus","11":"product_tag-rantanen","12":"product_tag-suuri","13":"product_tag-ukulele","14":"desktop-align-center","15":"tablet-align-left","16":"mobile-align-left","18":"first","19":"instock","20":"taxable","21":"shipping-taxable","22":"purchasable","23":"product-type-simple"},"_links":{"self":[{"href":"https:\/\/sirkussirkus.com\/kauppa\/wp-json\/wp\/v2\/product\/5368","targetHints":{"allow":["GET"]}}],"collection":[{"href":"https:\/\/sirkussirkus.com\/kauppa\/wp-json\/wp\/v2\/product"}],"about":[{"href":"https:\/\/sirkussirkus.com\/kauppa\/wp-json\/wp\/v2\/types\/product"}],"version-history":[{"count":1,"href":"https:\/\/sirkussirkus.com\/kauppa\/wp-json\/wp\/v2\/product\/5368\/revisions"}],"predecessor-version":[{"id":5370,"href":"https:\/\/sirkussirkus.com\/kauppa\/wp-json\/wp\/v2\/product\/5368\/revisions\/5370"}],"wp:featuredmedia":[{"embeddable":true,"href":"https:\/\/sirkussirkus.com\/kauppa\/wp-json\/wp\/v2\/media\/5369"}],"wp:attachment":[{"href":"https:\/\/sirkussirkus.com\/kauppa\/wp-json\/wp\/v2\/media?parent=5368"}],"wp:term":[{"taxonomy":"product_brand","embeddable":true,"href":"https:\/\/sirkussirkus.com\/kauppa\/wp-json\/wp\/v2\/product_brand?post=5368"},{"taxonomy":"product_cat","embeddable":true,"href":"https:\/\/sirkussirkus.com\/kauppa\/wp-json\/wp\/v2\/product_cat?post=5368"},{"taxonomy":"product_tag","embeddable":true,"href":"https:\/\/sirkussirkus.com\/kauppa\/wp-json\/wp\/v2\/product_tag?post=5368"}],"curies":[{"name":"wp","href":"https:\/\/api.w.org\/{rel}","templated":true}]}}