{"id":5365,"date":"2022-05-14T18:06:47","date_gmt":"2022-05-14T18:06:47","guid":{"rendered":"https:\/\/sirkussirkus.com\/kauppa\/?post_type=product&#038;p=5365"},"modified":"2024-11-13T08:14:11","modified_gmt":"2024-11-13T08:14:11","slug":"juggling-from-antiquity-to-the-middle-ages-thom-wall","status":"publish","type":"product","link":"https:\/\/sirkussirkus.com\/kauppa\/product\/juggling-from-antiquity-to-the-middle-ages-thom-wall\/","title":{"rendered":"Juggling &#8211; From Antiquity to the Middle Ages &#8211; Thom Wall"},"content":{"rendered":"<p>Ihmiset ovat heitelleet esineit\u00e4 jo vuosituhansien ajan joka puolella maailmaa viihdytt\u00e4misen, leikin ja rituaalien vuoksi. Kirjassaan kansainv\u00e4lisesti tunnettu jongl\u00f6\u00f6ri Thom Wall vie lukijat j\u00e4nnitt\u00e4v\u00e4lle matkalle jongleerauksen historiaan tutkimalla t\u00e4t\u00e4 fyysist\u00e4 taitoa erilaisissa kulttuureissa eri aikakausina.<\/p>\n<p>Teos on l\u00e4ht\u00f6kohdiltaan akateeminen, mutta helppolukuinen. Se on yksityiskohtainen katsaus jongleerauksen kehitykseen ja kasvuun suurkaupungeissa sek\u00e4 syrj\u00e4isemmiss\u00e4 kohteissa ymp\u00e4ri maailman. Kirja alkaa muinaisesta Egyptist\u00e4 ja p\u00e4\u00e4ttyy keskiajalle. Kirjassa tarkastellaan jongleerauksen historiaa eritt\u00e4in perusteellisesti lukuisten tieteellisten teosten kautta.<\/p>\n<p>Wallin antropologiaa ja historiaa yhdistelev\u00e4 ainutlaatuinen teos on mukaansatempaavaa luettavaa ja se sopii sirkusammattilaisille sek\u00e4 maallikoille.<\/p>\n<p>Englanninkielinen \/ 129 sivua \/ pehme\u00e4kantinen \/ 2019<\/p>\n","protected":false},"excerpt":{"rendered":"<p>Ihmiset ovat heitelleet esineit\u00e4 jo vuosituhansien ajan joka puolella maailmaa viihdytt\u00e4misen, leikin ja rituaalien vuoksi. Kirjassaan kansainv\u00e4lisesti tunnettu jongl\u00f6\u00f6ri Thom Wall vie lukijat j\u00e4nnitt\u00e4v\u00e4lle matkalle jongleerauksen historiaan tutkimalla t\u00e4t\u00e4 fyysist\u00e4 taitoa erilaisissa kulttuureissa eri aikakausina. Teos on l\u00e4ht\u00f6kohdiltaan akateeminen, mutta helppolukuinen. Se on yksityiskohtainen katsaus jongleerauksen kehitykseen ja kasvuun suurkaupungeissa sek\u00e4 syrj\u00e4isemmiss\u00e4 kohteissa ymp\u00e4ri maailman. [&hellip;]<\/p>\n","protected":false},"featured_media":5366,"template":"","meta":{"site-sidebar-layout":"default","site-content-layout":"default","ast-site-content-layout":"default","site-content-style":"default","site-sidebar-style":"default","ast-global-header-display":"","ast-banner-title-visibility":"","ast-main-header-display":"","ast-hfb-above-header-display":"","ast-hfb-below-header-display":"","ast-hfb-mobile-header-display":"","site-post-title":"","ast-breadcrumbs-content":"","ast-featured-img":"","footer-sml-layout":"","theme-transparent-header-meta":"default","adv-header-id-meta":"","stick-header-meta":"","header-above-stick-meta":"","header-main-stick-meta":"","header-below-stick-meta":"","astra-migrate-meta-layouts":"default","ast-page-background-enabled":"default","ast-page-background-meta":{"desktop":{"background-color":"","background-image":"","background-repeat":"repeat","background-position":"center center","background-size":"auto","background-attachment":"scroll","background-type":"","background-media":"","overlay-type":"","overlay-color":"","overlay-opacity":"","overlay-gradient":""},"tablet":{"background-color":"","background-image":"","background-repeat":"repeat","background-position":"center center","background-size":"auto","background-attachment":"scroll","background-type":"","background-media":"","overlay-type":"","overlay-color":"","overlay-opacity":"","overlay-gradient":""},"mobile":{"background-color":"","background-image":"","background-repeat":"repeat","background-position":"center center","background-size":"auto","background-attachment":"scroll","background-type":"","background-media":"","overlay-type":"","overlay-color":"","overlay-opacity":"","overlay-gradient":""}},"ast-content-background-meta":{"desktop":{"background-color":"var(--ast-global-color-5)","background-image":"","background-repeat":"repeat","background-position":"center center","background-size":"auto","background-attachment":"scroll","background-type":"","background-media":"","overlay-type":"","overlay-color":"","overlay-opacity":"","overlay-gradient":""},"tablet":{"background-color":"var(--ast-global-color-5)","background-image":"","background-repeat":"repeat","background-position":"center center","background-size":"auto","background-attachment":"scroll","background-type":"","background-media":"","overlay-type":"","overlay-color":"","overlay-opacity":"","overlay-gradient":""},"mobile":{"background-color":"var(--ast-global-color-5)","background-image":"","background-repeat":"repeat","background-position":"center center","background-size":"auto","background-attachment":"scroll","background-type":"","background-media":"","overlay-type":"","overlay-color":"","overlay-opacity":"","overlay-gradient":""}}},"product_brand":[],"product_cat":[64],"product_tag":[504,502,501,160,87,459,503,505,506],"class_list":{"0":"post-5365","1":"product","2":"type-product","3":"status-publish","4":"has-post-thumbnail","6":"product_cat-kirjat","7":"product_tag-ages","8":"product_tag-antiquity","9":"product_tag-from","10":"product_tag-juggling","11":"product_tag-kirja","12":"product_tag-kirjat","13":"product_tag-middle","14":"product_tag-thom","15":"product_tag-wall","16":"desktop-align-center","17":"tablet-align-left","18":"mobile-align-left","20":"first","21":"outofstock","22":"taxable","23":"shipping-taxable","24":"purchasable","25":"product-type-simple"},"_links":{"self":[{"href":"https:\/\/sirkussirkus.com\/kauppa\/wp-json\/wp\/v2\/product\/5365","targetHints":{"allow":["GET"]}}],"collection":[{"href":"https:\/\/sirkussirkus.com\/kauppa\/wp-json\/wp\/v2\/product"}],"about":[{"href":"https:\/\/sirkussirkus.com\/kauppa\/wp-json\/wp\/v2\/types\/product"}],"version-history":[{"count":1,"href":"https:\/\/sirkussirkus.com\/kauppa\/wp-json\/wp\/v2\/product\/5365\/revisions"}],"predecessor-version":[{"id":5367,"href":"https:\/\/sirkussirkus.com\/kauppa\/wp-json\/wp\/v2\/product\/5365\/revisions\/5367"}],"wp:featuredmedia":[{"embeddable":true,"href":"https:\/\/sirkussirkus.com\/kauppa\/wp-json\/wp\/v2\/media\/5366"}],"wp:attachment":[{"href":"https:\/\/sirkussirkus.com\/kauppa\/wp-json\/wp\/v2\/media?parent=5365"}],"wp:term":[{"taxonomy":"product_brand","embeddable":true,"href":"https:\/\/sirkussirkus.com\/kauppa\/wp-json\/wp\/v2\/product_brand?post=5365"},{"taxonomy":"product_cat","embeddable":true,"href":"https:\/\/sirkussirkus.com\/kauppa\/wp-json\/wp\/v2\/product_cat?post=5365"},{"taxonomy":"product_tag","embeddable":true,"href":"https:\/\/sirkussirkus.com\/kauppa\/wp-json\/wp\/v2\/product_tag?post=5365"}],"curies":[{"name":"wp","href":"https:\/\/api.w.org\/{rel}","templated":true}]}}