{"id":5357,"date":"2022-05-14T18:04:47","date_gmt":"2022-05-14T18:04:47","guid":{"rendered":"https:\/\/sirkussirkus.com\/kauppa\/?post_type=product&#038;p=5357"},"modified":"2025-05-31T07:56:36","modified_gmt":"2025-05-31T07:56:36","slug":"the-art-of-juggling-nikolay-ernestovich-bauman","status":"publish","type":"product","link":"https:\/\/sirkussirkus.com\/kauppa\/product\/the-art-of-juggling-nikolay-ernestovich-bauman\/","title":{"rendered":"The Art of Juggling &#8211; Nikolay Ernestovich Bauman"},"content":{"rendered":"<div class=\"product-text\">\n<p>Neuvostoliiton sirkuskoulut kouluttivat jotkut viime vuosisadan parhaista teknisist\u00e4 jongl\u00f6\u00f6reist\u00e4. Jos sinua kiinnostaa jongleeraustaitojesi kehitys, nyt voit vihdoin syvent\u00e4\u00e4 osaamistasi samasta kirjasta kuin suuret neuvostojongl\u00f6\u00f6rit aikanaan.<\/p>\n<p>Nikolay E. Bauman oli tunnettu ven\u00e4l\u00e4inen jongl\u00f6\u00f6ri, joka valmistui Moskovan Valtiollisesta Sirkus- ja Varieteetaiteen koulusta vuonna 1930. H\u00e4nest\u00e4 tuli professori samaiseen kouluun vuonna 1947. Nyt h\u00e4nen alunperin vuonna 1962 julkaisema kirja on vihdoin k\u00e4\u00e4nnetty englanniksi.<\/p>\n<p>153 sivua pelkk\u00e4\u00e4 asiaa sek\u00e4 169 havainnollistavaa piirustusta tarjoavat jokaiselle jongl\u00f6\u00f6rillekin jotain uutta. Tekniikka, ajatusmallit ja harjoitukset k\u00e4yd\u00e4\u00e4n l\u00e4pi perinpohjaisesti. Perusteet, menneiden aikojen unohdetut erikoistemput sek\u00e4 monien suurten jongl\u00f6\u00f6rien legendaarisia temppuja selitet\u00e4\u00e4n ja k\u00e4yd\u00e4\u00e4n l\u00e4pi kirjan sivuilla. Selostusta l\u00f6ytyy my\u00f6s itserakennetuista v\u00e4lineist\u00e4 sek\u00e4 passailusta.<\/p>\n<p>Kauttaaltaan korvaamaton ja \u00e4\u00e4rimm\u00e4isen kiinnostava teos.<\/p>\n<p>Englanninkielinen \/ 153 sivua \/ pehme\u00e4kantinen \/ 2019 (1962)<\/p>\n<\/div>\n","protected":false},"excerpt":{"rendered":"<p>Neuvostoliiton sirkuskoulut kouluttivat jotkut viime vuosisadan parhaista teknisist\u00e4 jongl\u00f6\u00f6reist\u00e4. Jos sinua kiinnostaa jongleeraustaitojesi kehitys, nyt voit vihdoin syvent\u00e4\u00e4 osaamistasi samasta kirjasta kuin suuret neuvostojongl\u00f6\u00f6rit aikanaan. Nikolay E. Bauman oli tunnettu ven\u00e4l\u00e4inen jongl\u00f6\u00f6ri, joka valmistui Moskovan Valtiollisesta Sirkus- ja Varieteetaiteen koulusta vuonna 1930. H\u00e4nest\u00e4 tuli professori samaiseen kouluun vuonna 1947. Nyt h\u00e4nen alunperin vuonna 1962 julkaisema [&hellip;]<\/p>\n","protected":false},"featured_media":5358,"template":"","meta":{"site-sidebar-layout":"default","site-content-layout":"default","ast-site-content-layout":"default","site-content-style":"default","site-sidebar-style":"default","ast-global-header-display":"","ast-banner-title-visibility":"","ast-main-header-display":"","ast-hfb-above-header-display":"","ast-hfb-below-header-display":"","ast-hfb-mobile-header-display":"","site-post-title":"","ast-breadcrumbs-content":"","ast-featured-img":"","footer-sml-layout":"","theme-transparent-header-meta":"default","adv-header-id-meta":"","stick-header-meta":"","header-above-stick-meta":"","header-main-stick-meta":"","header-below-stick-meta":"","astra-migrate-meta-layouts":"default","ast-page-background-enabled":"default","ast-page-background-meta":{"desktop":{"background-color":"","background-image":"","background-repeat":"repeat","background-position":"center center","background-size":"auto","background-attachment":"scroll","background-type":"","background-media":"","overlay-type":"","overlay-color":"","overlay-opacity":"","overlay-gradient":""},"tablet":{"background-color":"","background-image":"","background-repeat":"repeat","background-position":"center center","background-size":"auto","background-attachment":"scroll","background-type":"","background-media":"","overlay-type":"","overlay-color":"","overlay-opacity":"","overlay-gradient":""},"mobile":{"background-color":"","background-image":"","background-repeat":"repeat","background-position":"center center","background-size":"auto","background-attachment":"scroll","background-type":"","background-media":"","overlay-type":"","overlay-color":"","overlay-opacity":"","overlay-gradient":""}},"ast-content-background-meta":{"desktop":{"background-color":"var(--ast-global-color-5)","background-image":"","background-repeat":"repeat","background-position":"center center","background-size":"auto","background-attachment":"scroll","background-type":"","background-media":"","overlay-type":"","overlay-color":"","overlay-opacity":"","overlay-gradient":""},"tablet":{"background-color":"var(--ast-global-color-5)","background-image":"","background-repeat":"repeat","background-position":"center center","background-size":"auto","background-attachment":"scroll","background-type":"","background-media":"","overlay-type":"","overlay-color":"","overlay-opacity":"","overlay-gradient":""},"mobile":{"background-color":"var(--ast-global-color-5)","background-image":"","background-repeat":"repeat","background-position":"center center","background-size":"auto","background-attachment":"scroll","background-type":"","background-media":"","overlay-type":"","overlay-color":"","overlay-opacity":"","overlay-gradient":""}}},"product_brand":[],"product_cat":[64],"product_tag":[472,496,495,160,87,459,494,493],"class_list":{"0":"post-5357","1":"product","2":"type-product","3":"status-publish","4":"has-post-thumbnail","6":"product_cat-kirjat","7":"product_tag-art","8":"product_tag-bauman","9":"product_tag-ernestovich","10":"product_tag-juggling","11":"product_tag-kirja","12":"product_tag-kirjat","13":"product_tag-nikolay","14":"product_tag-of","15":"desktop-align-center","16":"tablet-align-left","17":"mobile-align-left","19":"first","20":"instock","21":"taxable","22":"shipping-taxable","23":"purchasable","24":"product-type-simple"},"_links":{"self":[{"href":"https:\/\/sirkussirkus.com\/kauppa\/wp-json\/wp\/v2\/product\/5357","targetHints":{"allow":["GET"]}}],"collection":[{"href":"https:\/\/sirkussirkus.com\/kauppa\/wp-json\/wp\/v2\/product"}],"about":[{"href":"https:\/\/sirkussirkus.com\/kauppa\/wp-json\/wp\/v2\/types\/product"}],"version-history":[{"count":1,"href":"https:\/\/sirkussirkus.com\/kauppa\/wp-json\/wp\/v2\/product\/5357\/revisions"}],"predecessor-version":[{"id":5361,"href":"https:\/\/sirkussirkus.com\/kauppa\/wp-json\/wp\/v2\/product\/5357\/revisions\/5361"}],"wp:featuredmedia":[{"embeddable":true,"href":"https:\/\/sirkussirkus.com\/kauppa\/wp-json\/wp\/v2\/media\/5358"}],"wp:attachment":[{"href":"https:\/\/sirkussirkus.com\/kauppa\/wp-json\/wp\/v2\/media?parent=5357"}],"wp:term":[{"taxonomy":"product_brand","embeddable":true,"href":"https:\/\/sirkussirkus.com\/kauppa\/wp-json\/wp\/v2\/product_brand?post=5357"},{"taxonomy":"product_cat","embeddable":true,"href":"https:\/\/sirkussirkus.com\/kauppa\/wp-json\/wp\/v2\/product_cat?post=5357"},{"taxonomy":"product_tag","embeddable":true,"href":"https:\/\/sirkussirkus.com\/kauppa\/wp-json\/wp\/v2\/product_tag?post=5357"}],"curies":[{"name":"wp","href":"https:\/\/api.w.org\/{rel}","templated":true}]}}