{"id":5352,"date":"2022-05-14T18:03:19","date_gmt":"2022-05-14T18:03:19","guid":{"rendered":"https:\/\/sirkussirkus.com\/kauppa\/?post_type=product&#038;p=5352"},"modified":"2023-09-07T05:46:10","modified_gmt":"2023-09-07T05:46:10","slug":"cigar-box-manipulation-reginald-w-bacon","status":"publish","type":"product","link":"https:\/\/sirkussirkus.com\/kauppa\/product\/cigar-box-manipulation-reginald-w-bacon\/","title":{"rendered":"Cigar Box Manipulation &#8211; Reginald W. Bacon"},"content":{"rendered":"<div class=\"product-text\">\n<p>&#8221;The Juggler&#8217;s Manual of Cigar Box Manipulation &amp; Balance&#8221; on haluttu teos kaikkien lukuisien sikarilaatikkojongl\u00f6\u00f6rien keskuudessa.<\/p>\n<p>Vaatimattomasta koostaan huolimatta teos selitt\u00e4\u00e4 ja kuvailee yli 200 liikett\u00e4, temppua, tasapainotteluasentoa ja jekkua sikarilaatikoilla &#8211; johtaen satoihin ja satoihin erilaisiin yhdistelmiin.<\/p>\n<p>&#8221;Kaikki mit\u00e4 sinun tarvitsee tiet\u00e4\u00e4 oppiaksesi ja esiinty\u00e4ksesi sikarilaatikoiden kanssa. J\u00e4rkev\u00e4sti ja huolellisesti rakennettu sek\u00e4 hyvin kirjoitettu kirja kokeneelta opettajalta.&#8221; &#8211; Juggler&#8217;s World Magazine<\/p>\n<p>Englanninkielinen \/ 100 sivua \/ pehme\u00e4kantinen \/ 1983<\/p>\n<\/div>\n","protected":false},"excerpt":{"rendered":"<p>&#8221;The Juggler&#8217;s Manual of Cigar Box Manipulation &amp; Balance&#8221; on haluttu teos kaikkien lukuisien sikarilaatikkojongl\u00f6\u00f6rien keskuudessa. Vaatimattomasta koostaan huolimatta teos selitt\u00e4\u00e4 ja kuvailee yli 200 liikett\u00e4, temppua, tasapainotteluasentoa ja jekkua sikarilaatikoilla &#8211; johtaen satoihin ja satoihin erilaisiin yhdistelmiin. &#8221;Kaikki mit\u00e4 sinun tarvitsee tiet\u00e4\u00e4 oppiaksesi ja esiinty\u00e4ksesi sikarilaatikoiden kanssa. J\u00e4rkev\u00e4sti ja huolellisesti rakennettu sek\u00e4 hyvin kirjoitettu [&hellip;]<\/p>\n","protected":false},"featured_media":5353,"template":"","meta":{"site-sidebar-layout":"default","site-content-layout":"default","ast-site-content-layout":"default","site-content-style":"default","site-sidebar-style":"default","ast-global-header-display":"","ast-banner-title-visibility":"","ast-main-header-display":"","ast-hfb-above-header-display":"","ast-hfb-below-header-display":"","ast-hfb-mobile-header-display":"","site-post-title":"","ast-breadcrumbs-content":"","ast-featured-img":"","footer-sml-layout":"","theme-transparent-header-meta":"default","adv-header-id-meta":"","stick-header-meta":"","header-above-stick-meta":"","header-main-stick-meta":"","header-below-stick-meta":"","astra-migrate-meta-layouts":"default","ast-page-background-enabled":"default","ast-page-background-meta":{"desktop":{"background-color":"","background-image":"","background-repeat":"repeat","background-position":"center center","background-size":"auto","background-attachment":"scroll","background-type":"","background-media":"","overlay-type":"","overlay-color":"","overlay-opacity":"","overlay-gradient":""},"tablet":{"background-color":"","background-image":"","background-repeat":"repeat","background-position":"center center","background-size":"auto","background-attachment":"scroll","background-type":"","background-media":"","overlay-type":"","overlay-color":"","overlay-opacity":"","overlay-gradient":""},"mobile":{"background-color":"","background-image":"","background-repeat":"repeat","background-position":"center center","background-size":"auto","background-attachment":"scroll","background-type":"","background-media":"","overlay-type":"","overlay-color":"","overlay-opacity":"","overlay-gradient":""}},"ast-content-background-meta":{"desktop":{"background-color":"var(--ast-global-color-5)","background-image":"","background-repeat":"repeat","background-position":"center center","background-size":"auto","background-attachment":"scroll","background-type":"","background-media":"","overlay-type":"","overlay-color":"","overlay-opacity":"","overlay-gradient":""},"tablet":{"background-color":"var(--ast-global-color-5)","background-image":"","background-repeat":"repeat","background-position":"center center","background-size":"auto","background-attachment":"scroll","background-type":"","background-media":"","overlay-type":"","overlay-color":"","overlay-opacity":"","overlay-gradient":""},"mobile":{"background-color":"var(--ast-global-color-5)","background-image":"","background-repeat":"repeat","background-position":"center center","background-size":"auto","background-attachment":"scroll","background-type":"","background-media":"","overlay-type":"","overlay-color":"","overlay-opacity":"","overlay-gradient":""}}},"product_brand":[],"product_cat":[64],"product_tag":[482,491,490,87,459,492,481],"class_list":{"0":"post-5352","1":"product","2":"type-product","3":"status-publish","4":"has-post-thumbnail","6":"product_cat-kirjat","7":"product_tag-bacon","8":"product_tag-box","9":"product_tag-cigar","10":"product_tag-kirja","11":"product_tag-kirjat","12":"product_tag-manipulation","13":"product_tag-reginald","14":"desktop-align-center","15":"tablet-align-left","16":"mobile-align-left","18":"first","19":"outofstock","20":"taxable","21":"shipping-taxable","22":"purchasable","23":"product-type-simple"},"_links":{"self":[{"href":"https:\/\/sirkussirkus.com\/kauppa\/wp-json\/wp\/v2\/product\/5352","targetHints":{"allow":["GET"]}}],"collection":[{"href":"https:\/\/sirkussirkus.com\/kauppa\/wp-json\/wp\/v2\/product"}],"about":[{"href":"https:\/\/sirkussirkus.com\/kauppa\/wp-json\/wp\/v2\/types\/product"}],"version-history":[{"count":1,"href":"https:\/\/sirkussirkus.com\/kauppa\/wp-json\/wp\/v2\/product\/5352\/revisions"}],"predecessor-version":[{"id":5356,"href":"https:\/\/sirkussirkus.com\/kauppa\/wp-json\/wp\/v2\/product\/5352\/revisions\/5356"}],"wp:featuredmedia":[{"embeddable":true,"href":"https:\/\/sirkussirkus.com\/kauppa\/wp-json\/wp\/v2\/media\/5353"}],"wp:attachment":[{"href":"https:\/\/sirkussirkus.com\/kauppa\/wp-json\/wp\/v2\/media?parent=5352"}],"wp:term":[{"taxonomy":"product_brand","embeddable":true,"href":"https:\/\/sirkussirkus.com\/kauppa\/wp-json\/wp\/v2\/product_brand?post=5352"},{"taxonomy":"product_cat","embeddable":true,"href":"https:\/\/sirkussirkus.com\/kauppa\/wp-json\/wp\/v2\/product_cat?post=5352"},{"taxonomy":"product_tag","embeddable":true,"href":"https:\/\/sirkussirkus.com\/kauppa\/wp-json\/wp\/v2\/product_tag?post=5352"}],"curies":[{"name":"wp","href":"https:\/\/api.w.org\/{rel}","templated":true}]}}