{"id":5346,"date":"2022-05-14T18:02:12","date_gmt":"2022-05-14T18:02:12","guid":{"rendered":"https:\/\/sirkussirkus.com\/kauppa\/?post_type=product&#038;p=5346"},"modified":"2024-04-14T10:16:50","modified_gmt":"2024-04-14T10:16:50","slug":"manipulative-miscellanea-reginald-w-bacon","status":"publish","type":"product","link":"https:\/\/sirkussirkus.com\/kauppa\/product\/manipulative-miscellanea-reginald-w-bacon\/","title":{"rendered":"Manipulative Miscellanea &#8211; Reginald W. Bacon"},"content":{"rendered":"<div class=\"product-text\">\n<p>Kirjan koko nimi on &#8221;The Juggler&#8217;s Manual of Manipulative Miscellanea: The classic skills with top hats, canes, plates, nesting cups &amp; assorted objects&#8221;. Kirjoittajana Reginald W. Bacon, joka tunnetaan my\u00f6s nimell\u00e4 Mr.Slim.<\/p>\n<p>Ainoa kirja, joka yksityiskohtaisesti kuvailee kirjoittajan erikoisia jongleeraus- ja esinek\u00e4sittelytemppuja. Suosittu l\u00e4hde, jota on k\u00e4ytetty jongl\u00f6\u00f6rien kesken ymp\u00e4ri maailmaa jo 80-luvulta asti. Kirja on jopa saavuttanut jongleerausmaailmassa tietynlaisen &#8221;best seller&#8221; -maineen.<\/p>\n<p>Kirja selitt\u00e4\u00e4 ja kuvailee teatraalisen vaudeville-ajan temppuja hatuilla, k\u00e4velykepeill\u00e4, lautasilla, kupeilla ja muilla valituilla esineill\u00e4. Kirjassa k\u00e4sitell\u00e4\u00e4n my\u00f6s sekalaisten esineiden k\u00e4sittelytemppuja ja erilaisia yhdistelm\u00e4temppuja.<\/p>\n<p>&#8221;A good lesson in entertainment.&#8221; &#8211; Juggler&#8217;s World Magazine<\/p>\n<p>Englanninkielinen \/ 104 sivua \/ pehme\u00e4kantinen \/ 1984<\/p>\n<\/div>\n","protected":false},"excerpt":{"rendered":"<p>Kirjan koko nimi on &#8221;The Juggler&#8217;s Manual of Manipulative Miscellanea: The classic skills with top hats, canes, plates, nesting cups &amp; assorted objects&#8221;. Kirjoittajana Reginald W. Bacon, joka tunnetaan my\u00f6s nimell\u00e4 Mr.Slim. Ainoa kirja, joka yksityiskohtaisesti kuvailee kirjoittajan erikoisia jongleeraus- ja esinek\u00e4sittelytemppuja. Suosittu l\u00e4hde, jota on k\u00e4ytetty jongl\u00f6\u00f6rien kesken ymp\u00e4ri maailmaa jo 80-luvulta asti. Kirja [&hellip;]<\/p>\n","protected":false},"featured_media":5347,"template":"","meta":{"site-sidebar-layout":"default","site-content-layout":"default","ast-site-content-layout":"default","site-content-style":"default","site-sidebar-style":"default","ast-global-header-display":"","ast-banner-title-visibility":"","ast-main-header-display":"","ast-hfb-above-header-display":"","ast-hfb-below-header-display":"","ast-hfb-mobile-header-display":"","site-post-title":"","ast-breadcrumbs-content":"","ast-featured-img":"","footer-sml-layout":"","theme-transparent-header-meta":"default","adv-header-id-meta":"","stick-header-meta":"","header-above-stick-meta":"","header-main-stick-meta":"","header-below-stick-meta":"","astra-migrate-meta-layouts":"set","ast-page-background-enabled":"default","ast-page-background-meta":{"desktop":{"background-color":"","background-image":"","background-repeat":"repeat","background-position":"center center","background-size":"auto","background-attachment":"scroll","background-type":"","background-media":"","overlay-type":"","overlay-color":"","overlay-opacity":"","overlay-gradient":""},"tablet":{"background-color":"","background-image":"","background-repeat":"repeat","background-position":"center center","background-size":"auto","background-attachment":"scroll","background-type":"","background-media":"","overlay-type":"","overlay-color":"","overlay-opacity":"","overlay-gradient":""},"mobile":{"background-color":"","background-image":"","background-repeat":"repeat","background-position":"center center","background-size":"auto","background-attachment":"scroll","background-type":"","background-media":"","overlay-type":"","overlay-color":"","overlay-opacity":"","overlay-gradient":""}},"ast-content-background-meta":{"desktop":{"background-color":"var(--ast-global-color-5)","background-image":"","background-repeat":"repeat","background-position":"center center","background-size":"auto","background-attachment":"scroll","background-type":"","background-media":"","overlay-type":"","overlay-color":"","overlay-opacity":"","overlay-gradient":""},"tablet":{"background-color":"var(--ast-global-color-5)","background-image":"","background-repeat":"repeat","background-position":"center center","background-size":"auto","background-attachment":"scroll","background-type":"","background-media":"","overlay-type":"","overlay-color":"","overlay-opacity":"","overlay-gradient":""},"mobile":{"background-color":"var(--ast-global-color-5)","background-image":"","background-repeat":"repeat","background-position":"center center","background-size":"auto","background-attachment":"scroll","background-type":"","background-media":"","overlay-type":"","overlay-color":"","overlay-opacity":"","overlay-gradient":""}}},"product_brand":[],"product_cat":[64],"product_tag":[489,482,87,459,487,488,481],"class_list":{"0":"post-5346","1":"product","2":"type-product","3":"status-publish","4":"has-post-thumbnail","6":"product_cat-kirjat","7":"product_tag-489","8":"product_tag-bacon","9":"product_tag-kirja","10":"product_tag-kirjat","11":"product_tag-manipulative","12":"product_tag-miscellanea","13":"product_tag-reginald","14":"desktop-align-center","15":"tablet-align-left","16":"mobile-align-left","18":"first","19":"instock","20":"taxable","21":"shipping-taxable","22":"purchasable","23":"product-type-simple"},"_links":{"self":[{"href":"https:\/\/sirkussirkus.com\/kauppa\/wp-json\/wp\/v2\/product\/5346","targetHints":{"allow":["GET"]}}],"collection":[{"href":"https:\/\/sirkussirkus.com\/kauppa\/wp-json\/wp\/v2\/product"}],"about":[{"href":"https:\/\/sirkussirkus.com\/kauppa\/wp-json\/wp\/v2\/types\/product"}],"version-history":[{"count":2,"href":"https:\/\/sirkussirkus.com\/kauppa\/wp-json\/wp\/v2\/product\/5346\/revisions"}],"predecessor-version":[{"id":5351,"href":"https:\/\/sirkussirkus.com\/kauppa\/wp-json\/wp\/v2\/product\/5346\/revisions\/5351"}],"wp:featuredmedia":[{"embeddable":true,"href":"https:\/\/sirkussirkus.com\/kauppa\/wp-json\/wp\/v2\/media\/5347"}],"wp:attachment":[{"href":"https:\/\/sirkussirkus.com\/kauppa\/wp-json\/wp\/v2\/media?parent=5346"}],"wp:term":[{"taxonomy":"product_brand","embeddable":true,"href":"https:\/\/sirkussirkus.com\/kauppa\/wp-json\/wp\/v2\/product_brand?post=5346"},{"taxonomy":"product_cat","embeddable":true,"href":"https:\/\/sirkussirkus.com\/kauppa\/wp-json\/wp\/v2\/product_cat?post=5346"},{"taxonomy":"product_tag","embeddable":true,"href":"https:\/\/sirkussirkus.com\/kauppa\/wp-json\/wp\/v2\/product_tag?post=5346"}],"curies":[{"name":"wp","href":"https:\/\/api.w.org\/{rel}","templated":true}]}}