{"id":5335,"date":"2022-05-14T17:59:33","date_gmt":"2022-05-14T17:59:33","guid":{"rendered":"https:\/\/sirkussirkus.com\/kauppa\/?post_type=product&#038;p=5335"},"modified":"2026-02-02T02:17:08","modified_gmt":"2026-02-02T02:17:08","slug":"jugglers-alphabet-book-reginald-w-bacon","status":"publish","type":"product","link":"https:\/\/sirkussirkus.com\/kauppa\/product\/jugglers-alphabet-book-reginald-w-bacon\/","title":{"rendered":"Juggler&#8217;s Alphabet Book &#8211; Reginald W. Bacon"},"content":{"rendered":"<div class=\"product-text\">\n<p>Kirjan alaotsikko: The ABCs of Inspiration, Encouragement, History, and Fun for Literate Jugglers of All Ages.<\/p>\n<p>T\u00e4m\u00e4 kirja on ytimek\u00e4s esipuhe lajille, joka viime vuosina on tavoittanut suuren yleis\u00f6n luovana taiteena, kuntoiluna, vapaa-ajan harrastuksena, kehon ja mielen yhteisharjoitteena sek\u00e4 joillekin my\u00f6s ammattina. Jongl\u00f6\u00f6reille se toimii ty\u00f6taidon raikastajana ja muistuttajana ajan jatkumon suurista taitajista.<\/p>\n<p>Asiaan perehtym\u00e4tt\u00f6mille se on ikkuna jongl\u00f6\u00f6rien maailmaan, jossa pusketaan ihmiskehon tarkkuuden rajoja kuten my\u00f6s ihmismielen mielikuvituksen alaa.<\/p>\n<p>Jongl\u00f6\u00f6ri! Hanki t\u00e4m\u00e4 kirja l\u00e4heisillesi ja auta heit\u00e4 ymm\u00e4rt\u00e4m\u00e4\u00e4n sinua paremmin. Tunnetko jongl\u00f6\u00f6rin? Auta itse\u00e4si ymm\u00e4rt\u00e4m\u00e4\u00e4n ep\u00e4tavallisia yst\u00e4vi\u00e4si paremmin! Kirjan luettuasi haluat varmasti aloittaa my\u00f6s itse jongleerauksen harrastamisen.<\/p>\n<p>Englanninkielinen \/ 64 sivua \/ pehme\u00e4kantinen \/ 2019<\/p>\n<\/div>\n","protected":false},"excerpt":{"rendered":"<p>Kirjan alaotsikko: The ABCs of Inspiration, Encouragement, History, and Fun for Literate Jugglers of All Ages. T\u00e4m\u00e4 kirja on ytimek\u00e4s esipuhe lajille, joka viime vuosina on tavoittanut suuren yleis\u00f6n luovana taiteena, kuntoiluna, vapaa-ajan harrastuksena, kehon ja mielen yhteisharjoitteena sek\u00e4 joillekin my\u00f6s ammattina. Jongl\u00f6\u00f6reille se toimii ty\u00f6taidon raikastajana ja muistuttajana ajan jatkumon suurista taitajista. Asiaan perehtym\u00e4tt\u00f6mille [&hellip;]<\/p>\n","protected":false},"featured_media":5336,"template":"","meta":{"site-sidebar-layout":"default","site-content-layout":"default","ast-site-content-layout":"default","site-content-style":"default","site-sidebar-style":"default","ast-global-header-display":"","ast-banner-title-visibility":"","ast-main-header-display":"","ast-hfb-above-header-display":"","ast-hfb-below-header-display":"","ast-hfb-mobile-header-display":"","site-post-title":"","ast-breadcrumbs-content":"","ast-featured-img":"","footer-sml-layout":"","theme-transparent-header-meta":"default","adv-header-id-meta":"","stick-header-meta":"","header-above-stick-meta":"","header-main-stick-meta":"","header-below-stick-meta":"","astra-migrate-meta-layouts":"set","ast-page-background-enabled":"default","ast-page-background-meta":{"desktop":{"background-color":"","background-image":"","background-repeat":"repeat","background-position":"center center","background-size":"auto","background-attachment":"scroll","background-type":"","background-media":"","overlay-type":"","overlay-color":"","overlay-opacity":"","overlay-gradient":""},"tablet":{"background-color":"","background-image":"","background-repeat":"repeat","background-position":"center center","background-size":"auto","background-attachment":"scroll","background-type":"","background-media":"","overlay-type":"","overlay-color":"","overlay-opacity":"","overlay-gradient":""},"mobile":{"background-color":"","background-image":"","background-repeat":"repeat","background-position":"center center","background-size":"auto","background-attachment":"scroll","background-type":"","background-media":"","overlay-type":"","overlay-color":"","overlay-opacity":"","overlay-gradient":""}},"ast-content-background-meta":{"desktop":{"background-color":"var(--ast-global-color-5)","background-image":"","background-repeat":"repeat","background-position":"center center","background-size":"auto","background-attachment":"scroll","background-type":"","background-media":"","overlay-type":"","overlay-color":"","overlay-opacity":"","overlay-gradient":""},"tablet":{"background-color":"var(--ast-global-color-5)","background-image":"","background-repeat":"repeat","background-position":"center center","background-size":"auto","background-attachment":"scroll","background-type":"","background-media":"","overlay-type":"","overlay-color":"","overlay-opacity":"","overlay-gradient":""},"mobile":{"background-color":"var(--ast-global-color-5)","background-image":"","background-repeat":"repeat","background-position":"center center","background-size":"auto","background-attachment":"scroll","background-type":"","background-media":"","overlay-type":"","overlay-color":"","overlay-opacity":"","overlay-gradient":""}}},"product_brand":[],"product_cat":[64],"product_tag":[479,482,480,478,87,459,481],"class_list":{"0":"post-5335","1":"product","2":"type-product","3":"status-publish","4":"has-post-thumbnail","6":"product_cat-kirjat","7":"product_tag-alphabet","8":"product_tag-bacon","9":"product_tag-book","10":"product_tag-jugglers","11":"product_tag-kirja","12":"product_tag-kirjat","13":"product_tag-reginald","14":"desktop-align-center","15":"tablet-align-left","16":"mobile-align-left","18":"first","19":"instock","20":"taxable","21":"shipping-taxable","22":"purchasable","23":"product-type-simple"},"_links":{"self":[{"href":"https:\/\/sirkussirkus.com\/kauppa\/wp-json\/wp\/v2\/product\/5335","targetHints":{"allow":["GET"]}}],"collection":[{"href":"https:\/\/sirkussirkus.com\/kauppa\/wp-json\/wp\/v2\/product"}],"about":[{"href":"https:\/\/sirkussirkus.com\/kauppa\/wp-json\/wp\/v2\/types\/product"}],"version-history":[{"count":3,"href":"https:\/\/sirkussirkus.com\/kauppa\/wp-json\/wp\/v2\/product\/5335\/revisions"}],"predecessor-version":[{"id":7439,"href":"https:\/\/sirkussirkus.com\/kauppa\/wp-json\/wp\/v2\/product\/5335\/revisions\/7439"}],"wp:featuredmedia":[{"embeddable":true,"href":"https:\/\/sirkussirkus.com\/kauppa\/wp-json\/wp\/v2\/media\/5336"}],"wp:attachment":[{"href":"https:\/\/sirkussirkus.com\/kauppa\/wp-json\/wp\/v2\/media?parent=5335"}],"wp:term":[{"taxonomy":"product_brand","embeddable":true,"href":"https:\/\/sirkussirkus.com\/kauppa\/wp-json\/wp\/v2\/product_brand?post=5335"},{"taxonomy":"product_cat","embeddable":true,"href":"https:\/\/sirkussirkus.com\/kauppa\/wp-json\/wp\/v2\/product_cat?post=5335"},{"taxonomy":"product_tag","embeddable":true,"href":"https:\/\/sirkussirkus.com\/kauppa\/wp-json\/wp\/v2\/product_tag?post=5335"}],"curies":[{"name":"wp","href":"https:\/\/api.w.org\/{rel}","templated":true}]}}