{"id":5330,"date":"2022-05-14T17:58:21","date_gmt":"2022-05-14T17:58:21","guid":{"rendered":"https:\/\/sirkussirkus.com\/kauppa\/?post_type=product&#038;p=5330"},"modified":"2024-04-10T14:09:42","modified_gmt":"2024-04-10T14:09:42","slug":"art-of-modern-juggling-1907-thomas-anglo-horton","status":"publish","type":"product","link":"https:\/\/sirkussirkus.com\/kauppa\/product\/art-of-modern-juggling-1907-thomas-anglo-horton\/","title":{"rendered":"Art of Modern Juggling (1907) &#8211; Thomas &#8221;Anglo&#8221; Horton"},"content":{"rendered":"<div class=\"product-text\">\n<p>Anglo oli tunnetun australialaisen jongl\u00f6\u00f6rin Thomas Hortonin esiintyj\u00e4nimi. H\u00e4n syntyi 1879 North Adelaidessa Etel\u00e4-Australiassa. H\u00e4n oppi jongleeraamaan jo nuorena poikana ja loi monta ainutlaatuista ohjelmaa. Ennen pitk\u00e4\u00e4 h\u00e4net tunnustettiin Australian Suurimpana Jongl\u00f6\u00f6rin\u00e4.<\/p>\n<p>Vuonna 1903 Anglo matkusti Lontooseen. Siell\u00e4 h\u00e4n tapasi maailman vanhimman lelukaupan ja leluyrityksen The Hamley Brothersin omistajat. Omistajat suostuivat kustantamaan maailman ensimm\u00e4isen kokopitk\u00e4n kirjan jongleerauksesta. Kirja julkaistiin vuonna 1907. T\u00e4m\u00e4 on se kirja.<\/p>\n<p>T\u00e4m\u00e4 kirja oli suosittu oppikirja kaikkien jongl\u00f6\u00f6rien keskuudessa 1900-luvun alussa. Se antaa meille k\u00e4sityst\u00e4 siit\u00e4, millaisia temppuja siihen aikaa suosittiin, harjoiteltiin sek\u00e4 esitettiin ja kirja on sen johdosta historiallisesti suurenmoisen arvokas.<\/p>\n<p>Paljon ainutlaatuisia temppuja yksiss\u00e4 kansissa kuvituksineen ja selityksineen. Hyv\u00e4 inspiraationl\u00e4hde omien erikoistemppujen kehitt\u00e4miseen, kuten muutkin historialliset teokset Sirkussirkus-verkkokaupassa.<\/p>\n<p>Englanninkielinen \/ 156 sivua \/ pehme\u00e4kantinen \/ 2019<\/p>\n<\/div>\n","protected":false},"excerpt":{"rendered":"<p>Anglo oli tunnetun australialaisen jongl\u00f6\u00f6rin Thomas Hortonin esiintyj\u00e4nimi. H\u00e4n syntyi 1879 North Adelaidessa Etel\u00e4-Australiassa. H\u00e4n oppi jongleeraamaan jo nuorena poikana ja loi monta ainutlaatuista ohjelmaa. Ennen pitk\u00e4\u00e4 h\u00e4net tunnustettiin Australian Suurimpana Jongl\u00f6\u00f6rin\u00e4. Vuonna 1903 Anglo matkusti Lontooseen. Siell\u00e4 h\u00e4n tapasi maailman vanhimman lelukaupan ja leluyrityksen The Hamley Brothersin omistajat. Omistajat suostuivat kustantamaan maailman ensimm\u00e4isen kokopitk\u00e4n [&hellip;]<\/p>\n","protected":false},"featured_media":5331,"template":"","meta":{"site-sidebar-layout":"default","site-content-layout":"default","ast-site-content-layout":"default","site-content-style":"default","site-sidebar-style":"default","ast-global-header-display":"","ast-banner-title-visibility":"","ast-main-header-display":"","ast-hfb-above-header-display":"","ast-hfb-below-header-display":"","ast-hfb-mobile-header-display":"","site-post-title":"","ast-breadcrumbs-content":"","ast-featured-img":"","footer-sml-layout":"","theme-transparent-header-meta":"default","adv-header-id-meta":"","stick-header-meta":"","header-above-stick-meta":"","header-main-stick-meta":"","header-below-stick-meta":"","astra-migrate-meta-layouts":"set","ast-page-background-enabled":"default","ast-page-background-meta":{"desktop":{"background-color":"","background-image":"","background-repeat":"repeat","background-position":"center center","background-size":"auto","background-attachment":"scroll","background-type":"","background-media":"","overlay-type":"","overlay-color":"","overlay-opacity":"","overlay-gradient":""},"tablet":{"background-color":"","background-image":"","background-repeat":"repeat","background-position":"center center","background-size":"auto","background-attachment":"scroll","background-type":"","background-media":"","overlay-type":"","overlay-color":"","overlay-opacity":"","overlay-gradient":""},"mobile":{"background-color":"","background-image":"","background-repeat":"repeat","background-position":"center center","background-size":"auto","background-attachment":"scroll","background-type":"","background-media":"","overlay-type":"","overlay-color":"","overlay-opacity":"","overlay-gradient":""}},"ast-content-background-meta":{"desktop":{"background-color":"var(--ast-global-color-5)","background-image":"","background-repeat":"repeat","background-position":"center center","background-size":"auto","background-attachment":"scroll","background-type":"","background-media":"","overlay-type":"","overlay-color":"","overlay-opacity":"","overlay-gradient":""},"tablet":{"background-color":"var(--ast-global-color-5)","background-image":"","background-repeat":"repeat","background-position":"center center","background-size":"auto","background-attachment":"scroll","background-type":"","background-media":"","overlay-type":"","overlay-color":"","overlay-opacity":"","overlay-gradient":""},"mobile":{"background-color":"var(--ast-global-color-5)","background-image":"","background-repeat":"repeat","background-position":"center center","background-size":"auto","background-attachment":"scroll","background-type":"","background-media":"","overlay-type":"","overlay-color":"","overlay-opacity":"","overlay-gradient":""}}},"product_brand":[],"product_cat":[64],"product_tag":[473,475,472,476,160,87,459,477,474],"class_list":{"0":"post-5330","1":"product","2":"type-product","3":"status-publish","4":"has-post-thumbnail","6":"product_cat-kirjat","7":"product_tag-473","8":"product_tag-anglo","9":"product_tag-art","10":"product_tag-horton","11":"product_tag-juggling","12":"product_tag-kirja","13":"product_tag-kirjat","14":"product_tag-modern","15":"product_tag-thomas","16":"desktop-align-center","17":"tablet-align-left","18":"mobile-align-left","20":"first","21":"instock","22":"taxable","23":"shipping-taxable","24":"purchasable","25":"product-type-simple"},"_links":{"self":[{"href":"https:\/\/sirkussirkus.com\/kauppa\/wp-json\/wp\/v2\/product\/5330","targetHints":{"allow":["GET"]}}],"collection":[{"href":"https:\/\/sirkussirkus.com\/kauppa\/wp-json\/wp\/v2\/product"}],"about":[{"href":"https:\/\/sirkussirkus.com\/kauppa\/wp-json\/wp\/v2\/types\/product"}],"version-history":[{"count":2,"href":"https:\/\/sirkussirkus.com\/kauppa\/wp-json\/wp\/v2\/product\/5330\/revisions"}],"predecessor-version":[{"id":5334,"href":"https:\/\/sirkussirkus.com\/kauppa\/wp-json\/wp\/v2\/product\/5330\/revisions\/5334"}],"wp:featuredmedia":[{"embeddable":true,"href":"https:\/\/sirkussirkus.com\/kauppa\/wp-json\/wp\/v2\/media\/5331"}],"wp:attachment":[{"href":"https:\/\/sirkussirkus.com\/kauppa\/wp-json\/wp\/v2\/media?parent=5330"}],"wp:term":[{"taxonomy":"product_brand","embeddable":true,"href":"https:\/\/sirkussirkus.com\/kauppa\/wp-json\/wp\/v2\/product_brand?post=5330"},{"taxonomy":"product_cat","embeddable":true,"href":"https:\/\/sirkussirkus.com\/kauppa\/wp-json\/wp\/v2\/product_cat?post=5330"},{"taxonomy":"product_tag","embeddable":true,"href":"https:\/\/sirkussirkus.com\/kauppa\/wp-json\/wp\/v2\/product_tag?post=5330"}],"curies":[{"name":"wp","href":"https:\/\/api.w.org\/{rel}","templated":true}]}}