{"id":5323,"date":"2022-05-14T17:55:52","date_gmt":"2022-05-14T17:55:52","guid":{"rendered":"https:\/\/sirkussirkus.com\/kauppa\/?post_type=product&#038;p=5323"},"modified":"2023-09-07T05:46:11","modified_gmt":"2023-09-07T05:46:11","slug":"komediantit-maritta-hirvonen","status":"publish","type":"product","link":"https:\/\/sirkussirkus.com\/kauppa\/product\/komediantit-maritta-hirvonen\/","title":{"rendered":"Komediantit &#8211; Maritta Hirvonen"},"content":{"rendered":"<p>Komediantit on kertomus sirkuksesta, rakkaudesta ja pakolaisuudesta. Maneesilta vaunuun kuuluva musiikki tuo muistoja mieleen Arabella Schreierille, jonka tie oopperan balettioppilaasta kiert\u00e4v\u00e4n sirkusperheen artistiksi on ollut kuoppainen, mutta t\u00e4ynn\u00e4 el\u00e4m\u00e4\u00e4.<\/p>\n<p>P\u00e4\u00e4henkil\u00f6n ja Dresdeniin j\u00e4\u00e4neen yst\u00e4v\u00e4tt\u00e4ren kirjeenvaihdossa kohtaavat kaksi lapsuutta ja todellisuutta, natsi-Saksan ja DDR:n. Voiko kummastakaan selvit\u00e4?<\/p>\n<p>Maritta Hirvosen esikoisromaani on kirjoitettu rakkaudesta sirkukseen, musiikkiin ja taiteeseen.<\/p>\n<p>Suomenkielinen \/ 264 sivua \/ pehme\u00e4kantinen \/ 2020<\/p>\n","protected":false},"excerpt":{"rendered":"<p>Komediantit on kertomus sirkuksesta, rakkaudesta ja pakolaisuudesta. Maneesilta vaunuun kuuluva musiikki tuo muistoja mieleen Arabella Schreierille, jonka tie oopperan balettioppilaasta kiert\u00e4v\u00e4n sirkusperheen artistiksi on ollut kuoppainen, mutta t\u00e4ynn\u00e4 el\u00e4m\u00e4\u00e4. P\u00e4\u00e4henkil\u00f6n ja Dresdeniin j\u00e4\u00e4neen yst\u00e4v\u00e4tt\u00e4ren kirjeenvaihdossa kohtaavat kaksi lapsuutta ja todellisuutta, natsi-Saksan ja DDR:n. Voiko kummastakaan selvit\u00e4? Maritta Hirvosen esikoisromaani on kirjoitettu rakkaudesta sirkukseen, musiikkiin ja [&hellip;]<\/p>\n","protected":false},"featured_media":5324,"template":"","meta":{"site-sidebar-layout":"default","site-content-layout":"default","ast-site-content-layout":"default","site-content-style":"default","site-sidebar-style":"default","ast-global-header-display":"","ast-banner-title-visibility":"","ast-main-header-display":"","ast-hfb-above-header-display":"","ast-hfb-below-header-display":"","ast-hfb-mobile-header-display":"","site-post-title":"","ast-breadcrumbs-content":"","ast-featured-img":"","footer-sml-layout":"","theme-transparent-header-meta":"default","adv-header-id-meta":"","stick-header-meta":"","header-above-stick-meta":"","header-main-stick-meta":"","header-below-stick-meta":"","astra-migrate-meta-layouts":"default","ast-page-background-enabled":"default","ast-page-background-meta":{"desktop":{"background-color":"","background-image":"","background-repeat":"repeat","background-position":"center center","background-size":"auto","background-attachment":"scroll","background-type":"","background-media":"","overlay-type":"","overlay-color":"","overlay-opacity":"","overlay-gradient":""},"tablet":{"background-color":"","background-image":"","background-repeat":"repeat","background-position":"center center","background-size":"auto","background-attachment":"scroll","background-type":"","background-media":"","overlay-type":"","overlay-color":"","overlay-opacity":"","overlay-gradient":""},"mobile":{"background-color":"","background-image":"","background-repeat":"repeat","background-position":"center center","background-size":"auto","background-attachment":"scroll","background-type":"","background-media":"","overlay-type":"","overlay-color":"","overlay-opacity":"","overlay-gradient":""}},"ast-content-background-meta":{"desktop":{"background-color":"var(--ast-global-color-5)","background-image":"","background-repeat":"repeat","background-position":"center center","background-size":"auto","background-attachment":"scroll","background-type":"","background-media":"","overlay-type":"","overlay-color":"","overlay-opacity":"","overlay-gradient":""},"tablet":{"background-color":"var(--ast-global-color-5)","background-image":"","background-repeat":"repeat","background-position":"center center","background-size":"auto","background-attachment":"scroll","background-type":"","background-media":"","overlay-type":"","overlay-color":"","overlay-opacity":"","overlay-gradient":""},"mobile":{"background-color":"var(--ast-global-color-5)","background-image":"","background-repeat":"repeat","background-position":"center center","background-size":"auto","background-attachment":"scroll","background-type":"","background-media":"","overlay-type":"","overlay-color":"","overlay-opacity":"","overlay-gradient":""}}},"product_brand":[],"product_cat":[64],"product_tag":[466,87,459,464,465],"class_list":{"0":"post-5323","1":"product","2":"type-product","3":"status-publish","4":"has-post-thumbnail","6":"product_cat-kirjat","7":"product_tag-hirvonen","8":"product_tag-kirja","9":"product_tag-kirjat","10":"product_tag-komediantit","11":"product_tag-maritta","12":"desktop-align-center","13":"tablet-align-left","14":"mobile-align-left","16":"first","17":"instock","18":"taxable","19":"shipping-taxable","20":"purchasable","21":"product-type-simple"},"_links":{"self":[{"href":"https:\/\/sirkussirkus.com\/kauppa\/wp-json\/wp\/v2\/product\/5323","targetHints":{"allow":["GET"]}}],"collection":[{"href":"https:\/\/sirkussirkus.com\/kauppa\/wp-json\/wp\/v2\/product"}],"about":[{"href":"https:\/\/sirkussirkus.com\/kauppa\/wp-json\/wp\/v2\/types\/product"}],"version-history":[{"count":1,"href":"https:\/\/sirkussirkus.com\/kauppa\/wp-json\/wp\/v2\/product\/5323\/revisions"}],"predecessor-version":[{"id":5325,"href":"https:\/\/sirkussirkus.com\/kauppa\/wp-json\/wp\/v2\/product\/5323\/revisions\/5325"}],"wp:featuredmedia":[{"embeddable":true,"href":"https:\/\/sirkussirkus.com\/kauppa\/wp-json\/wp\/v2\/media\/5324"}],"wp:attachment":[{"href":"https:\/\/sirkussirkus.com\/kauppa\/wp-json\/wp\/v2\/media?parent=5323"}],"wp:term":[{"taxonomy":"product_brand","embeddable":true,"href":"https:\/\/sirkussirkus.com\/kauppa\/wp-json\/wp\/v2\/product_brand?post=5323"},{"taxonomy":"product_cat","embeddable":true,"href":"https:\/\/sirkussirkus.com\/kauppa\/wp-json\/wp\/v2\/product_cat?post=5323"},{"taxonomy":"product_tag","embeddable":true,"href":"https:\/\/sirkussirkus.com\/kauppa\/wp-json\/wp\/v2\/product_tag?post=5323"}],"curies":[{"name":"wp","href":"https:\/\/api.w.org\/{rel}","templated":true}]}}