{"id":5299,"date":"2022-05-14T17:49:13","date_gmt":"2022-05-14T17:49:13","guid":{"rendered":"https:\/\/sirkussirkus.com\/kauppa\/?post_type=product&#038;p=5299"},"modified":"2026-03-24T06:24:09","modified_gmt":"2026-03-24T06:24:09","slug":"led-valopiiska-rev4","status":"publish","type":"product","link":"https:\/\/sirkussirkus.com\/kauppa\/product\/led-valopiiska-rev4\/","title":{"rendered":"LED Valopiiska REV4"},"content":{"rendered":"<p>Mik\u00e4 ihmeen valopiiska? Valopiiska toimii hyvin visuaalisena tehosteena millaiselle vain liikkeelle ja sill\u00e4 on my\u00f6s monia manipulointimahdollisuuksia. Katso alapuolelta linkist\u00e4 video, niin saat paremman kuvan siit\u00e4 mist\u00e4 on kysymys.<\/p>\n<p><a href=\"https:\/\/www.youtube.com\/watch?v=EFf-B-7Wcto\" target=\"_blank\" rel=\"noopener noreferrer\">Youtube: Sara Link esittelee valopiiskaa<\/a><\/p>\n<p>REV4-mallisessa piiskassa 40 eri valoasetusta. V\u00e4ri\u00e4 vaihdetaan painamalla nappia kahvassa, ja erilaisiin tiloihin voi vaihtaa pidemm\u00e4ll\u00e4 painalluksella. Eri tiloja ovat kiinte\u00e4 v\u00e4ri, pehme\u00e4stivaihtuva v\u00e4ri ja strobo. Valopiiskassa on eritt\u00e4in laadukas kahva, jossa mukava ja pit\u00e4v\u00e4 solumuovip\u00e4\u00e4llyste. Mukana tulee ladattava akku, joka kest\u00e4\u00e4 t\u00e4yteen ladattuna noin 8 tuntia.<\/p>\n<p>Valopiiskan valokuitu on hyvin kest\u00e4v\u00e4\u00e4, ja kahvan sis\u00e4lle sijoitettu laakeri mahdollistaa kaikenlaiset liikkeet kuituja kuitenkaan vaurioittamatta. On kuitenkin sousiteltavaa pyrki\u00e4 olemaan osumatta piiskalla koviin esineisiin tai kulmiin, jotka voivat vahingoittaa valokuituja. \u00c4l\u00e4 my\u00f6sk\u00e4\u00e4n astu kuitujen p\u00e4\u00e4lle, \u00e4l\u00e4 revi niit\u00e4 ja kietomistempuissa v\u00e4lt\u00e4 vy\u00f6nsolkia ja koruja.<\/p>\n<p>Pakettiin sis\u00e4ltyy valopiiska, ladattava akku, USB-latausjohto, ohjeet sek\u00e4 s\u00e4ilytyspussi.<\/p>\n","protected":false},"excerpt":{"rendered":"<p>Mik\u00e4 ihmeen valopiiska? Valopiiska toimii hyvin visuaalisena tehosteena millaiselle vain liikkeelle ja sill\u00e4 on my\u00f6s monia manipulointimahdollisuuksia. Katso alapuolelta linkist\u00e4 video, niin saat paremman kuvan siit\u00e4 mist\u00e4 on kysymys. Youtube: Sara Link esittelee valopiiskaa REV4-mallisessa piiskassa 40 eri valoasetusta. V\u00e4ri\u00e4 vaihdetaan painamalla nappia kahvassa, ja erilaisiin tiloihin voi vaihtaa pidemm\u00e4ll\u00e4 painalluksella. Eri tiloja ovat kiinte\u00e4 [&hellip;]<\/p>\n","protected":false},"featured_media":5300,"template":"","meta":{"site-sidebar-layout":"default","site-content-layout":"default","ast-site-content-layout":"default","site-content-style":"default","site-sidebar-style":"default","ast-global-header-display":"","ast-banner-title-visibility":"","ast-main-header-display":"","ast-hfb-above-header-display":"","ast-hfb-below-header-display":"","ast-hfb-mobile-header-display":"","site-post-title":"","ast-breadcrumbs-content":"","ast-featured-img":"","footer-sml-layout":"","theme-transparent-header-meta":"default","adv-header-id-meta":"","stick-header-meta":"","header-above-stick-meta":"","header-main-stick-meta":"","header-below-stick-meta":"","astra-migrate-meta-layouts":"default","ast-page-background-enabled":"default","ast-page-background-meta":{"desktop":{"background-color":"","background-image":"","background-repeat":"repeat","background-position":"center center","background-size":"auto","background-attachment":"scroll","background-type":"","background-media":"","overlay-type":"","overlay-color":"","overlay-opacity":"","overlay-gradient":""},"tablet":{"background-color":"","background-image":"","background-repeat":"repeat","background-position":"center center","background-size":"auto","background-attachment":"scroll","background-type":"","background-media":"","overlay-type":"","overlay-color":"","overlay-opacity":"","overlay-gradient":""},"mobile":{"background-color":"","background-image":"","background-repeat":"repeat","background-position":"center center","background-size":"auto","background-attachment":"scroll","background-type":"","background-media":"","overlay-type":"","overlay-color":"","overlay-opacity":"","overlay-gradient":""}},"ast-content-background-meta":{"desktop":{"background-color":"var(--ast-global-color-5)","background-image":"","background-repeat":"repeat","background-position":"center center","background-size":"auto","background-attachment":"scroll","background-type":"","background-media":"","overlay-type":"","overlay-color":"","overlay-opacity":"","overlay-gradient":""},"tablet":{"background-color":"var(--ast-global-color-5)","background-image":"","background-repeat":"repeat","background-position":"center center","background-size":"auto","background-attachment":"scroll","background-type":"","background-media":"","overlay-type":"","overlay-color":"","overlay-opacity":"","overlay-gradient":""},"mobile":{"background-color":"var(--ast-global-color-5)","background-image":"","background-repeat":"repeat","background-position":"center center","background-size":"auto","background-attachment":"scroll","background-type":"","background-media":"","overlay-type":"","overlay-color":"","overlay-opacity":"","overlay-gradient":""}}},"product_brand":[],"product_cat":[452],"product_tag":[873,80,424,456,872,457,871,183],"class_list":{"0":"post-5299","1":"product","2":"type-product","3":"status-publish","4":"has-post-thumbnail","6":"product_cat-led-valineet","7":"product_tag-fiber","8":"product_tag-jongleeraus","9":"product_tag-led","10":"product_tag-piiska","11":"product_tag-pixel","12":"product_tag-rev4","13":"product_tag-ruoska","14":"product_tag-valo","15":"desktop-align-center","16":"tablet-align-left","17":"mobile-align-left","19":"first","20":"outofstock","21":"taxable","22":"shipping-taxable","23":"purchasable","24":"product-type-simple"},"_links":{"self":[{"href":"https:\/\/sirkussirkus.com\/kauppa\/wp-json\/wp\/v2\/product\/5299","targetHints":{"allow":["GET"]}}],"collection":[{"href":"https:\/\/sirkussirkus.com\/kauppa\/wp-json\/wp\/v2\/product"}],"about":[{"href":"https:\/\/sirkussirkus.com\/kauppa\/wp-json\/wp\/v2\/types\/product"}],"version-history":[{"count":1,"href":"https:\/\/sirkussirkus.com\/kauppa\/wp-json\/wp\/v2\/product\/5299\/revisions"}],"predecessor-version":[{"id":5308,"href":"https:\/\/sirkussirkus.com\/kauppa\/wp-json\/wp\/v2\/product\/5299\/revisions\/5308"}],"wp:featuredmedia":[{"embeddable":true,"href":"https:\/\/sirkussirkus.com\/kauppa\/wp-json\/wp\/v2\/media\/5300"}],"wp:attachment":[{"href":"https:\/\/sirkussirkus.com\/kauppa\/wp-json\/wp\/v2\/media?parent=5299"}],"wp:term":[{"taxonomy":"product_brand","embeddable":true,"href":"https:\/\/sirkussirkus.com\/kauppa\/wp-json\/wp\/v2\/product_brand?post=5299"},{"taxonomy":"product_cat","embeddable":true,"href":"https:\/\/sirkussirkus.com\/kauppa\/wp-json\/wp\/v2\/product_cat?post=5299"},{"taxonomy":"product_tag","embeddable":true,"href":"https:\/\/sirkussirkus.com\/kauppa\/wp-json\/wp\/v2\/product_tag?post=5299"}],"curies":[{"name":"wp","href":"https:\/\/api.w.org\/{rel}","templated":true}]}}