{"id":5292,"date":"2022-12-08T12:00:52","date_gmt":"2022-12-08T12:00:52","guid":{"rendered":"https:\/\/sirkussirkus.com\/kauppa\/?post_type=product&#038;p=5292"},"modified":"2025-12-08T15:16:03","modified_gmt":"2025-12-08T15:16:03","slug":"valokeila","status":"publish","type":"product","link":"https:\/\/sirkussirkus.com\/kauppa\/product\/valokeila\/","title":{"rendered":"LED Valokeila"},"content":{"rendered":"<div class=\"product-text\">\n<p>Playn valmistama valokeila, jossa on sama vartalo kuin Playn One Piece -keilassa. Keilassa siis hyv\u00e4 pito ja joustava pehme\u00e4 pinta verrattuna muiden valmistajien One Piece -keiloihin. Keilassa on kaksi valoyksikk\u00f6\u00e4. Yksi kummassakin p\u00e4\u00e4ss\u00e4. Valoyksik\u00f6t voivat my\u00f6s olla eriv\u00e4riset kesken\u00e4\u00e4n. Katso kuvista esimerkkej\u00e4. Keilat myyd\u00e4\u00e4n yksiv\u00e4risin\u00e4, mutta valoyksikk\u00f6jen paikkaa voi vaihtaa kesken\u00e4\u00e4n.<\/p>\n<p>Kest\u00e4v\u00e4 ja edullinen paristoilla toimiva valokeila kaikenlaiseen valojongleeraukseen. Patterikorkit keilan molemmissa p\u00e4iss\u00e4 ovat keilan ainoat heikot kohdat. Korkkeja suojaa kummassakin p\u00e4\u00e4ss\u00e4 pehme\u00e4 silikonirengas, joka vaimentaa iskuja tehokkaasti. Suosittelemme t\u00e4st\u00e4 huolimatta harjoittelua pehme\u00e4ll\u00e4 alustalla keilan pidemm\u00e4n elini\u00e4n takaamiseksi. Yhdell\u00e4 paristosetill\u00e4 valoaikaa noin 4 tuntia.<\/p>\n<p>Paristot: kuusi LR43-nappiparistoa. Paristot sis\u00e4ltyv\u00e4t hintaan.<\/p>\n<p>Pituus 52cm \/ Paino 220g<\/p>\n<\/div>\n","protected":false},"excerpt":{"rendered":"<p>Playn valmistama valokeila, jossa on sama vartalo kuin Playn One Piece -keilassa. Keilassa siis hyv\u00e4 pito ja joustava pehme\u00e4 pinta verrattuna muiden valmistajien One Piece -keiloihin. Keilassa on kaksi valoyksikk\u00f6\u00e4. Yksi kummassakin p\u00e4\u00e4ss\u00e4. Valoyksik\u00f6t voivat my\u00f6s olla eriv\u00e4riset kesken\u00e4\u00e4n. Katso kuvista esimerkkej\u00e4. Keilat myyd\u00e4\u00e4n yksiv\u00e4risin\u00e4, mutta valoyksikk\u00f6jen paikkaa voi vaihtaa kesken\u00e4\u00e4n. Kest\u00e4v\u00e4 ja edullinen paristoilla [&hellip;]<\/p>\n","protected":false},"featured_media":5293,"template":"","meta":{"site-sidebar-layout":"default","site-content-layout":"default","ast-site-content-layout":"default","site-content-style":"default","site-sidebar-style":"default","ast-global-header-display":"","ast-banner-title-visibility":"","ast-main-header-display":"","ast-hfb-above-header-display":"","ast-hfb-below-header-display":"","ast-hfb-mobile-header-display":"","site-post-title":"","ast-breadcrumbs-content":"","ast-featured-img":"","footer-sml-layout":"","theme-transparent-header-meta":"default","adv-header-id-meta":"","stick-header-meta":"","header-above-stick-meta":"","header-main-stick-meta":"","header-below-stick-meta":"","astra-migrate-meta-layouts":"default","ast-page-background-enabled":"default","ast-page-background-meta":{"desktop":{"background-color":"","background-image":"","background-repeat":"repeat","background-position":"center center","background-size":"auto","background-attachment":"scroll","background-type":"","background-media":"","overlay-type":"","overlay-color":"","overlay-opacity":"","overlay-gradient":""},"tablet":{"background-color":"","background-image":"","background-repeat":"repeat","background-position":"center center","background-size":"auto","background-attachment":"scroll","background-type":"","background-media":"","overlay-type":"","overlay-color":"","overlay-opacity":"","overlay-gradient":""},"mobile":{"background-color":"","background-image":"","background-repeat":"repeat","background-position":"center center","background-size":"auto","background-attachment":"scroll","background-type":"","background-media":"","overlay-type":"","overlay-color":"","overlay-opacity":"","overlay-gradient":""}},"ast-content-background-meta":{"desktop":{"background-color":"var(--ast-global-color-5)","background-image":"","background-repeat":"repeat","background-position":"center center","background-size":"auto","background-attachment":"scroll","background-type":"","background-media":"","overlay-type":"","overlay-color":"","overlay-opacity":"","overlay-gradient":""},"tablet":{"background-color":"var(--ast-global-color-5)","background-image":"","background-repeat":"repeat","background-position":"center center","background-size":"auto","background-attachment":"scroll","background-type":"","background-media":"","overlay-type":"","overlay-color":"","overlay-opacity":"","overlay-gradient":""},"mobile":{"background-color":"var(--ast-global-color-5)","background-image":"","background-repeat":"repeat","background-position":"center center","background-size":"auto","background-attachment":"scroll","background-type":"","background-media":"","overlay-type":"","overlay-color":"","overlay-opacity":"","overlay-gradient":""}}},"product_brand":[],"product_cat":[69,452],"product_tag":[80,78,79,424,750,748,183,749],"class_list":{"0":"post-5292","1":"product","2":"type-product","3":"status-publish","4":"has-post-thumbnail","6":"product_cat-jongleerauskeilat","7":"product_cat-led-valineet","8":"product_tag-jongleeraus","9":"product_tag-keila","10":"product_tag-keilat","11":"product_tag-led","12":"product_tag-ledkeila","13":"product_tag-onepiece","14":"product_tag-valo","15":"product_tag-valokeila","16":"desktop-align-center","17":"tablet-align-left","18":"mobile-align-left","20":"first","21":"instock","22":"taxable","23":"shipping-taxable","24":"purchasable","25":"product-type-variable"},"_links":{"self":[{"href":"https:\/\/sirkussirkus.com\/kauppa\/wp-json\/wp\/v2\/product\/5292","targetHints":{"allow":["GET"]}}],"collection":[{"href":"https:\/\/sirkussirkus.com\/kauppa\/wp-json\/wp\/v2\/product"}],"about":[{"href":"https:\/\/sirkussirkus.com\/kauppa\/wp-json\/wp\/v2\/types\/product"}],"version-history":[{"count":4,"href":"https:\/\/sirkussirkus.com\/kauppa\/wp-json\/wp\/v2\/product\/5292\/revisions"}],"predecessor-version":[{"id":6795,"href":"https:\/\/sirkussirkus.com\/kauppa\/wp-json\/wp\/v2\/product\/5292\/revisions\/6795"}],"wp:featuredmedia":[{"embeddable":true,"href":"https:\/\/sirkussirkus.com\/kauppa\/wp-json\/wp\/v2\/media\/5293"}],"wp:attachment":[{"href":"https:\/\/sirkussirkus.com\/kauppa\/wp-json\/wp\/v2\/media?parent=5292"}],"wp:term":[{"taxonomy":"product_brand","embeddable":true,"href":"https:\/\/sirkussirkus.com\/kauppa\/wp-json\/wp\/v2\/product_brand?post=5292"},{"taxonomy":"product_cat","embeddable":true,"href":"https:\/\/sirkussirkus.com\/kauppa\/wp-json\/wp\/v2\/product_cat?post=5292"},{"taxonomy":"product_tag","embeddable":true,"href":"https:\/\/sirkussirkus.com\/kauppa\/wp-json\/wp\/v2\/product_tag?post=5292"}],"curies":[{"name":"wp","href":"https:\/\/api.w.org\/{rel}","templated":true}]}}