{"id":5284,"date":"2022-09-14T17:44:54","date_gmt":"2022-09-14T17:44:54","guid":{"rendered":"https:\/\/sirkussirkus.com\/kauppa\/?post_type=product&#038;p=5284"},"modified":"2024-04-15T15:19:36","modified_gmt":"2024-04-15T15:19:36","slug":"led-poi-pari","status":"publish","type":"product","link":"https:\/\/sirkussirkus.com\/kauppa\/product\/led-poi-pari\/","title":{"rendered":"Firetoys LED Valopoit (pari)"},"content":{"rendered":"<p>Uusi kest\u00e4v\u00e4mpi monitoiminnallinen valopoi! Kest\u00e4v\u00e4 pallo, s\u00e4\u00e4dett\u00e4v\u00e4 naru, sormilenkit, patterit mukana! Ohjataan yhdell\u00e4 napilla. Yksi painallus vaihtaa v\u00e4rin ja tuplapainallus vaihtaa ohjelman. Sammutus pit\u00e4m\u00e4ll\u00e4 nappia pohjassa 4 sekuntia. Yksill\u00e4 paristoilla poi toimii noin 5-8 tuntia ohjelmasta riippuen. Kiinte\u00e4t valot kuluttavat v\u00e4hemm\u00e4n paristoja kuin vaihtuvat ja vilkkuvat.<\/p>\n<p>Myyd\u00e4\u00e4n pareittain. Hinta sis\u00e4lt\u00e4\u00e4 kaksi poita.<\/p>\n<p>Paristot: kolme LR44-nappiparistoa per poi. Paristot sis\u00e4ltyv\u00e4t hintaan.<\/p>\n<p>Halkaisija 80mm \/ Paino 155g<\/p>\n","protected":false},"excerpt":{"rendered":"<p>Uusi kest\u00e4v\u00e4mpi monitoiminnallinen valopoi! Kest\u00e4v\u00e4 pallo, s\u00e4\u00e4dett\u00e4v\u00e4 naru, sormilenkit, patterit mukana! Ohjataan yhdell\u00e4 napilla. Yksi painallus vaihtaa v\u00e4rin ja tuplapainallus vaihtaa ohjelman. Sammutus pit\u00e4m\u00e4ll\u00e4 nappia pohjassa 4 sekuntia. Yksill\u00e4 paristoilla poi toimii noin 5-8 tuntia ohjelmasta riippuen. Kiinte\u00e4t valot kuluttavat v\u00e4hemm\u00e4n paristoja kuin vaihtuvat ja vilkkuvat. Myyd\u00e4\u00e4n pareittain. Hinta sis\u00e4lt\u00e4\u00e4 kaksi poita. Paristot: kolme LR44-nappiparistoa [&hellip;]<\/p>\n","protected":false},"featured_media":6088,"template":"","meta":{"site-sidebar-layout":"default","site-content-layout":"default","ast-site-content-layout":"default","site-content-style":"default","site-sidebar-style":"default","ast-global-header-display":"","ast-banner-title-visibility":"","ast-main-header-display":"","ast-hfb-above-header-display":"","ast-hfb-below-header-display":"","ast-hfb-mobile-header-display":"","site-post-title":"","ast-breadcrumbs-content":"","ast-featured-img":"","footer-sml-layout":"","theme-transparent-header-meta":"default","adv-header-id-meta":"","stick-header-meta":"","header-above-stick-meta":"","header-main-stick-meta":"","header-below-stick-meta":"","astra-migrate-meta-layouts":"default","ast-page-background-enabled":"default","ast-page-background-meta":{"desktop":{"background-color":"","background-image":"","background-repeat":"repeat","background-position":"center center","background-size":"auto","background-attachment":"scroll","background-type":"","background-media":"","overlay-type":"","overlay-color":"","overlay-opacity":"","overlay-gradient":""},"tablet":{"background-color":"","background-image":"","background-repeat":"repeat","background-position":"center center","background-size":"auto","background-attachment":"scroll","background-type":"","background-media":"","overlay-type":"","overlay-color":"","overlay-opacity":"","overlay-gradient":""},"mobile":{"background-color":"","background-image":"","background-repeat":"repeat","background-position":"center center","background-size":"auto","background-attachment":"scroll","background-type":"","background-media":"","overlay-type":"","overlay-color":"","overlay-opacity":"","overlay-gradient":""}},"ast-content-background-meta":{"desktop":{"background-color":"var(--ast-global-color-5)","background-image":"","background-repeat":"repeat","background-position":"center center","background-size":"auto","background-attachment":"scroll","background-type":"","background-media":"","overlay-type":"","overlay-color":"","overlay-opacity":"","overlay-gradient":""},"tablet":{"background-color":"var(--ast-global-color-5)","background-image":"","background-repeat":"repeat","background-position":"center center","background-size":"auto","background-attachment":"scroll","background-type":"","background-media":"","overlay-type":"","overlay-color":"","overlay-opacity":"","overlay-gradient":""},"mobile":{"background-color":"var(--ast-global-color-5)","background-image":"","background-repeat":"repeat","background-position":"center center","background-size":"auto","background-attachment":"scroll","background-type":"","background-media":"","overlay-type":"","overlay-color":"","overlay-opacity":"","overlay-gradient":""}}},"product_brand":[],"product_cat":[73,677,452],"product_tag":[187,184,80,424,704,447,705,183,703],"class_list":{"0":"post-5284","1":"product","2":"type-product","3":"status-publish","4":"has-post-thumbnail","6":"product_cat-muut-jongleeraus","7":"product_cat-uutuudet","8":"product_cat-led-valineet","9":"product_tag-187","10":"product_tag-firetoys","11":"product_tag-jongleeraus","12":"product_tag-led","13":"product_tag-ledpoi","14":"product_tag-poi","15":"product_tag-poit","16":"product_tag-valo","17":"product_tag-valopoi","18":"desktop-align-center","19":"tablet-align-left","20":"mobile-align-left","22":"first","23":"outofstock","24":"taxable","25":"shipping-taxable","26":"purchasable","27":"product-type-simple"},"_links":{"self":[{"href":"https:\/\/sirkussirkus.com\/kauppa\/wp-json\/wp\/v2\/product\/5284","targetHints":{"allow":["GET"]}}],"collection":[{"href":"https:\/\/sirkussirkus.com\/kauppa\/wp-json\/wp\/v2\/product"}],"about":[{"href":"https:\/\/sirkussirkus.com\/kauppa\/wp-json\/wp\/v2\/types\/product"}],"version-history":[{"count":8,"href":"https:\/\/sirkussirkus.com\/kauppa\/wp-json\/wp\/v2\/product\/5284\/revisions"}],"predecessor-version":[{"id":6089,"href":"https:\/\/sirkussirkus.com\/kauppa\/wp-json\/wp\/v2\/product\/5284\/revisions\/6089"}],"wp:featuredmedia":[{"embeddable":true,"href":"https:\/\/sirkussirkus.com\/kauppa\/wp-json\/wp\/v2\/media\/6088"}],"wp:attachment":[{"href":"https:\/\/sirkussirkus.com\/kauppa\/wp-json\/wp\/v2\/media?parent=5284"}],"wp:term":[{"taxonomy":"product_brand","embeddable":true,"href":"https:\/\/sirkussirkus.com\/kauppa\/wp-json\/wp\/v2\/product_brand?post=5284"},{"taxonomy":"product_cat","embeddable":true,"href":"https:\/\/sirkussirkus.com\/kauppa\/wp-json\/wp\/v2\/product_cat?post=5284"},{"taxonomy":"product_tag","embeddable":true,"href":"https:\/\/sirkussirkus.com\/kauppa\/wp-json\/wp\/v2\/product_tag?post=5284"}],"curies":[{"name":"wp","href":"https:\/\/api.w.org\/{rel}","templated":true}]}}