{"id":5276,"date":"2022-05-14T17:42:33","date_gmt":"2022-05-14T17:42:33","guid":{"rendered":"https:\/\/sirkussirkus.com\/kauppa\/?post_type=product&#038;p=5276"},"modified":"2025-12-09T19:41:33","modified_gmt":"2025-12-09T19:41:33","slug":"led-hyppynaru","status":"publish","type":"product","link":"https:\/\/sirkussirkus.com\/kauppa\/product\/led-hyppynaru\/","title":{"rendered":"LED Hyppynaru"},"content":{"rendered":"<div class=\"product-wrapper2\">\n<div class=\"product-info\">\n<div class=\"product-text\">\n<p>LED hyppynaru on hieno ja visuaalinen lis\u00e4 hyppynaruesitykseen.<\/p>\n<p>Kolme eri asetusta: kiinte\u00e4 valo, nopeasti vilkkuva, hitaasti vilkkuva. USB-ladattava akku. Latausjohto sis\u00e4ltyy hintaan. Mukavat ja kest\u00e4v\u00e4t kahvat, joissa erinomainen laakerointi. Naru on kest\u00e4v\u00e4, ja keskikohdassa on l\u00e4pin\u00e4kyv\u00e4 vahvike.<\/p>\n<p>275cm pitk\u00e4 naru on hyv\u00e4 170cm pitkille ja pidemmille.<\/p>\n<p>Katso my\u00f6s muut hyppynarumme osiosta MUUT \/ Hyppynarut.<\/p>\n<p>Pituus 275cm<\/p>\n<\/div>\n<\/div>\n<\/div>\n<div class=\"product-line\"><\/div>\n<div class=\"emptyspace\"><\/div>\n","protected":false},"excerpt":{"rendered":"<p>LED hyppynaru on hieno ja visuaalinen lis\u00e4 hyppynaruesitykseen. Kolme eri asetusta: kiinte\u00e4 valo, nopeasti vilkkuva, hitaasti vilkkuva. USB-ladattava akku. Latausjohto sis\u00e4ltyy hintaan. Mukavat ja kest\u00e4v\u00e4t kahvat, joissa erinomainen laakerointi. Naru on kest\u00e4v\u00e4, ja keskikohdassa on l\u00e4pin\u00e4kyv\u00e4 vahvike. 275cm pitk\u00e4 naru on hyv\u00e4 170cm pitkille ja pidemmille. Katso my\u00f6s muut hyppynarumme osiosta MUUT \/ Hyppynarut. Pituus [&hellip;]<\/p>\n","protected":false},"featured_media":5277,"template":"","meta":{"site-sidebar-layout":"default","site-content-layout":"default","ast-site-content-layout":"default","site-content-style":"default","site-sidebar-style":"default","ast-global-header-display":"","ast-banner-title-visibility":"","ast-main-header-display":"","ast-hfb-above-header-display":"","ast-hfb-below-header-display":"","ast-hfb-mobile-header-display":"","site-post-title":"","ast-breadcrumbs-content":"","ast-featured-img":"","footer-sml-layout":"","theme-transparent-header-meta":"default","adv-header-id-meta":"","stick-header-meta":"","header-above-stick-meta":"","header-main-stick-meta":"","header-below-stick-meta":"","astra-migrate-meta-layouts":"default","ast-page-background-enabled":"default","ast-page-background-meta":{"desktop":{"background-color":"","background-image":"","background-repeat":"repeat","background-position":"center center","background-size":"auto","background-attachment":"scroll","background-type":"","background-media":"","overlay-type":"","overlay-color":"","overlay-opacity":"","overlay-gradient":""},"tablet":{"background-color":"","background-image":"","background-repeat":"repeat","background-position":"center center","background-size":"auto","background-attachment":"scroll","background-type":"","background-media":"","overlay-type":"","overlay-color":"","overlay-opacity":"","overlay-gradient":""},"mobile":{"background-color":"","background-image":"","background-repeat":"repeat","background-position":"center center","background-size":"auto","background-attachment":"scroll","background-type":"","background-media":"","overlay-type":"","overlay-color":"","overlay-opacity":"","overlay-gradient":""}},"ast-content-background-meta":{"desktop":{"background-color":"var(--ast-global-color-5)","background-image":"","background-repeat":"repeat","background-position":"center center","background-size":"auto","background-attachment":"scroll","background-type":"","background-media":"","overlay-type":"","overlay-color":"","overlay-opacity":"","overlay-gradient":""},"tablet":{"background-color":"var(--ast-global-color-5)","background-image":"","background-repeat":"repeat","background-position":"center center","background-size":"auto","background-attachment":"scroll","background-type":"","background-media":"","overlay-type":"","overlay-color":"","overlay-opacity":"","overlay-gradient":""},"mobile":{"background-color":"var(--ast-global-color-5)","background-image":"","background-repeat":"repeat","background-position":"center center","background-size":"auto","background-attachment":"scroll","background-type":"","background-media":"","overlay-type":"","overlay-color":"","overlay-opacity":"","overlay-gradient":""}}},"product_brand":[],"product_cat":[594,452],"product_tag":[455,454,453,424,375],"class_list":{"0":"post-5276","1":"product","2":"type-product","3":"status-publish","4":"has-post-thumbnail","6":"product_cat-hyppynarut","7":"product_cat-led-valineet","8":"product_tag-455","9":"product_tag-454","10":"product_tag-hyppynaru","11":"product_tag-led","12":"product_tag-naru","13":"desktop-align-center","14":"tablet-align-left","15":"mobile-align-left","17":"first","18":"instock","19":"taxable","20":"shipping-taxable","21":"purchasable","22":"product-type-simple"},"_links":{"self":[{"href":"https:\/\/sirkussirkus.com\/kauppa\/wp-json\/wp\/v2\/product\/5276","targetHints":{"allow":["GET"]}}],"collection":[{"href":"https:\/\/sirkussirkus.com\/kauppa\/wp-json\/wp\/v2\/product"}],"about":[{"href":"https:\/\/sirkussirkus.com\/kauppa\/wp-json\/wp\/v2\/types\/product"}],"version-history":[{"count":2,"href":"https:\/\/sirkussirkus.com\/kauppa\/wp-json\/wp\/v2\/product\/5276\/revisions"}],"predecessor-version":[{"id":5447,"href":"https:\/\/sirkussirkus.com\/kauppa\/wp-json\/wp\/v2\/product\/5276\/revisions\/5447"}],"wp:featuredmedia":[{"embeddable":true,"href":"https:\/\/sirkussirkus.com\/kauppa\/wp-json\/wp\/v2\/media\/5277"}],"wp:attachment":[{"href":"https:\/\/sirkussirkus.com\/kauppa\/wp-json\/wp\/v2\/media?parent=5276"}],"wp:term":[{"taxonomy":"product_brand","embeddable":true,"href":"https:\/\/sirkussirkus.com\/kauppa\/wp-json\/wp\/v2\/product_brand?post=5276"},{"taxonomy":"product_cat","embeddable":true,"href":"https:\/\/sirkussirkus.com\/kauppa\/wp-json\/wp\/v2\/product_cat?post=5276"},{"taxonomy":"product_tag","embeddable":true,"href":"https:\/\/sirkussirkus.com\/kauppa\/wp-json\/wp\/v2\/product_tag?post=5276"}],"curies":[{"name":"wp","href":"https:\/\/api.w.org\/{rel}","templated":true}]}}