{"id":5237,"date":"2022-05-14T17:30:32","date_gmt":"2022-05-14T17:30:32","guid":{"rendered":"https:\/\/sirkussirkus.com\/kauppa\/?post_type=product&#038;p=5237"},"modified":"2026-04-24T19:34:33","modified_gmt":"2026-04-24T19:34:33","slug":"huivi-poi-pari","status":"publish","type":"product","link":"https:\/\/sirkussirkus.com\/kauppa\/product\/huivi-poi-pari\/","title":{"rendered":"Pyropixie Huivi-Poit (pari)"},"content":{"rendered":"<p>Intialaisvalmisteinen poi-pari, joka edustaa vastuullisesti reiluja jongleerausv\u00e4lineit\u00e4. Pitk\u00e4 n\u00e4ytt\u00e4v\u00e4 h\u00e4nt\u00e4, mukavat sormilenkit, kierronest\u00e4j\u00e4 sek\u00e4 pehme\u00e4 pallo. Erinomainen poipy\u00f6rittelyn aloittaville ja lapsille. Myyd\u00e4\u00e4n pareittain.<\/p>\n<p>Paino 80g\/kpl \/ Narun pituus 65cm \/ H\u00e4nn\u00e4n pituus 1m<\/p>\n<p>Valmistettu inhimillisiss\u00e4 olosuhteissa inhimillisell\u00e4 palkalla.<\/p>\n","protected":false},"excerpt":{"rendered":"<p>Intialaisvalmisteinen poi-pari, joka edustaa vastuullisesti reiluja jongleerausv\u00e4lineit\u00e4. Pitk\u00e4 n\u00e4ytt\u00e4v\u00e4 h\u00e4nt\u00e4, mukavat sormilenkit, kierronest\u00e4j\u00e4 sek\u00e4 pehme\u00e4 pallo. Erinomainen poipy\u00f6rittelyn aloittaville ja lapsille. Myyd\u00e4\u00e4n pareittain. Paino 80g\/kpl \/ Narun pituus 65cm \/ H\u00e4nn\u00e4n pituus 1m Valmistettu inhimillisiss\u00e4 olosuhteissa inhimillisell\u00e4 palkalla.<\/p>\n","protected":false},"featured_media":5243,"template":"","meta":{"site-sidebar-layout":"default","site-content-layout":"default","ast-site-content-layout":"default","site-content-style":"default","site-sidebar-style":"default","ast-global-header-display":"","ast-banner-title-visibility":"","ast-main-header-display":"","ast-hfb-above-header-display":"","ast-hfb-below-header-display":"","ast-hfb-mobile-header-display":"","site-post-title":"","ast-breadcrumbs-content":"","ast-featured-img":"","footer-sml-layout":"","theme-transparent-header-meta":"default","adv-header-id-meta":"","stick-header-meta":"","header-above-stick-meta":"","header-main-stick-meta":"","header-below-stick-meta":"","astra-migrate-meta-layouts":"set","ast-page-background-enabled":"default","ast-page-background-meta":{"desktop":{"background-color":"","background-image":"","background-repeat":"repeat","background-position":"center center","background-size":"auto","background-attachment":"scroll","background-type":"","background-media":"","overlay-type":"","overlay-color":"","overlay-opacity":"","overlay-gradient":""},"tablet":{"background-color":"","background-image":"","background-repeat":"repeat","background-position":"center center","background-size":"auto","background-attachment":"scroll","background-type":"","background-media":"","overlay-type":"","overlay-color":"","overlay-opacity":"","overlay-gradient":""},"mobile":{"background-color":"","background-image":"","background-repeat":"repeat","background-position":"center center","background-size":"auto","background-attachment":"scroll","background-type":"","background-media":"","overlay-type":"","overlay-color":"","overlay-opacity":"","overlay-gradient":""}},"ast-content-background-meta":{"desktop":{"background-color":"var(--ast-global-color-5)","background-image":"","background-repeat":"repeat","background-position":"center center","background-size":"auto","background-attachment":"scroll","background-type":"","background-media":"","overlay-type":"","overlay-color":"","overlay-opacity":"","overlay-gradient":""},"tablet":{"background-color":"var(--ast-global-color-5)","background-image":"","background-repeat":"repeat","background-position":"center center","background-size":"auto","background-attachment":"scroll","background-type":"","background-media":"","overlay-type":"","overlay-color":"","overlay-opacity":"","overlay-gradient":""},"mobile":{"background-color":"var(--ast-global-color-5)","background-image":"","background-repeat":"repeat","background-position":"center center","background-size":"auto","background-attachment":"scroll","background-type":"","background-media":"","overlay-type":"","overlay-color":"","overlay-opacity":"","overlay-gradient":""}}},"product_brand":[],"product_cat":[73],"product_tag":[448,153,426,427,80,447,705],"class_list":{"0":"post-5237","1":"product","2":"type-product","3":"status-publish","4":"has-post-thumbnail","6":"product_cat-muut-jongleeraus","7":"product_tag-448","8":"product_tag-153","9":"product_tag-huivi","10":"product_tag-huivit","11":"product_tag-jongleeraus","12":"product_tag-poi","13":"product_tag-poit","14":"desktop-align-center","15":"tablet-align-left","16":"mobile-align-left","18":"first","19":"instock","20":"taxable","21":"shipping-taxable","22":"purchasable","23":"product-type-variable","24":"has-default-attributes"},"_links":{"self":[{"href":"https:\/\/sirkussirkus.com\/kauppa\/wp-json\/wp\/v2\/product\/5237","targetHints":{"allow":["GET"]}}],"collection":[{"href":"https:\/\/sirkussirkus.com\/kauppa\/wp-json\/wp\/v2\/product"}],"about":[{"href":"https:\/\/sirkussirkus.com\/kauppa\/wp-json\/wp\/v2\/types\/product"}],"version-history":[{"count":5,"href":"https:\/\/sirkussirkus.com\/kauppa\/wp-json\/wp\/v2\/product\/5237\/revisions"}],"predecessor-version":[{"id":8814,"href":"https:\/\/sirkussirkus.com\/kauppa\/wp-json\/wp\/v2\/product\/5237\/revisions\/8814"}],"wp:featuredmedia":[{"embeddable":true,"href":"https:\/\/sirkussirkus.com\/kauppa\/wp-json\/wp\/v2\/media\/5243"}],"wp:attachment":[{"href":"https:\/\/sirkussirkus.com\/kauppa\/wp-json\/wp\/v2\/media?parent=5237"}],"wp:term":[{"taxonomy":"product_brand","embeddable":true,"href":"https:\/\/sirkussirkus.com\/kauppa\/wp-json\/wp\/v2\/product_brand?post=5237"},{"taxonomy":"product_cat","embeddable":true,"href":"https:\/\/sirkussirkus.com\/kauppa\/wp-json\/wp\/v2\/product_cat?post=5237"},{"taxonomy":"product_tag","embeddable":true,"href":"https:\/\/sirkussirkus.com\/kauppa\/wp-json\/wp\/v2\/product_tag?post=5237"}],"curies":[{"name":"wp","href":"https:\/\/api.w.org\/{rel}","templated":true}]}}