{"id":5205,"date":"2022-05-14T17:19:28","date_gmt":"2022-05-14T17:19:28","guid":{"rendered":"https:\/\/sirkussirkus.com\/kauppa\/?post_type=product&#038;p=5205"},"modified":"2026-03-15T14:03:46","modified_gmt":"2026-03-15T14:03:46","slug":"jongleeraushattu","status":"publish","type":"product","link":"https:\/\/sirkussirkus.com\/kauppa\/product\/jongleeraushattu\/","title":{"rendered":"Jongleeraushattu"},"content":{"rendered":"<div class=\"product-text\">\n<p>Hattu, joka on tarkoitettu nimenomaan hattumanipulaatioon ja hattujongleeraukseen. Hatun kolmikerroksinen huopa on 100% villaa. Materiaali ei menet\u00e4 muotoaan tai murru kovassakaan k\u00e4yt\u00f6ss\u00e4 ja antaa hatulle sopivan painon sek\u00e4 hyv\u00e4n miellytt\u00e4v\u00e4n ja pit\u00e4v\u00e4n pinnan.<\/p>\n<p>Pyrimme pit\u00e4m\u00e4\u00e4n kaikkia kokoja yhden mustavalkoisen hatun varastossa, jotta hattukokoja p\u00e4\u00e4see haluttaessa kokeilemaan. Muut v\u00e4rit tilaustuotteita.<\/p>\n<p>Paino noin 500g<br \/>\nKoot: 57, 58, 59, 60<br \/>\nV\u00e4rit: mustapunainen, mustavihre\u00e4, mustasininen, mustavalkoinen, kokomusta, punamusta, oranssisininen, sinioranssi<\/p>\n<\/div>\n","protected":false},"excerpt":{"rendered":"<p>Hattu, joka on tarkoitettu nimenomaan hattumanipulaatioon ja hattujongleeraukseen. Hatun kolmikerroksinen huopa on 100% villaa. Materiaali ei menet\u00e4 muotoaan tai murru kovassakaan k\u00e4yt\u00f6ss\u00e4 ja antaa hatulle sopivan painon sek\u00e4 hyv\u00e4n miellytt\u00e4v\u00e4n ja pit\u00e4v\u00e4n pinnan. Pyrimme pit\u00e4m\u00e4\u00e4n kaikkia kokoja yhden mustavalkoisen hatun varastossa, jotta hattukokoja p\u00e4\u00e4see haluttaessa kokeilemaan. Muut v\u00e4rit tilaustuotteita. Paino noin 500g Koot: 57, 58, [&hellip;]<\/p>\n","protected":false},"featured_media":5206,"template":"","meta":{"site-sidebar-layout":"default","site-content-layout":"default","ast-site-content-layout":"default","site-content-style":"default","site-sidebar-style":"default","ast-global-header-display":"","ast-banner-title-visibility":"","ast-main-header-display":"","ast-hfb-above-header-display":"","ast-hfb-below-header-display":"","ast-hfb-mobile-header-display":"","site-post-title":"","ast-breadcrumbs-content":"","ast-featured-img":"","footer-sml-layout":"","theme-transparent-header-meta":"default","adv-header-id-meta":"","stick-header-meta":"","header-above-stick-meta":"","header-main-stick-meta":"","header-below-stick-meta":"","astra-migrate-meta-layouts":"set","ast-page-background-enabled":"default","ast-page-background-meta":{"desktop":{"background-color":"","background-image":"","background-repeat":"repeat","background-position":"center center","background-size":"auto","background-attachment":"scroll","background-type":"","background-media":"","overlay-type":"","overlay-color":"","overlay-opacity":"","overlay-gradient":""},"tablet":{"background-color":"","background-image":"","background-repeat":"repeat","background-position":"center center","background-size":"auto","background-attachment":"scroll","background-type":"","background-media":"","overlay-type":"","overlay-color":"","overlay-opacity":"","overlay-gradient":""},"mobile":{"background-color":"","background-image":"","background-repeat":"repeat","background-position":"center center","background-size":"auto","background-attachment":"scroll","background-type":"","background-media":"","overlay-type":"","overlay-color":"","overlay-opacity":"","overlay-gradient":""}},"ast-content-background-meta":{"desktop":{"background-color":"var(--ast-global-color-5)","background-image":"","background-repeat":"repeat","background-position":"center center","background-size":"auto","background-attachment":"scroll","background-type":"","background-media":"","overlay-type":"","overlay-color":"","overlay-opacity":"","overlay-gradient":""},"tablet":{"background-color":"var(--ast-global-color-5)","background-image":"","background-repeat":"repeat","background-position":"center center","background-size":"auto","background-attachment":"scroll","background-type":"","background-media":"","overlay-type":"","overlay-color":"","overlay-opacity":"","overlay-gradient":""},"mobile":{"background-color":"var(--ast-global-color-5)","background-image":"","background-repeat":"repeat","background-position":"center center","background-size":"auto","background-attachment":"scroll","background-type":"","background-media":"","overlay-type":"","overlay-color":"","overlay-opacity":"","overlay-gradient":""}}},"product_brand":[],"product_cat":[73,677],"product_tag":[434,80,273],"class_list":{"0":"post-5205","1":"product","2":"type-product","3":"status-publish","4":"has-post-thumbnail","6":"product_cat-muut-jongleeraus","7":"product_cat-uutuudet","8":"product_tag-hattu","9":"product_tag-jongleeraus","10":"product_tag-tilaustuote","11":"desktop-align-center","12":"tablet-align-left","13":"mobile-align-left","15":"first","16":"instock","17":"taxable","18":"shipping-taxable","19":"purchasable","20":"product-type-variable"},"_links":{"self":[{"href":"https:\/\/sirkussirkus.com\/kauppa\/wp-json\/wp\/v2\/product\/5205","targetHints":{"allow":["GET"]}}],"collection":[{"href":"https:\/\/sirkussirkus.com\/kauppa\/wp-json\/wp\/v2\/product"}],"about":[{"href":"https:\/\/sirkussirkus.com\/kauppa\/wp-json\/wp\/v2\/types\/product"}],"version-history":[{"count":4,"href":"https:\/\/sirkussirkus.com\/kauppa\/wp-json\/wp\/v2\/product\/5205\/revisions"}],"predecessor-version":[{"id":8917,"href":"https:\/\/sirkussirkus.com\/kauppa\/wp-json\/wp\/v2\/product\/5205\/revisions\/8917"}],"wp:featuredmedia":[{"embeddable":true,"href":"https:\/\/sirkussirkus.com\/kauppa\/wp-json\/wp\/v2\/media\/5206"}],"wp:attachment":[{"href":"https:\/\/sirkussirkus.com\/kauppa\/wp-json\/wp\/v2\/media?parent=5205"}],"wp:term":[{"taxonomy":"product_brand","embeddable":true,"href":"https:\/\/sirkussirkus.com\/kauppa\/wp-json\/wp\/v2\/product_brand?post=5205"},{"taxonomy":"product_cat","embeddable":true,"href":"https:\/\/sirkussirkus.com\/kauppa\/wp-json\/wp\/v2\/product_cat?post=5205"},{"taxonomy":"product_tag","embeddable":true,"href":"https:\/\/sirkussirkus.com\/kauppa\/wp-json\/wp\/v2\/product_tag?post=5205"}],"curies":[{"name":"wp","href":"https:\/\/api.w.org\/{rel}","templated":true}]}}