{"id":5163,"date":"2022-05-14T17:10:09","date_gmt":"2022-05-14T17:10:09","guid":{"rendered":"https:\/\/sirkussirkus.com\/kauppa\/?post_type=product&#038;p=5163"},"modified":"2025-11-13T19:05:29","modified_gmt":"2025-11-13T19:05:29","slug":"echo-hoop-vanneteippi","status":"publish","type":"product","link":"https:\/\/sirkussirkus.com\/kauppa\/product\/echo-hoop-vanneteippi\/","title":{"rendered":"Echo Hoop &#8211; Vanneteippi"},"content":{"rendered":"<p>UV-reagoiva upea kangasteippi, joka on vartavasten vanteille suunniteltu.<\/p>\n<p>Teipiss\u00e4 on hyv\u00e4 pito, mutta se on silti sopivan ohutta. Liima on pit\u00e4v\u00e4\u00e4 ja teippi itsess\u00e4\u00e4n kest\u00e4\u00e4 ja joustaa, joten se on my\u00f6s helppo asentaa. P\u00e4\u00e4t\u00f6ssaumaan kannattaa laittaa tippa pikaliimaa varmistaaksesi teippauksen pitk\u00e4n i\u00e4n.<\/p>\n<p>Leveys 25mm \/ Pituus 25m<\/p>\n","protected":false},"excerpt":{"rendered":"<p>UV-reagoiva upea kangasteippi, joka on vartavasten vanteille suunniteltu. Teipiss\u00e4 on hyv\u00e4 pito, mutta se on silti sopivan ohutta. Liima on pit\u00e4v\u00e4\u00e4 ja teippi itsess\u00e4\u00e4n kest\u00e4\u00e4 ja joustaa, joten se on my\u00f6s helppo asentaa. P\u00e4\u00e4t\u00f6ssaumaan kannattaa laittaa tippa pikaliimaa varmistaaksesi teippauksen pitk\u00e4n i\u00e4n. Leveys 25mm \/ Pituus 25m<\/p>\n","protected":false},"featured_media":5160,"template":"","meta":{"site-sidebar-layout":"default","site-content-layout":"default","ast-site-content-layout":"default","site-content-style":"default","site-sidebar-style":"default","ast-global-header-display":"","ast-banner-title-visibility":"","ast-main-header-display":"","ast-hfb-above-header-display":"","ast-hfb-below-header-display":"","ast-hfb-mobile-header-display":"","site-post-title":"","ast-breadcrumbs-content":"","ast-featured-img":"","footer-sml-layout":"","theme-transparent-header-meta":"default","adv-header-id-meta":"","stick-header-meta":"","header-above-stick-meta":"","header-main-stick-meta":"","header-below-stick-meta":"","astra-migrate-meta-layouts":"default","ast-page-background-enabled":"default","ast-page-background-meta":{"desktop":{"background-color":"","background-image":"","background-repeat":"repeat","background-position":"center center","background-size":"auto","background-attachment":"scroll","background-type":"","background-media":"","overlay-type":"","overlay-color":"","overlay-opacity":"","overlay-gradient":""},"tablet":{"background-color":"","background-image":"","background-repeat":"repeat","background-position":"center center","background-size":"auto","background-attachment":"scroll","background-type":"","background-media":"","overlay-type":"","overlay-color":"","overlay-opacity":"","overlay-gradient":""},"mobile":{"background-color":"","background-image":"","background-repeat":"repeat","background-position":"center center","background-size":"auto","background-attachment":"scroll","background-type":"","background-media":"","overlay-type":"","overlay-color":"","overlay-opacity":"","overlay-gradient":""}},"ast-content-background-meta":{"desktop":{"background-color":"var(--ast-global-color-5)","background-image":"","background-repeat":"repeat","background-position":"center center","background-size":"auto","background-attachment":"scroll","background-type":"","background-media":"","overlay-type":"","overlay-color":"","overlay-opacity":"","overlay-gradient":""},"tablet":{"background-color":"var(--ast-global-color-5)","background-image":"","background-repeat":"repeat","background-position":"center center","background-size":"auto","background-attachment":"scroll","background-type":"","background-media":"","overlay-type":"","overlay-color":"","overlay-opacity":"","overlay-gradient":""},"mobile":{"background-color":"var(--ast-global-color-5)","background-image":"","background-repeat":"repeat","background-position":"center center","background-size":"auto","background-attachment":"scroll","background-type":"","background-media":"","overlay-type":"","overlay-color":"","overlay-opacity":"","overlay-gradient":""}}},"product_brand":[],"product_cat":[72],"product_tag":[420,419,422,80,191,418],"class_list":{"0":"post-5163","1":"product","2":"type-product","3":"status-publish","4":"has-post-thumbnail","6":"product_cat-hulavanteet","7":"product_tag-echo","8":"product_tag-hoop","9":"product_tag-hulavanteet","10":"product_tag-jongleeraus","11":"product_tag-teippi","12":"product_tag-vanne","13":"desktop-align-center","14":"tablet-align-left","15":"mobile-align-left","17":"first","18":"instock","19":"taxable","20":"shipping-taxable","21":"purchasable","22":"product-type-variable","23":"has-default-attributes"},"_links":{"self":[{"href":"https:\/\/sirkussirkus.com\/kauppa\/wp-json\/wp\/v2\/product\/5163","targetHints":{"allow":["GET"]}}],"collection":[{"href":"https:\/\/sirkussirkus.com\/kauppa\/wp-json\/wp\/v2\/product"}],"about":[{"href":"https:\/\/sirkussirkus.com\/kauppa\/wp-json\/wp\/v2\/types\/product"}],"version-history":[{"count":1,"href":"https:\/\/sirkussirkus.com\/kauppa\/wp-json\/wp\/v2\/product\/5163\/revisions"}],"predecessor-version":[{"id":5174,"href":"https:\/\/sirkussirkus.com\/kauppa\/wp-json\/wp\/v2\/product\/5163\/revisions\/5174"}],"wp:featuredmedia":[{"embeddable":true,"href":"https:\/\/sirkussirkus.com\/kauppa\/wp-json\/wp\/v2\/media\/5160"}],"wp:attachment":[{"href":"https:\/\/sirkussirkus.com\/kauppa\/wp-json\/wp\/v2\/media?parent=5163"}],"wp:term":[{"taxonomy":"product_brand","embeddable":true,"href":"https:\/\/sirkussirkus.com\/kauppa\/wp-json\/wp\/v2\/product_brand?post=5163"},{"taxonomy":"product_cat","embeddable":true,"href":"https:\/\/sirkussirkus.com\/kauppa\/wp-json\/wp\/v2\/product_cat?post=5163"},{"taxonomy":"product_tag","embeddable":true,"href":"https:\/\/sirkussirkus.com\/kauppa\/wp-json\/wp\/v2\/product_tag?post=5163"}],"curies":[{"name":"wp","href":"https:\/\/api.w.org\/{rel}","templated":true}]}}