{"id":5140,"date":"2022-05-14T17:04:42","date_gmt":"2022-05-14T17:04:42","guid":{"rendered":"https:\/\/sirkussirkus.com\/kauppa\/?post_type=product&#038;p=5140"},"modified":"2023-11-07T08:40:07","modified_gmt":"2023-11-07T08:40:07","slug":"led-vanne-95cm","status":"publish","type":"product","link":"https:\/\/sirkussirkus.com\/kauppa\/product\/led-vanne-95cm\/","title":{"rendered":"LED Vanne 95cm"},"content":{"rendered":"<div class=\"product-text\">\n<p>Echo Hoop kokoontaitettava LED-matkavanne.<\/p>\n<p>Ominaisuudet: Halkaisija 95cm, kokoontaitettava, 84 led-valoa, yli 300 eri valoasetusta, kaukos\u00e4\u00e4din, ladattava akku, USB-liitin latausta varten. Mukana my\u00f6s ohjekirjanen.<\/p>\n<p>Laadukas kokoontaitettava valovanne. Useita eri valotilanteita, joita voi tallentaa kaukos\u00e4\u00e4timen muistiin. N\u00e4pp\u00e4r\u00e4 taskuunmenev\u00e4 RF Wireless -kaukos\u00e4\u00e4din, jota ei tarvitse suunnata. Kaukos\u00e4\u00e4timen toimintas\u00e4de noin 50 metri\u00e4. Vanteessa kest\u00e4v\u00e4 akku, jonka voi ladata USB-liittimen kanssa. Akun kesto t\u00e4yteen ladattuna noin 2 tuntia.<\/p>\n<p>Halkaisija 95cm \/ Paksuus 20mm \/ 300g \/ Ledit 84.<\/p>\n<p>S\u00e4ilyt\u00e4 vannetta aina k\u00e4ytt\u00f6koossa. Kokoontaita vain kuljetusta varten.<\/p>\n<\/div>\n","protected":false},"excerpt":{"rendered":"<p>Echo Hoop kokoontaitettava LED-matkavanne. Ominaisuudet: Halkaisija 95cm, kokoontaitettava, 84 led-valoa, yli 300 eri valoasetusta, kaukos\u00e4\u00e4din, ladattava akku, USB-liitin latausta varten. Mukana my\u00f6s ohjekirjanen. Laadukas kokoontaitettava valovanne. Useita eri valotilanteita, joita voi tallentaa kaukos\u00e4\u00e4timen muistiin. N\u00e4pp\u00e4r\u00e4 taskuunmenev\u00e4 RF Wireless -kaukos\u00e4\u00e4din, jota ei tarvitse suunnata. Kaukos\u00e4\u00e4timen toimintas\u00e4de noin 50 metri\u00e4. Vanteessa kest\u00e4v\u00e4 akku, jonka voi ladata USB-liittimen [&hellip;]<\/p>\n","protected":false},"featured_media":5141,"template":"","meta":{"site-sidebar-layout":"default","site-content-layout":"default","ast-site-content-layout":"default","site-content-style":"default","site-sidebar-style":"default","ast-global-header-display":"","ast-banner-title-visibility":"","ast-main-header-display":"","ast-hfb-above-header-display":"","ast-hfb-below-header-display":"","ast-hfb-mobile-header-display":"","site-post-title":"","ast-breadcrumbs-content":"","ast-featured-img":"","footer-sml-layout":"","theme-transparent-header-meta":"default","adv-header-id-meta":"","stick-header-meta":"","header-above-stick-meta":"","header-main-stick-meta":"","header-below-stick-meta":"","astra-migrate-meta-layouts":"default","ast-page-background-enabled":"default","ast-page-background-meta":{"desktop":{"background-color":"","background-image":"","background-repeat":"repeat","background-position":"center center","background-size":"auto","background-attachment":"scroll","background-type":"","background-media":"","overlay-type":"","overlay-color":"","overlay-opacity":"","overlay-gradient":""},"tablet":{"background-color":"","background-image":"","background-repeat":"repeat","background-position":"center center","background-size":"auto","background-attachment":"scroll","background-type":"","background-media":"","overlay-type":"","overlay-color":"","overlay-opacity":"","overlay-gradient":""},"mobile":{"background-color":"","background-image":"","background-repeat":"repeat","background-position":"center center","background-size":"auto","background-attachment":"scroll","background-type":"","background-media":"","overlay-type":"","overlay-color":"","overlay-opacity":"","overlay-gradient":""}},"ast-content-background-meta":{"desktop":{"background-color":"var(--ast-global-color-5)","background-image":"","background-repeat":"repeat","background-position":"center center","background-size":"auto","background-attachment":"scroll","background-type":"","background-media":"","overlay-type":"","overlay-color":"","overlay-opacity":"","overlay-gradient":""},"tablet":{"background-color":"var(--ast-global-color-5)","background-image":"","background-repeat":"repeat","background-position":"center center","background-size":"auto","background-attachment":"scroll","background-type":"","background-media":"","overlay-type":"","overlay-color":"","overlay-opacity":"","overlay-gradient":""},"mobile":{"background-color":"var(--ast-global-color-5)","background-image":"","background-repeat":"repeat","background-position":"center center","background-size":"auto","background-attachment":"scroll","background-type":"","background-media":"","overlay-type":"","overlay-color":"","overlay-opacity":"","overlay-gradient":""}}},"product_brand":[],"product_cat":[72,452],"product_tag":[425,420,419,417,422,80,424,418],"class_list":{"0":"post-5140","1":"product","2":"type-product","3":"status-publish","4":"has-post-thumbnail","6":"product_cat-hulavanteet","7":"product_cat-led-valineet","8":"product_tag-425","9":"product_tag-echo","10":"product_tag-hoop","11":"product_tag-hula","12":"product_tag-hulavanteet","13":"product_tag-jongleeraus","14":"product_tag-led","15":"product_tag-vanne","16":"desktop-align-center","17":"tablet-align-left","18":"mobile-align-left","20":"first","21":"outofstock","22":"taxable","23":"shipping-taxable","24":"purchasable","25":"product-type-simple"},"_links":{"self":[{"href":"https:\/\/sirkussirkus.com\/kauppa\/wp-json\/wp\/v2\/product\/5140","targetHints":{"allow":["GET"]}}],"collection":[{"href":"https:\/\/sirkussirkus.com\/kauppa\/wp-json\/wp\/v2\/product"}],"about":[{"href":"https:\/\/sirkussirkus.com\/kauppa\/wp-json\/wp\/v2\/types\/product"}],"version-history":[{"count":1,"href":"https:\/\/sirkussirkus.com\/kauppa\/wp-json\/wp\/v2\/product\/5140\/revisions"}],"predecessor-version":[{"id":5152,"href":"https:\/\/sirkussirkus.com\/kauppa\/wp-json\/wp\/v2\/product\/5140\/revisions\/5152"}],"wp:featuredmedia":[{"embeddable":true,"href":"https:\/\/sirkussirkus.com\/kauppa\/wp-json\/wp\/v2\/media\/5141"}],"wp:attachment":[{"href":"https:\/\/sirkussirkus.com\/kauppa\/wp-json\/wp\/v2\/media?parent=5140"}],"wp:term":[{"taxonomy":"product_brand","embeddable":true,"href":"https:\/\/sirkussirkus.com\/kauppa\/wp-json\/wp\/v2\/product_brand?post=5140"},{"taxonomy":"product_cat","embeddable":true,"href":"https:\/\/sirkussirkus.com\/kauppa\/wp-json\/wp\/v2\/product_cat?post=5140"},{"taxonomy":"product_tag","embeddable":true,"href":"https:\/\/sirkussirkus.com\/kauppa\/wp-json\/wp\/v2\/product_tag?post=5140"}],"curies":[{"name":"wp","href":"https:\/\/api.w.org\/{rel}","templated":true}]}}