{"id":5120,"date":"2022-05-14T16:35:13","date_gmt":"2022-05-14T16:35:13","guid":{"rendered":"https:\/\/sirkussirkus.com\/kauppa\/?post_type=product&#038;p=5120"},"modified":"2024-06-04T08:40:47","modified_gmt":"2024-06-04T08:40:47","slug":"play-perfect-hoop-100cm","status":"publish","type":"product","link":"https:\/\/sirkussirkus.com\/kauppa\/product\/play-perfect-hoop-100cm\/","title":{"rendered":"Play &#8211; Perfect Hoop 100cm"},"content":{"rendered":"<p>Rakkaalla lapsella on monta nime\u00e4: Hulavanne (Hula Hoop), sirkusvanne (Circus Hoop), vannetanssivanne (Hoop Dancing), huuppausvanne (Hooping)&#8230; Playn valmistama laadukas vanne, joka on erinomaisen mukava k\u00e4ytt\u00e4\u00e4 ja lis\u00e4ksi kokoontaitettava.<\/p>\n<p>Materiaalina vanteessa HDPE eli tiivispolyeteeni. Liitoskohta k\u00e4yristetty\u00e4 alumiinia. Liitoskohta mahdollistaa kokoontaiton puolet pienemp\u00e4\u00e4n tilaan, ja siksi t\u00e4llaisia vanteita kutsutaan my\u00f6s nimell\u00e4 matkavanne (travel hoop). Liitoskohdan ansiosta vanteita voi my\u00f6s ketjuttaa toisiinsa.<\/p>\n<p>Paksumpi ja isompi vanne (100mm \/ 20mm) sopii hienosti aloittelijoille ja vannetanssiin, kun taas kevyempi ja pienempi (85mm \/ 16mm) sopii paremmin teknisemp\u00e4\u00e4n temppuiluun, sirkustyylisiin vannetemppuihin ja useamman vanteen tekniikoihin.<\/p>\n<p>Halkaisija 100cm \/ Paksuus 20mm \/ Paino 350g<\/p>\n","protected":false},"excerpt":{"rendered":"<p>Rakkaalla lapsella on monta nime\u00e4: Hulavanne (Hula Hoop), sirkusvanne (Circus Hoop), vannetanssivanne (Hoop Dancing), huuppausvanne (Hooping)&#8230; Playn valmistama laadukas vanne, joka on erinomaisen mukava k\u00e4ytt\u00e4\u00e4 ja lis\u00e4ksi kokoontaitettava. Materiaalina vanteessa HDPE eli tiivispolyeteeni. Liitoskohta k\u00e4yristetty\u00e4 alumiinia. Liitoskohta mahdollistaa kokoontaiton puolet pienemp\u00e4\u00e4n tilaan, ja siksi t\u00e4llaisia vanteita kutsutaan my\u00f6s nimell\u00e4 matkavanne (travel hoop). Liitoskohdan ansiosta vanteita [&hellip;]<\/p>\n","protected":false},"featured_media":5126,"template":"","meta":{"site-sidebar-layout":"default","site-content-layout":"default","ast-site-content-layout":"default","site-content-style":"default","site-sidebar-style":"default","ast-global-header-display":"","ast-banner-title-visibility":"","ast-main-header-display":"","ast-hfb-above-header-display":"","ast-hfb-below-header-display":"","ast-hfb-mobile-header-display":"","site-post-title":"","ast-breadcrumbs-content":"","ast-featured-img":"","footer-sml-layout":"","theme-transparent-header-meta":"default","adv-header-id-meta":"","stick-header-meta":"","header-above-stick-meta":"","header-main-stick-meta":"","header-below-stick-meta":"","astra-migrate-meta-layouts":"default","ast-page-background-enabled":"default","ast-page-background-meta":{"desktop":{"background-color":"","background-image":"","background-repeat":"repeat","background-position":"center center","background-size":"auto","background-attachment":"scroll","background-type":"","background-media":"","overlay-type":"","overlay-color":"","overlay-opacity":"","overlay-gradient":""},"tablet":{"background-color":"","background-image":"","background-repeat":"repeat","background-position":"center center","background-size":"auto","background-attachment":"scroll","background-type":"","background-media":"","overlay-type":"","overlay-color":"","overlay-opacity":"","overlay-gradient":""},"mobile":{"background-color":"","background-image":"","background-repeat":"repeat","background-position":"center center","background-size":"auto","background-attachment":"scroll","background-type":"","background-media":"","overlay-type":"","overlay-color":"","overlay-opacity":"","overlay-gradient":""}},"ast-content-background-meta":{"desktop":{"background-color":"var(--ast-global-color-5)","background-image":"","background-repeat":"repeat","background-position":"center center","background-size":"auto","background-attachment":"scroll","background-type":"","background-media":"","overlay-type":"","overlay-color":"","overlay-opacity":"","overlay-gradient":""},"tablet":{"background-color":"var(--ast-global-color-5)","background-image":"","background-repeat":"repeat","background-position":"center center","background-size":"auto","background-attachment":"scroll","background-type":"","background-media":"","overlay-type":"","overlay-color":"","overlay-opacity":"","overlay-gradient":""},"mobile":{"background-color":"var(--ast-global-color-5)","background-image":"","background-repeat":"repeat","background-position":"center center","background-size":"auto","background-attachment":"scroll","background-type":"","background-media":"","overlay-type":"","overlay-color":"","overlay-opacity":"","overlay-gradient":""}}},"product_brand":[],"product_cat":[72],"product_tag":[175,419,417,422,80,423,108,418],"class_list":{"0":"post-5120","1":"product","2":"type-product","3":"status-publish","4":"has-post-thumbnail","6":"product_cat-hulavanteet","7":"product_tag-175","8":"product_tag-hoop","9":"product_tag-hula","10":"product_tag-hulavanteet","11":"product_tag-jongleeraus","12":"product_tag-perfect","13":"product_tag-play","14":"product_tag-vanne","15":"desktop-align-center","16":"tablet-align-left","17":"mobile-align-left","19":"first","20":"outofstock","21":"taxable","22":"shipping-taxable","23":"purchasable","24":"product-type-variable","25":"has-default-attributes"},"_links":{"self":[{"href":"https:\/\/sirkussirkus.com\/kauppa\/wp-json\/wp\/v2\/product\/5120","targetHints":{"allow":["GET"]}}],"collection":[{"href":"https:\/\/sirkussirkus.com\/kauppa\/wp-json\/wp\/v2\/product"}],"about":[{"href":"https:\/\/sirkussirkus.com\/kauppa\/wp-json\/wp\/v2\/types\/product"}],"version-history":[{"count":1,"href":"https:\/\/sirkussirkus.com\/kauppa\/wp-json\/wp\/v2\/product\/5120\/revisions"}],"predecessor-version":[{"id":5130,"href":"https:\/\/sirkussirkus.com\/kauppa\/wp-json\/wp\/v2\/product\/5120\/revisions\/5130"}],"wp:featuredmedia":[{"embeddable":true,"href":"https:\/\/sirkussirkus.com\/kauppa\/wp-json\/wp\/v2\/media\/5126"}],"wp:attachment":[{"href":"https:\/\/sirkussirkus.com\/kauppa\/wp-json\/wp\/v2\/media?parent=5120"}],"wp:term":[{"taxonomy":"product_brand","embeddable":true,"href":"https:\/\/sirkussirkus.com\/kauppa\/wp-json\/wp\/v2\/product_brand?post=5120"},{"taxonomy":"product_cat","embeddable":true,"href":"https:\/\/sirkussirkus.com\/kauppa\/wp-json\/wp\/v2\/product_cat?post=5120"},{"taxonomy":"product_tag","embeddable":true,"href":"https:\/\/sirkussirkus.com\/kauppa\/wp-json\/wp\/v2\/product_tag?post=5120"}],"curies":[{"name":"wp","href":"https:\/\/api.w.org\/{rel}","templated":true}]}}