{"id":5105,"date":"2022-05-14T16:32:08","date_gmt":"2022-05-14T16:32:08","guid":{"rendered":"https:\/\/sirkussirkus.com\/kauppa\/?post_type=product&#038;p=5105"},"modified":"2026-03-25T16:12:05","modified_gmt":"2026-03-25T16:12:05","slug":"echo-hoop-matkavanne","status":"publish","type":"product","link":"https:\/\/sirkussirkus.com\/kauppa\/product\/echo-hoop-matkavanne\/","title":{"rendered":"Echo Hoop 90cm &#8211; Matkavanne"},"content":{"rendered":"<div class=\"product-text\">\n<p>Rakkaalla lapsella on monta nime\u00e4: Hulavanne (Hula Hoop), sirkusvanne (Circus Hoop), vannetanssivanne (Hoop Dancing Hoop), huuppausvanne (Hooping Hoop)&#8230; Echo Hoopin valmistama eritt\u00e4in siististi teipattu laatuvanne, joka on kokoontaitettava.<\/p>\n<p>Materiaalina vanteessa HDPE eli tiivispolyeteeni. Liitoskohta k\u00e4yristetty\u00e4 alumiinia. Liitoskohta mahdollistaa kokoontaiton puolet pienemp\u00e4\u00e4n tilaan, ja siksi t\u00e4llaisia vanteita kutsutaan my\u00f6s nimell\u00e4 matkavanne (travel hoop). Liitoskohdan ansiosta vanteita voi my\u00f6s ketjuttaa toisiinsa.<\/p>\n<p>Teippaus antaa vanteelle hienon ulkon\u00e4\u00f6n, hyv\u00e4n pidon ja hieman lis\u00e4\u00e4 painoa tarjoten hyv\u00e4n tuntuman perinteisiin ja vannetanssitemppuihin.<\/p>\n<p>Kirkkaat teippaukset ovat my\u00f6s fluorisoivia eli ne reagoivat UV-valoon. Mustasinisess\u00e4 mallissa fluorisoivaa on vain sininen, mutta hyv\u00e4n\u00e4 puolena se ei likaannu n\u00e4kyv\u00e4sti yht\u00e4 helposti kuin kirkkaat v\u00e4rit ja sopii t\u00e4ten hienosti ulkok\u00e4ytt\u00f6\u00f6n.<\/p>\n<p>Halkaisija 90cm \/ Paksuus 20mm \/ Paino 400g<\/p>\n<\/div>\n","protected":false},"excerpt":{"rendered":"<p>Rakkaalla lapsella on monta nime\u00e4: Hulavanne (Hula Hoop), sirkusvanne (Circus Hoop), vannetanssivanne (Hoop Dancing Hoop), huuppausvanne (Hooping Hoop)&#8230; Echo Hoopin valmistama eritt\u00e4in siististi teipattu laatuvanne, joka on kokoontaitettava. Materiaalina vanteessa HDPE eli tiivispolyeteeni. Liitoskohta k\u00e4yristetty\u00e4 alumiinia. Liitoskohta mahdollistaa kokoontaiton puolet pienemp\u00e4\u00e4n tilaan, ja siksi t\u00e4llaisia vanteita kutsutaan my\u00f6s nimell\u00e4 matkavanne (travel hoop). Liitoskohdan ansiosta vanteita [&hellip;]<\/p>\n","protected":false},"featured_media":5109,"template":"","meta":{"site-sidebar-layout":"default","site-content-layout":"default","ast-site-content-layout":"default","site-content-style":"default","site-sidebar-style":"default","ast-global-header-display":"","ast-banner-title-visibility":"","ast-main-header-display":"","ast-hfb-above-header-display":"","ast-hfb-below-header-display":"","ast-hfb-mobile-header-display":"","site-post-title":"","ast-breadcrumbs-content":"","ast-featured-img":"","footer-sml-layout":"","theme-transparent-header-meta":"default","adv-header-id-meta":"","stick-header-meta":"","header-above-stick-meta":"","header-main-stick-meta":"","header-below-stick-meta":"","astra-migrate-meta-layouts":"set","ast-page-background-enabled":"default","ast-page-background-meta":{"desktop":{"background-color":"","background-image":"","background-repeat":"repeat","background-position":"center center","background-size":"auto","background-attachment":"scroll","background-type":"","background-media":"","overlay-type":"","overlay-color":"","overlay-opacity":"","overlay-gradient":""},"tablet":{"background-color":"","background-image":"","background-repeat":"repeat","background-position":"center center","background-size":"auto","background-attachment":"scroll","background-type":"","background-media":"","overlay-type":"","overlay-color":"","overlay-opacity":"","overlay-gradient":""},"mobile":{"background-color":"","background-image":"","background-repeat":"repeat","background-position":"center center","background-size":"auto","background-attachment":"scroll","background-type":"","background-media":"","overlay-type":"","overlay-color":"","overlay-opacity":"","overlay-gradient":""}},"ast-content-background-meta":{"desktop":{"background-color":"var(--ast-global-color-5)","background-image":"","background-repeat":"repeat","background-position":"center center","background-size":"auto","background-attachment":"scroll","background-type":"","background-media":"","overlay-type":"","overlay-color":"","overlay-opacity":"","overlay-gradient":""},"tablet":{"background-color":"var(--ast-global-color-5)","background-image":"","background-repeat":"repeat","background-position":"center center","background-size":"auto","background-attachment":"scroll","background-type":"","background-media":"","overlay-type":"","overlay-color":"","overlay-opacity":"","overlay-gradient":""},"mobile":{"background-color":"var(--ast-global-color-5)","background-image":"","background-repeat":"repeat","background-position":"center center","background-size":"auto","background-attachment":"scroll","background-type":"","background-media":"","overlay-type":"","overlay-color":"","overlay-opacity":"","overlay-gradient":""}}},"product_brand":[],"product_cat":[72],"product_tag":[420,419,417,422,80,421,418],"class_list":{"0":"post-5105","1":"product","2":"type-product","3":"status-publish","4":"has-post-thumbnail","6":"product_cat-hulavanteet","7":"product_tag-echo","8":"product_tag-hoop","9":"product_tag-hula","10":"product_tag-hulavanteet","11":"product_tag-jongleeraus","12":"product_tag-matka","13":"product_tag-vanne","14":"desktop-align-center","15":"tablet-align-left","16":"mobile-align-left","18":"first","19":"instock","20":"taxable","21":"shipping-taxable","22":"purchasable","23":"product-type-variable","24":"has-default-attributes"},"_links":{"self":[{"href":"https:\/\/sirkussirkus.com\/kauppa\/wp-json\/wp\/v2\/product\/5105","targetHints":{"allow":["GET"]}}],"collection":[{"href":"https:\/\/sirkussirkus.com\/kauppa\/wp-json\/wp\/v2\/product"}],"about":[{"href":"https:\/\/sirkussirkus.com\/kauppa\/wp-json\/wp\/v2\/types\/product"}],"version-history":[{"count":3,"href":"https:\/\/sirkussirkus.com\/kauppa\/wp-json\/wp\/v2\/product\/5105\/revisions"}],"predecessor-version":[{"id":7821,"href":"https:\/\/sirkussirkus.com\/kauppa\/wp-json\/wp\/v2\/product\/5105\/revisions\/7821"}],"wp:featuredmedia":[{"embeddable":true,"href":"https:\/\/sirkussirkus.com\/kauppa\/wp-json\/wp\/v2\/media\/5109"}],"wp:attachment":[{"href":"https:\/\/sirkussirkus.com\/kauppa\/wp-json\/wp\/v2\/media?parent=5105"}],"wp:term":[{"taxonomy":"product_brand","embeddable":true,"href":"https:\/\/sirkussirkus.com\/kauppa\/wp-json\/wp\/v2\/product_brand?post=5105"},{"taxonomy":"product_cat","embeddable":true,"href":"https:\/\/sirkussirkus.com\/kauppa\/wp-json\/wp\/v2\/product_cat?post=5105"},{"taxonomy":"product_tag","embeddable":true,"href":"https:\/\/sirkussirkus.com\/kauppa\/wp-json\/wp\/v2\/product_tag?post=5105"}],"curies":[{"name":"wp","href":"https:\/\/api.w.org\/{rel}","templated":true}]}}