{"id":5099,"date":"2023-02-14T16:26:57","date_gmt":"2023-02-14T16:26:57","guid":{"rendered":"https:\/\/sirkussirkus.com\/kauppa\/?post_type=product&#038;p=5099"},"modified":"2024-02-15T21:51:40","modified_gmt":"2024-02-15T21:51:40","slug":"gora-lohikaarmekeppi","status":"publish","type":"product","link":"https:\/\/sirkussirkus.com\/kauppa\/product\/gora-lohikaarmekeppi\/","title":{"rendered":"Gora Lohik\u00e4\u00e4rmekeppi"},"content":{"rendered":"<div class=\"add-cart\"><\/div>\n<div class=\"product-text\">\n<p>Goran valmistama Lohik\u00e4\u00e4rmekeppi (Dragon Staff) on yksi n\u00e4ytt\u00e4vimmist\u00e4 tuliv\u00e4lineist\u00e4 miesmuistiin! Yhteens\u00e4 10 tulip\u00e4\u00e4t\u00e4 yhdess\u00e4 kepiss\u00e4 takaavat, ett\u00e4 olet esityksess\u00e4si huomion keskipisteen\u00e4. Vain kokeneille tulitaiteilijoille.<\/p>\n<p>Gora valmistaa maailman parhaat tuliv\u00e4lineet. Lohik\u00e4\u00e4rmepiikit ovat t\u00e4ss\u00e4 mallissa irrotettavat eli saat kaksi v\u00e4linett\u00e4 yhden hinnalla! Keppiin kiinnitet\u00e4\u00e4n adapteri, joka kiristet\u00e4\u00e4n kuusikulmioavaimella. Piikit kytket\u00e4\u00e4n adapteriin. Yhden piikin pituus on 20 cm. Ilman lohik\u00e4\u00e4rmeadapteria keppi toimii normaalina kontaktikeppin\u00e4. Tarkemman selostuksen adapterien kiinnitt\u00e4misest\u00e4 ja irroittamisesta sek\u00e4 muut k\u00e4ytt\u00f6ohjeet voit lukea linkist\u00e4 alapuolelta. Tutustu ohjeisiin huolellisesti ennen k\u00e4ytt\u00f6\u00e4.<\/p>\n<p>Pakettiin sis\u00e4ltyy 1x kontaktikeppi, 2x lohik\u00e4\u00e4rmeadapteri, 8x lohik\u00e4\u00e4rmepiikki, 1x kuusikulmioavain, 1x kantopussi osille.<\/p>\n<p>Pituus 166cm, piikit 20cm, paino 1500g<\/p>\n<p>Tutustu ennen k\u00e4ytt\u00f6\u00e4 my\u00f6s yleisiin paloturvallisuusohjeisiin, tulijongleerauksessa k\u00e4ytett\u00e4viin palonesteisiin, turvalliseen pukeutumiseen, \u00e4l\u00e4k\u00e4 koskaan harjoittele yksin.<\/p>\n<p><a href=\"https:\/\/www.sirkussirkus.com\/gora2.pdf\" target=\"_blank\" rel=\"noopener noreferrer\">Dragon Staff &#8211; K\u00e4ytt\u00f6ohje englanniksi.<\/a><\/p>\n<\/div>\n","protected":false},"excerpt":{"rendered":"<p>Goran valmistama Lohik\u00e4\u00e4rmekeppi (Dragon Staff) on yksi n\u00e4ytt\u00e4vimmist\u00e4 tuliv\u00e4lineist\u00e4 miesmuistiin! Yhteens\u00e4 10 tulip\u00e4\u00e4t\u00e4 yhdess\u00e4 kepiss\u00e4 takaavat, ett\u00e4 olet esityksess\u00e4si huomion keskipisteen\u00e4. Vain kokeneille tulitaiteilijoille. Gora valmistaa maailman parhaat tuliv\u00e4lineet. Lohik\u00e4\u00e4rmepiikit ovat t\u00e4ss\u00e4 mallissa irrotettavat eli saat kaksi v\u00e4linett\u00e4 yhden hinnalla! Keppiin kiinnitet\u00e4\u00e4n adapteri, joka kiristet\u00e4\u00e4n kuusikulmioavaimella. Piikit kytket\u00e4\u00e4n adapteriin. Yhden piikin pituus on 20 cm. [&hellip;]<\/p>\n","protected":false},"featured_media":5101,"template":"","meta":{"site-sidebar-layout":"default","site-content-layout":"default","ast-site-content-layout":"default","site-content-style":"default","site-sidebar-style":"default","ast-global-header-display":"","ast-banner-title-visibility":"","ast-main-header-display":"","ast-hfb-above-header-display":"","ast-hfb-below-header-display":"","ast-hfb-mobile-header-display":"","site-post-title":"","ast-breadcrumbs-content":"","ast-featured-img":"","footer-sml-layout":"","theme-transparent-header-meta":"default","adv-header-id-meta":"","stick-header-meta":"","header-above-stick-meta":"","header-main-stick-meta":"","header-below-stick-meta":"","astra-migrate-meta-layouts":"default","ast-page-background-enabled":"default","ast-page-background-meta":{"desktop":{"background-color":"","background-image":"","background-repeat":"repeat","background-position":"center center","background-size":"auto","background-attachment":"scroll","background-type":"","background-media":"","overlay-type":"","overlay-color":"","overlay-opacity":"","overlay-gradient":""},"tablet":{"background-color":"","background-image":"","background-repeat":"repeat","background-position":"center center","background-size":"auto","background-attachment":"scroll","background-type":"","background-media":"","overlay-type":"","overlay-color":"","overlay-opacity":"","overlay-gradient":""},"mobile":{"background-color":"","background-image":"","background-repeat":"repeat","background-position":"center center","background-size":"auto","background-attachment":"scroll","background-type":"","background-media":"","overlay-type":"","overlay-color":"","overlay-opacity":"","overlay-gradient":""}},"ast-content-background-meta":{"desktop":{"background-color":"var(--ast-global-color-5)","background-image":"","background-repeat":"repeat","background-position":"center center","background-size":"auto","background-attachment":"scroll","background-type":"","background-media":"","overlay-type":"","overlay-color":"","overlay-opacity":"","overlay-gradient":""},"tablet":{"background-color":"var(--ast-global-color-5)","background-image":"","background-repeat":"repeat","background-position":"center center","background-size":"auto","background-attachment":"scroll","background-type":"","background-media":"","overlay-type":"","overlay-color":"","overlay-opacity":"","overlay-gradient":""},"mobile":{"background-color":"var(--ast-global-color-5)","background-image":"","background-repeat":"repeat","background-position":"center center","background-size":"auto","background-attachment":"scroll","background-type":"","background-media":"","overlay-type":"","overlay-color":"","overlay-opacity":"","overlay-gradient":""}}},"product_brand":[],"product_cat":[74],"product_tag":[415,678,405,679,414,408,624,398],"class_list":{"0":"post-5099","1":"product","2":"type-product","3":"status-publish","4":"has-post-thumbnail","6":"product_cat-tuli","7":"product_tag-dragon","8":"product_tag-dragonstaff","9":"product_tag-gora","10":"product_tag-kontakti","11":"product_tag-lohikaarmekeppi","12":"product_tag-staff","13":"product_tag-tuli","14":"product_tag-tulivalineet","15":"desktop-align-center","16":"tablet-align-left","17":"mobile-align-left","19":"first","20":"outofstock","21":"sale","22":"taxable","23":"shipping-taxable","24":"purchasable","25":"product-type-simple"},"_links":{"self":[{"href":"https:\/\/sirkussirkus.com\/kauppa\/wp-json\/wp\/v2\/product\/5099","targetHints":{"allow":["GET"]}}],"collection":[{"href":"https:\/\/sirkussirkus.com\/kauppa\/wp-json\/wp\/v2\/product"}],"about":[{"href":"https:\/\/sirkussirkus.com\/kauppa\/wp-json\/wp\/v2\/types\/product"}],"version-history":[{"count":1,"href":"https:\/\/sirkussirkus.com\/kauppa\/wp-json\/wp\/v2\/product\/5099\/revisions"}],"predecessor-version":[{"id":5104,"href":"https:\/\/sirkussirkus.com\/kauppa\/wp-json\/wp\/v2\/product\/5099\/revisions\/5104"}],"wp:featuredmedia":[{"embeddable":true,"href":"https:\/\/sirkussirkus.com\/kauppa\/wp-json\/wp\/v2\/media\/5101"}],"wp:attachment":[{"href":"https:\/\/sirkussirkus.com\/kauppa\/wp-json\/wp\/v2\/media?parent=5099"}],"wp:term":[{"taxonomy":"product_brand","embeddable":true,"href":"https:\/\/sirkussirkus.com\/kauppa\/wp-json\/wp\/v2\/product_brand?post=5099"},{"taxonomy":"product_cat","embeddable":true,"href":"https:\/\/sirkussirkus.com\/kauppa\/wp-json\/wp\/v2\/product_cat?post=5099"},{"taxonomy":"product_tag","embeddable":true,"href":"https:\/\/sirkussirkus.com\/kauppa\/wp-json\/wp\/v2\/product_tag?post=5099"}],"curies":[{"name":"wp","href":"https:\/\/api.w.org\/{rel}","templated":true}]}}