{"id":5091,"date":"2022-05-14T16:24:58","date_gmt":"2022-05-14T16:24:58","guid":{"rendered":"https:\/\/sirkussirkus.com\/kauppa\/?post_type=product&#038;p=5091"},"modified":"2023-10-30T13:24:08","modified_gmt":"2023-10-30T13:24:08","slug":"gora-sheng-biao","status":"publish","type":"product","link":"https:\/\/sirkussirkus.com\/kauppa\/product\/gora-sheng-biao\/","title":{"rendered":"Gora Sheng Biao"},"content":{"rendered":"<div class=\"product-text\">\n<p>Goran Sheng Biao perustuu vanhaan kiinalaiseen aseeseen, josta k\u00e4ytet\u00e4\u00e4n englanniksi mm. nime\u00e4 Rope Dart. Kyseess\u00e4 on siis ketju tai k\u00f6ysi, jonka p\u00e4\u00e4ss\u00e4 on joko moukari tai ter\u00e4. T\u00e4ss\u00e4 tapauksessa suuri tulipallo.<\/p>\n<p>Tulip\u00e4\u00e4n\u00e4 v\u00e4lineess\u00e4 on 13 millimetrin kevlar-k\u00f6ydest\u00e4 solmittu suuri 4&#215;4 apinanyrkki. Tulip\u00e4\u00e4 on painava ja v\u00e4line itsess\u00e4\u00e4n todellakin juontaa juurensa aseesta. K\u00e4ytt\u00f6 vaatii erityist\u00e4 varovaisuutta.<\/p>\n<p>V\u00e4lineess\u00e4 on 35cm pitk\u00e4 vahva ketju, joka on kiinni 10mm paksussa puuvillak\u00f6ydess\u00e4. Puuvillak\u00f6ysi EI OLE palosuojattu, joten sit\u00e4 tulee varoa k\u00e4yt\u00f6ss\u00e4. K\u00f6yden voi kastella vedell\u00e4 lis\u00e4suojan saavuttamiseksi. Pid\u00e4 my\u00f6s huolta, ett\u00e4 palonestett\u00e4 ei p\u00e4\u00e4dy puuvillak\u00f6yteen k\u00e4yt\u00f6n tai matkustuksen aikana!<\/p>\n<p>Pituus 290cm, paino 530g<\/p>\n<p>Tutustu ennen k\u00e4ytt\u00f6\u00e4 yleisiin paloturvallisuusohjeisiin, tulijongleerauksessa k\u00e4ytett\u00e4viin palonesteisiin, turvalliseen pukeutumiseen, \u00e4l\u00e4k\u00e4 koskaan harjoittele yksin.<\/p>\n<\/div>\n","protected":false},"excerpt":{"rendered":"<p>Goran Sheng Biao perustuu vanhaan kiinalaiseen aseeseen, josta k\u00e4ytet\u00e4\u00e4n englanniksi mm. nime\u00e4 Rope Dart. Kyseess\u00e4 on siis ketju tai k\u00f6ysi, jonka p\u00e4\u00e4ss\u00e4 on joko moukari tai ter\u00e4. T\u00e4ss\u00e4 tapauksessa suuri tulipallo. Tulip\u00e4\u00e4n\u00e4 v\u00e4lineess\u00e4 on 13 millimetrin kevlar-k\u00f6ydest\u00e4 solmittu suuri 4&#215;4 apinanyrkki. Tulip\u00e4\u00e4 on painava ja v\u00e4line itsess\u00e4\u00e4n todellakin juontaa juurensa aseesta. K\u00e4ytt\u00f6 vaatii erityist\u00e4 varovaisuutta. [&hellip;]<\/p>\n","protected":false},"featured_media":5092,"template":"","meta":{"site-sidebar-layout":"default","site-content-layout":"default","ast-site-content-layout":"default","site-content-style":"default","site-sidebar-style":"default","ast-global-header-display":"","ast-banner-title-visibility":"","ast-main-header-display":"","ast-hfb-above-header-display":"","ast-hfb-below-header-display":"","ast-hfb-mobile-header-display":"","site-post-title":"","ast-breadcrumbs-content":"","ast-featured-img":"","footer-sml-layout":"","theme-transparent-header-meta":"default","adv-header-id-meta":"","stick-header-meta":"","header-above-stick-meta":"","header-main-stick-meta":"","header-below-stick-meta":"","astra-migrate-meta-layouts":"default","ast-page-background-enabled":"default","ast-page-background-meta":{"desktop":{"background-color":"","background-image":"","background-repeat":"repeat","background-position":"center center","background-size":"auto","background-attachment":"scroll","background-type":"","background-media":"","overlay-type":"","overlay-color":"","overlay-opacity":"","overlay-gradient":""},"tablet":{"background-color":"","background-image":"","background-repeat":"repeat","background-position":"center center","background-size":"auto","background-attachment":"scroll","background-type":"","background-media":"","overlay-type":"","overlay-color":"","overlay-opacity":"","overlay-gradient":""},"mobile":{"background-color":"","background-image":"","background-repeat":"repeat","background-position":"center center","background-size":"auto","background-attachment":"scroll","background-type":"","background-media":"","overlay-type":"","overlay-color":"","overlay-opacity":"","overlay-gradient":""}},"ast-content-background-meta":{"desktop":{"background-color":"var(--ast-global-color-5)","background-image":"","background-repeat":"repeat","background-position":"center center","background-size":"auto","background-attachment":"scroll","background-type":"","background-media":"","overlay-type":"","overlay-color":"","overlay-opacity":"","overlay-gradient":""},"tablet":{"background-color":"var(--ast-global-color-5)","background-image":"","background-repeat":"repeat","background-position":"center center","background-size":"auto","background-attachment":"scroll","background-type":"","background-media":"","overlay-type":"","overlay-color":"","overlay-opacity":"","overlay-gradient":""},"mobile":{"background-color":"var(--ast-global-color-5)","background-image":"","background-repeat":"repeat","background-position":"center center","background-size":"auto","background-attachment":"scroll","background-type":"","background-media":"","overlay-type":"","overlay-color":"","overlay-opacity":"","overlay-gradient":""}}},"product_brand":[],"product_cat":[74],"product_tag":[413,412,405,80,404,411,398],"class_list":{"0":"post-5091","1":"product","2":"type-product","3":"status-publish","4":"has-post-thumbnail","6":"product_cat-tuli","7":"product_tag-413","8":"product_tag-biao","9":"product_tag-gora","10":"product_tag-jongleeraus","11":"product_tag-kevlar","12":"product_tag-sheng","13":"product_tag-tulivalineet","14":"desktop-align-center","15":"tablet-align-left","16":"mobile-align-left","18":"first","19":"outofstock","20":"taxable","21":"shipping-taxable","22":"purchasable","23":"product-type-simple"},"_links":{"self":[{"href":"https:\/\/sirkussirkus.com\/kauppa\/wp-json\/wp\/v2\/product\/5091","targetHints":{"allow":["GET"]}}],"collection":[{"href":"https:\/\/sirkussirkus.com\/kauppa\/wp-json\/wp\/v2\/product"}],"about":[{"href":"https:\/\/sirkussirkus.com\/kauppa\/wp-json\/wp\/v2\/types\/product"}],"version-history":[{"count":2,"href":"https:\/\/sirkussirkus.com\/kauppa\/wp-json\/wp\/v2\/product\/5091\/revisions"}],"predecessor-version":[{"id":5098,"href":"https:\/\/sirkussirkus.com\/kauppa\/wp-json\/wp\/v2\/product\/5091\/revisions\/5098"}],"wp:featuredmedia":[{"embeddable":true,"href":"https:\/\/sirkussirkus.com\/kauppa\/wp-json\/wp\/v2\/media\/5092"}],"wp:attachment":[{"href":"https:\/\/sirkussirkus.com\/kauppa\/wp-json\/wp\/v2\/media?parent=5091"}],"wp:term":[{"taxonomy":"product_brand","embeddable":true,"href":"https:\/\/sirkussirkus.com\/kauppa\/wp-json\/wp\/v2\/product_brand?post=5091"},{"taxonomy":"product_cat","embeddable":true,"href":"https:\/\/sirkussirkus.com\/kauppa\/wp-json\/wp\/v2\/product_cat?post=5091"},{"taxonomy":"product_tag","embeddable":true,"href":"https:\/\/sirkussirkus.com\/kauppa\/wp-json\/wp\/v2\/product_tag?post=5091"}],"curies":[{"name":"wp","href":"https:\/\/api.w.org\/{rel}","templated":true}]}}