{"id":5084,"date":"2022-05-14T16:22:59","date_gmt":"2022-05-14T16:22:59","guid":{"rendered":"https:\/\/sirkussirkus.com\/kauppa\/?post_type=product&#038;p=5084"},"modified":"2023-10-30T12:26:19","modified_gmt":"2023-10-30T12:26:19","slug":"gora-tulihyppynaru","status":"publish","type":"product","link":"https:\/\/sirkussirkus.com\/kauppa\/product\/gora-tulihyppynaru\/","title":{"rendered":"Gora Tulihyppynaru"},"content":{"rendered":"<p>Goran tulihyppynarussa on vahva 16mm kevlar k\u00f6ysi. Kahvoina mustat silikonipallot, jotka saa puristettua nyrkkii hyvin ja pit\u00e4v\u00e4sti. Helppo my\u00f6s irrottaa nopeasti tarvittaessa. Hyppynarua ei kannata p\u00e4\u00e4st\u00e4\u00e4 kosketukseen toistuvasti maan kanssa hyppiess\u00e4, sill\u00e4 se lyhent\u00e4\u00e4 k\u00f6yden ik\u00e4\u00e4 huomattavasti.<\/p>\n<p>Kokopituus 280cm, josta 170cm kevlar-k\u00f6ytt\u00e4.<\/p>\n<p>Pituus 280cm, paino 420g<\/p>\n<p>Tutustu ennen k\u00e4ytt\u00f6\u00e4 yleisiin paloturvallisuusohjeisiin, tulijongleerauksessa k\u00e4ytett\u00e4viin palonesteisiin, turvalliseen pukeutumiseen, \u00e4l\u00e4k\u00e4 koskaan harjoittele yksin.<\/p>\n","protected":false},"excerpt":{"rendered":"<p>Goran tulihyppynarussa on vahva 16mm kevlar k\u00f6ysi. Kahvoina mustat silikonipallot, jotka saa puristettua nyrkkii hyvin ja pit\u00e4v\u00e4sti. Helppo my\u00f6s irrottaa nopeasti tarvittaessa. Hyppynarua ei kannata p\u00e4\u00e4st\u00e4\u00e4 kosketukseen toistuvasti maan kanssa hyppiess\u00e4, sill\u00e4 se lyhent\u00e4\u00e4 k\u00f6yden ik\u00e4\u00e4 huomattavasti. Kokopituus 280cm, josta 170cm kevlar-k\u00f6ytt\u00e4. Pituus 280cm, paino 420g Tutustu ennen k\u00e4ytt\u00f6\u00e4 yleisiin paloturvallisuusohjeisiin, tulijongleerauksessa k\u00e4ytett\u00e4viin palonesteisiin, turvalliseen [&hellip;]<\/p>\n","protected":false},"featured_media":5085,"template":"","meta":{"site-sidebar-layout":"default","site-content-layout":"default","ast-site-content-layout":"default","site-content-style":"default","site-sidebar-style":"default","ast-global-header-display":"","ast-banner-title-visibility":"","ast-main-header-display":"","ast-hfb-above-header-display":"","ast-hfb-below-header-display":"","ast-hfb-mobile-header-display":"","site-post-title":"","ast-breadcrumbs-content":"","ast-featured-img":"","footer-sml-layout":"","theme-transparent-header-meta":"default","adv-header-id-meta":"","stick-header-meta":"","header-above-stick-meta":"","header-main-stick-meta":"","header-below-stick-meta":"","astra-migrate-meta-layouts":"default","ast-page-background-enabled":"default","ast-page-background-meta":{"desktop":{"background-color":"","background-image":"","background-repeat":"repeat","background-position":"center center","background-size":"auto","background-attachment":"scroll","background-type":"","background-media":"","overlay-type":"","overlay-color":"","overlay-opacity":"","overlay-gradient":""},"tablet":{"background-color":"","background-image":"","background-repeat":"repeat","background-position":"center center","background-size":"auto","background-attachment":"scroll","background-type":"","background-media":"","overlay-type":"","overlay-color":"","overlay-opacity":"","overlay-gradient":""},"mobile":{"background-color":"","background-image":"","background-repeat":"repeat","background-position":"center center","background-size":"auto","background-attachment":"scroll","background-type":"","background-media":"","overlay-type":"","overlay-color":"","overlay-opacity":"","overlay-gradient":""}},"ast-content-background-meta":{"desktop":{"background-color":"var(--ast-global-color-5)","background-image":"","background-repeat":"repeat","background-position":"center center","background-size":"auto","background-attachment":"scroll","background-type":"","background-media":"","overlay-type":"","overlay-color":"","overlay-opacity":"","overlay-gradient":""},"tablet":{"background-color":"var(--ast-global-color-5)","background-image":"","background-repeat":"repeat","background-position":"center center","background-size":"auto","background-attachment":"scroll","background-type":"","background-media":"","overlay-type":"","overlay-color":"","overlay-opacity":"","overlay-gradient":""},"mobile":{"background-color":"var(--ast-global-color-5)","background-image":"","background-repeat":"repeat","background-position":"center center","background-size":"auto","background-attachment":"scroll","background-type":"","background-media":"","overlay-type":"","overlay-color":"","overlay-opacity":"","overlay-gradient":""}}},"product_brand":[],"product_cat":[594,74],"product_tag":[262,405,80,404,410,398],"class_list":{"0":"post-5084","1":"product","2":"type-product","3":"status-publish","4":"has-post-thumbnail","6":"product_cat-hyppynarut","7":"product_cat-tuli","8":"product_tag-262","9":"product_tag-gora","10":"product_tag-jongleeraus","11":"product_tag-kevlar","12":"product_tag-tulihyppynaru","13":"product_tag-tulivalineet","14":"desktop-align-center","15":"tablet-align-left","16":"mobile-align-left","18":"first","19":"instock","20":"taxable","21":"shipping-taxable","22":"purchasable","23":"product-type-simple"},"_links":{"self":[{"href":"https:\/\/sirkussirkus.com\/kauppa\/wp-json\/wp\/v2\/product\/5084","targetHints":{"allow":["GET"]}}],"collection":[{"href":"https:\/\/sirkussirkus.com\/kauppa\/wp-json\/wp\/v2\/product"}],"about":[{"href":"https:\/\/sirkussirkus.com\/kauppa\/wp-json\/wp\/v2\/types\/product"}],"version-history":[{"count":2,"href":"https:\/\/sirkussirkus.com\/kauppa\/wp-json\/wp\/v2\/product\/5084\/revisions"}],"predecessor-version":[{"id":5090,"href":"https:\/\/sirkussirkus.com\/kauppa\/wp-json\/wp\/v2\/product\/5084\/revisions\/5090"}],"wp:featuredmedia":[{"embeddable":true,"href":"https:\/\/sirkussirkus.com\/kauppa\/wp-json\/wp\/v2\/media\/5085"}],"wp:attachment":[{"href":"https:\/\/sirkussirkus.com\/kauppa\/wp-json\/wp\/v2\/media?parent=5084"}],"wp:term":[{"taxonomy":"product_brand","embeddable":true,"href":"https:\/\/sirkussirkus.com\/kauppa\/wp-json\/wp\/v2\/product_brand?post=5084"},{"taxonomy":"product_cat","embeddable":true,"href":"https:\/\/sirkussirkus.com\/kauppa\/wp-json\/wp\/v2\/product_cat?post=5084"},{"taxonomy":"product_tag","embeddable":true,"href":"https:\/\/sirkussirkus.com\/kauppa\/wp-json\/wp\/v2\/product_tag?post=5084"}],"curies":[{"name":"wp","href":"https:\/\/api.w.org\/{rel}","templated":true}]}}