{"id":5068,"date":"2024-05-14T16:18:24","date_gmt":"2024-05-14T16:18:24","guid":{"rendered":"https:\/\/sirkussirkus.com\/kauppa\/?post_type=product&#038;p=5068"},"modified":"2025-11-15T07:22:16","modified_gmt":"2025-11-15T07:22:16","slug":"gora-kontaktikeppi-katkaistava","status":"publish","type":"product","link":"https:\/\/sirkussirkus.com\/kauppa\/product\/gora-kontaktikeppi-katkaistava\/","title":{"rendered":"Gora Kontaktikeppi (katkaistava)"},"content":{"rendered":"<div class=\"product-text\">\n<p>Goran kontaktijongleeraukseen suunniteltu kolmeen 50cm osaan katkeava tulikeppi. Unkarilainen Gora valmistaa maailman parhaat tuliv\u00e4lineet. Kepin kokoontaittomekanismi on nerokas. Kiristettyn\u00e4 oikein se on kuin yhdest\u00e4 osasta tehty ja 100% suora. Saumakohtaa ei huomaa, ellei sit\u00e4 osaa etsi\u00e4 ja keppi ei t\u00e4rise yht\u00e4\u00e4n. Pit\u00e4v\u00e4 ja kest\u00e4v\u00e4 oteteippi takaa mukavan k\u00e4sittelytuntuman. Silikonisuojat tulip\u00e4iden ja oteteipin v\u00e4lisell\u00e4 alueella suojaavat palovammoilta.<\/p>\n<p>Tarkempi selostus englanniksi kepin ominaisuuksista ja k\u00e4yt\u00f6st\u00e4 aukeaa linkist\u00e4.<\/p>\n<p>Pituus 150cm, paino 900g, tulip\u00e4\u00e4t 10cm<\/p>\n<p>Tutustu ennen k\u00e4ytt\u00f6\u00e4 yleisiin paloturvallisuusohjeisiin, tulijongleerauksessa k\u00e4ytett\u00e4viin palonesteisiin, turvalliseen pukeutumiseen, \u00e4l\u00e4k\u00e4 koskaan harjoittele yksin.<\/p>\n<p><a href=\"https:\/\/www.sirkussirkus.com\/gora1.pdf\" target=\"_blank\" rel=\"noopener noreferrer\">Collapsible Contact Staff &#8211; K\u00e4ytt\u00f6ohje englanniksi.<\/a><\/p>\n<\/div>\n","protected":false},"excerpt":{"rendered":"<p>Goran kontaktijongleeraukseen suunniteltu kolmeen 50cm osaan katkeava tulikeppi. Unkarilainen Gora valmistaa maailman parhaat tuliv\u00e4lineet. Kepin kokoontaittomekanismi on nerokas. Kiristettyn\u00e4 oikein se on kuin yhdest\u00e4 osasta tehty ja 100% suora. Saumakohtaa ei huomaa, ellei sit\u00e4 osaa etsi\u00e4 ja keppi ei t\u00e4rise yht\u00e4\u00e4n. Pit\u00e4v\u00e4 ja kest\u00e4v\u00e4 oteteippi takaa mukavan k\u00e4sittelytuntuman. Silikonisuojat tulip\u00e4iden ja oteteipin v\u00e4lisell\u00e4 alueella suojaavat [&hellip;]<\/p>\n","protected":false},"featured_media":5069,"template":"","meta":{"site-sidebar-layout":"default","site-content-layout":"default","ast-site-content-layout":"default","site-content-style":"default","site-sidebar-style":"default","ast-global-header-display":"","ast-banner-title-visibility":"","ast-main-header-display":"","ast-hfb-above-header-display":"","ast-hfb-below-header-display":"","ast-hfb-mobile-header-display":"","site-post-title":"","ast-breadcrumbs-content":"","ast-featured-img":"","footer-sml-layout":"","theme-transparent-header-meta":"default","adv-header-id-meta":"","stick-header-meta":"","header-above-stick-meta":"","header-main-stick-meta":"","header-below-stick-meta":"","astra-migrate-meta-layouts":"set","ast-page-background-enabled":"default","ast-page-background-meta":{"desktop":{"background-color":"","background-image":"","background-repeat":"repeat","background-position":"center center","background-size":"auto","background-attachment":"scroll","background-type":"","background-media":"","overlay-type":"","overlay-color":"","overlay-opacity":"","overlay-gradient":""},"tablet":{"background-color":"","background-image":"","background-repeat":"repeat","background-position":"center center","background-size":"auto","background-attachment":"scroll","background-type":"","background-media":"","overlay-type":"","overlay-color":"","overlay-opacity":"","overlay-gradient":""},"mobile":{"background-color":"","background-image":"","background-repeat":"repeat","background-position":"center center","background-size":"auto","background-attachment":"scroll","background-type":"","background-media":"","overlay-type":"","overlay-color":"","overlay-opacity":"","overlay-gradient":""}},"ast-content-background-meta":{"desktop":{"background-color":"var(--ast-global-color-5)","background-image":"","background-repeat":"repeat","background-position":"center center","background-size":"auto","background-attachment":"scroll","background-type":"","background-media":"","overlay-type":"","overlay-color":"","overlay-opacity":"","overlay-gradient":""},"tablet":{"background-color":"var(--ast-global-color-5)","background-image":"","background-repeat":"repeat","background-position":"center center","background-size":"auto","background-attachment":"scroll","background-type":"","background-media":"","overlay-type":"","overlay-color":"","overlay-opacity":"","overlay-gradient":""},"mobile":{"background-color":"var(--ast-global-color-5)","background-image":"","background-repeat":"repeat","background-position":"center center","background-size":"auto","background-attachment":"scroll","background-type":"","background-media":"","overlay-type":"","overlay-color":"","overlay-opacity":"","overlay-gradient":""}}},"product_brand":[],"product_cat":[74],"product_tag":[346,407,405,80,406,408,398],"class_list":{"0":"post-5068","1":"product","2":"type-product","3":"status-publish","4":"has-post-thumbnail","6":"product_cat-tuli","7":"product_tag-346","8":"product_tag-contact","9":"product_tag-gora","10":"product_tag-jongleeraus","11":"product_tag-kontaktikeppi","12":"product_tag-staff","13":"product_tag-tulivalineet","14":"desktop-align-center","15":"tablet-align-left","16":"mobile-align-left","18":"first","19":"outofstock","20":"taxable","21":"shipping-taxable","22":"purchasable","23":"product-type-simple"},"_links":{"self":[{"href":"https:\/\/sirkussirkus.com\/kauppa\/wp-json\/wp\/v2\/product\/5068","targetHints":{"allow":["GET"]}}],"collection":[{"href":"https:\/\/sirkussirkus.com\/kauppa\/wp-json\/wp\/v2\/product"}],"about":[{"href":"https:\/\/sirkussirkus.com\/kauppa\/wp-json\/wp\/v2\/types\/product"}],"version-history":[{"count":2,"href":"https:\/\/sirkussirkus.com\/kauppa\/wp-json\/wp\/v2\/product\/5068\/revisions"}],"predecessor-version":[{"id":5073,"href":"https:\/\/sirkussirkus.com\/kauppa\/wp-json\/wp\/v2\/product\/5068\/revisions\/5073"}],"wp:featuredmedia":[{"embeddable":true,"href":"https:\/\/sirkussirkus.com\/kauppa\/wp-json\/wp\/v2\/media\/5069"}],"wp:attachment":[{"href":"https:\/\/sirkussirkus.com\/kauppa\/wp-json\/wp\/v2\/media?parent=5068"}],"wp:term":[{"taxonomy":"product_brand","embeddable":true,"href":"https:\/\/sirkussirkus.com\/kauppa\/wp-json\/wp\/v2\/product_brand?post=5068"},{"taxonomy":"product_cat","embeddable":true,"href":"https:\/\/sirkussirkus.com\/kauppa\/wp-json\/wp\/v2\/product_cat?post=5068"},{"taxonomy":"product_tag","embeddable":true,"href":"https:\/\/sirkussirkus.com\/kauppa\/wp-json\/wp\/v2\/product_tag?post=5068"}],"curies":[{"name":"wp","href":"https:\/\/api.w.org\/{rel}","templated":true}]}}