{"id":5065,"date":"2022-05-14T16:16:54","date_gmt":"2022-05-14T16:16:54","guid":{"rendered":"https:\/\/sirkussirkus.com\/kauppa\/?post_type=product&#038;p=5065"},"modified":"2025-01-13T13:08:19","modified_gmt":"2025-01-13T13:08:19","slug":"kevlar-nauha-100mm","status":"publish","type":"product","link":"https:\/\/sirkussirkus.com\/kauppa\/product\/kevlar-nauha-100mm\/","title":{"rendered":"Kevlar-nauha 100mm"},"content":{"rendered":"<p>100mm leve\u00e4\u00e4 pitk\u00e4ik\u00e4ist\u00e4 Kevlar-nauhaa tuliv\u00e4lineiden tulip\u00e4iden uusimiseen. T\u00e4ss\u00e4 muodossa kevlar-kangas on helpointa k\u00e4ytt\u00e4\u00e4. T\u00e4ll\u00e4 leve\u00e4ll\u00e4 nauhalla saat suuret tulip\u00e4\u00e4t helposti esimerkiksi tulikeppeihin. Pienempiin tulip\u00e4ihin kankaan voi laittaa kaksinkerroin, jolloin saa aikaan lyhyell\u00e4 mitalla 50mm leve\u00e4t tulip\u00e4\u00e4t. Metrihinta.<\/p>\n<p>Leveys 100mm, Paksuus 3mm<\/p>\n<p>Myyd\u00e4\u00e4n metreitt\u00e4in. Hinta per metri.<\/p>\n<p>Tutustu ennen k\u00e4ytt\u00f6\u00e4 yleisiin paloturvallisuusohjeisiin, tulijongleerauksessa k\u00e4ytett\u00e4viin palonesteisiin, turvalliseen pukeutumiseen, \u00e4l\u00e4k\u00e4 koskaan harjoittele yksin.<\/p>\n","protected":false},"excerpt":{"rendered":"<p>100mm leve\u00e4\u00e4 pitk\u00e4ik\u00e4ist\u00e4 Kevlar-nauhaa tuliv\u00e4lineiden tulip\u00e4iden uusimiseen. T\u00e4ss\u00e4 muodossa kevlar-kangas on helpointa k\u00e4ytt\u00e4\u00e4. T\u00e4ll\u00e4 leve\u00e4ll\u00e4 nauhalla saat suuret tulip\u00e4\u00e4t helposti esimerkiksi tulikeppeihin. Pienempiin tulip\u00e4ihin kankaan voi laittaa kaksinkerroin, jolloin saa aikaan lyhyell\u00e4 mitalla 50mm leve\u00e4t tulip\u00e4\u00e4t. Metrihinta. Leveys 100mm, Paksuus 3mm Myyd\u00e4\u00e4n metreitt\u00e4in. Hinta per metri. Tutustu ennen k\u00e4ytt\u00f6\u00e4 yleisiin paloturvallisuusohjeisiin, tulijongleerauksessa k\u00e4ytett\u00e4viin palonesteisiin, turvalliseen [&hellip;]<\/p>\n","protected":false},"featured_media":5066,"template":"","meta":{"site-sidebar-layout":"default","site-content-layout":"default","ast-site-content-layout":"default","site-content-style":"default","site-sidebar-style":"default","ast-global-header-display":"","ast-banner-title-visibility":"","ast-main-header-display":"","ast-hfb-above-header-display":"","ast-hfb-below-header-display":"","ast-hfb-mobile-header-display":"","site-post-title":"","ast-breadcrumbs-content":"","ast-featured-img":"","footer-sml-layout":"","theme-transparent-header-meta":"default","adv-header-id-meta":"","stick-header-meta":"","header-above-stick-meta":"","header-main-stick-meta":"","header-below-stick-meta":"","astra-migrate-meta-layouts":"default","ast-page-background-enabled":"default","ast-page-background-meta":{"desktop":{"background-color":"","background-image":"","background-repeat":"repeat","background-position":"center center","background-size":"auto","background-attachment":"scroll","background-type":"","background-media":"","overlay-type":"","overlay-color":"","overlay-opacity":"","overlay-gradient":""},"tablet":{"background-color":"","background-image":"","background-repeat":"repeat","background-position":"center center","background-size":"auto","background-attachment":"scroll","background-type":"","background-media":"","overlay-type":"","overlay-color":"","overlay-opacity":"","overlay-gradient":""},"mobile":{"background-color":"","background-image":"","background-repeat":"repeat","background-position":"center center","background-size":"auto","background-attachment":"scroll","background-type":"","background-media":"","overlay-type":"","overlay-color":"","overlay-opacity":"","overlay-gradient":""}},"ast-content-background-meta":{"desktop":{"background-color":"var(--ast-global-color-5)","background-image":"","background-repeat":"repeat","background-position":"center center","background-size":"auto","background-attachment":"scroll","background-type":"","background-media":"","overlay-type":"","overlay-color":"","overlay-opacity":"","overlay-gradient":""},"tablet":{"background-color":"var(--ast-global-color-5)","background-image":"","background-repeat":"repeat","background-position":"center center","background-size":"auto","background-attachment":"scroll","background-type":"","background-media":"","overlay-type":"","overlay-color":"","overlay-opacity":"","overlay-gradient":""},"mobile":{"background-color":"var(--ast-global-color-5)","background-image":"","background-repeat":"repeat","background-position":"center center","background-size":"auto","background-attachment":"scroll","background-type":"","background-media":"","overlay-type":"","overlay-color":"","overlay-opacity":"","overlay-gradient":""}}},"product_brand":[],"product_cat":[74],"product_tag":[175,80,404,625,213,398],"class_list":{"0":"post-5065","1":"product","2":"type-product","3":"status-publish","4":"has-post-thumbnail","6":"product_cat-tuli","7":"product_tag-175","8":"product_tag-jongleeraus","9":"product_tag-kevlar","10":"product_tag-metri","11":"product_tag-nauha","12":"product_tag-tulivalineet","13":"desktop-align-center","14":"tablet-align-left","15":"mobile-align-left","17":"first","18":"outofstock","19":"taxable","20":"shipping-taxable","21":"purchasable","22":"product-type-simple"},"_links":{"self":[{"href":"https:\/\/sirkussirkus.com\/kauppa\/wp-json\/wp\/v2\/product\/5065","targetHints":{"allow":["GET"]}}],"collection":[{"href":"https:\/\/sirkussirkus.com\/kauppa\/wp-json\/wp\/v2\/product"}],"about":[{"href":"https:\/\/sirkussirkus.com\/kauppa\/wp-json\/wp\/v2\/types\/product"}],"version-history":[{"count":1,"href":"https:\/\/sirkussirkus.com\/kauppa\/wp-json\/wp\/v2\/product\/5065\/revisions"}],"predecessor-version":[{"id":5067,"href":"https:\/\/sirkussirkus.com\/kauppa\/wp-json\/wp\/v2\/product\/5065\/revisions\/5067"}],"wp:featuredmedia":[{"embeddable":true,"href":"https:\/\/sirkussirkus.com\/kauppa\/wp-json\/wp\/v2\/media\/5066"}],"wp:attachment":[{"href":"https:\/\/sirkussirkus.com\/kauppa\/wp-json\/wp\/v2\/media?parent=5065"}],"wp:term":[{"taxonomy":"product_brand","embeddable":true,"href":"https:\/\/sirkussirkus.com\/kauppa\/wp-json\/wp\/v2\/product_brand?post=5065"},{"taxonomy":"product_cat","embeddable":true,"href":"https:\/\/sirkussirkus.com\/kauppa\/wp-json\/wp\/v2\/product_cat?post=5065"},{"taxonomy":"product_tag","embeddable":true,"href":"https:\/\/sirkussirkus.com\/kauppa\/wp-json\/wp\/v2\/product_tag?post=5065"}],"curies":[{"name":"wp","href":"https:\/\/api.w.org\/{rel}","templated":true}]}}