{"id":5041,"date":"2022-05-14T16:06:47","date_gmt":"2022-05-14T16:06:47","guid":{"rendered":"https:\/\/sirkussirkus.com\/kauppa\/?post_type=product&#038;p=5041"},"modified":"2022-05-17T14:21:34","modified_gmt":"2022-05-17T14:21:34","slug":"finesse-evolution-kit-4-laturi","status":"publish","type":"product","link":"https:\/\/sirkussirkus.com\/kauppa\/product\/finesse-evolution-kit-4-laturi\/","title":{"rendered":"Finesse Evolution Kit 4 + laturi"},"content":{"rendered":"<p>Finesse-diaboloon sopiva valosarja. Paketissa valot diabolon molemmille puolille, tarvittavat ty\u00f6kalut, akkuparistot sek\u00e4 laturi. Paristot voi joko vaihtaa tai ladata liitt\u00e4m\u00e4ll\u00e4 laturin valosarjaan. Yhdell\u00e4 laturilla lataa yht\u00e4aikaa kaksi valosarjan osaa eli molemmat puolet. Laturi ei n\u00e4y kuvassa.<\/p>\n<p>Valo-osien paino asennettuna 100g<\/p>\n","protected":false},"excerpt":{"rendered":"<p>Finesse-diaboloon sopiva valosarja. Paketissa valot diabolon molemmille puolille, tarvittavat ty\u00f6kalut, akkuparistot sek\u00e4 laturi. Paristot voi joko vaihtaa tai ladata liitt\u00e4m\u00e4ll\u00e4 laturin valosarjaan. Yhdell\u00e4 laturilla lataa yht\u00e4aikaa kaksi valosarjan osaa eli molemmat puolet. Laturi ei n\u00e4y kuvassa. Valo-osien paino asennettuna 100g<\/p>\n","protected":false},"featured_media":5042,"template":"","meta":{"site-sidebar-layout":"default","site-content-layout":"default","ast-site-content-layout":"default","site-content-style":"default","site-sidebar-style":"default","ast-global-header-display":"","ast-banner-title-visibility":"","ast-main-header-display":"","ast-hfb-above-header-display":"","ast-hfb-below-header-display":"","ast-hfb-mobile-header-display":"","site-post-title":"","ast-breadcrumbs-content":"","ast-featured-img":"","footer-sml-layout":"","theme-transparent-header-meta":"default","adv-header-id-meta":"","stick-header-meta":"","header-above-stick-meta":"","header-main-stick-meta":"","header-below-stick-meta":"","astra-migrate-meta-layouts":"default","ast-page-background-enabled":"default","ast-page-background-meta":{"desktop":{"background-color":"","background-image":"","background-repeat":"repeat","background-position":"center center","background-size":"auto","background-attachment":"scroll","background-type":"","background-media":"","overlay-type":"","overlay-color":"","overlay-opacity":"","overlay-gradient":""},"tablet":{"background-color":"","background-image":"","background-repeat":"repeat","background-position":"center center","background-size":"auto","background-attachment":"scroll","background-type":"","background-media":"","overlay-type":"","overlay-color":"","overlay-opacity":"","overlay-gradient":""},"mobile":{"background-color":"","background-image":"","background-repeat":"repeat","background-position":"center center","background-size":"auto","background-attachment":"scroll","background-type":"","background-media":"","overlay-type":"","overlay-color":"","overlay-opacity":"","overlay-gradient":""}},"ast-content-background-meta":{"desktop":{"background-color":"var(--ast-global-color-5)","background-image":"","background-repeat":"repeat","background-position":"center center","background-size":"auto","background-attachment":"scroll","background-type":"","background-media":"","overlay-type":"","overlay-color":"","overlay-opacity":"","overlay-gradient":""},"tablet":{"background-color":"var(--ast-global-color-5)","background-image":"","background-repeat":"repeat","background-position":"center center","background-size":"auto","background-attachment":"scroll","background-type":"","background-media":"","overlay-type":"","overlay-color":"","overlay-opacity":"","overlay-gradient":""},"mobile":{"background-color":"var(--ast-global-color-5)","background-image":"","background-repeat":"repeat","background-position":"center center","background-size":"auto","background-attachment":"scroll","background-type":"","background-media":"","overlay-type":"","overlay-color":"","overlay-opacity":"","overlay-gradient":""}}},"product_brand":[],"product_cat":[71],"product_tag":[357,358,379,359,80,387,389,388],"class_list":{"0":"post-5041","1":"product","2":"type-product","3":"status-publish","4":"has-post-thumbnail","6":"product_cat-diabolo","7":"product_tag-diabolo","8":"product_tag-diabolot","9":"product_tag-evolution","10":"product_tag-finesse","11":"product_tag-jongleeraus","12":"product_tag-kit-4","13":"product_tag-laturi","14":"product_tag-valosarja","15":"desktop-align-center","16":"tablet-align-left","17":"mobile-align-left","19":"first","20":"instock","21":"taxable","22":"shipping-taxable","23":"purchasable","24":"product-type-simple"},"_links":{"self":[{"href":"https:\/\/sirkussirkus.com\/kauppa\/wp-json\/wp\/v2\/product\/5041","targetHints":{"allow":["GET"]}}],"collection":[{"href":"https:\/\/sirkussirkus.com\/kauppa\/wp-json\/wp\/v2\/product"}],"about":[{"href":"https:\/\/sirkussirkus.com\/kauppa\/wp-json\/wp\/v2\/types\/product"}],"version-history":[{"count":1,"href":"https:\/\/sirkussirkus.com\/kauppa\/wp-json\/wp\/v2\/product\/5041\/revisions"}],"predecessor-version":[{"id":5044,"href":"https:\/\/sirkussirkus.com\/kauppa\/wp-json\/wp\/v2\/product\/5041\/revisions\/5044"}],"wp:featuredmedia":[{"embeddable":true,"href":"https:\/\/sirkussirkus.com\/kauppa\/wp-json\/wp\/v2\/media\/5042"}],"wp:attachment":[{"href":"https:\/\/sirkussirkus.com\/kauppa\/wp-json\/wp\/v2\/media?parent=5041"}],"wp:term":[{"taxonomy":"product_brand","embeddable":true,"href":"https:\/\/sirkussirkus.com\/kauppa\/wp-json\/wp\/v2\/product_brand?post=5041"},{"taxonomy":"product_cat","embeddable":true,"href":"https:\/\/sirkussirkus.com\/kauppa\/wp-json\/wp\/v2\/product_cat?post=5041"},{"taxonomy":"product_tag","embeddable":true,"href":"https:\/\/sirkussirkus.com\/kauppa\/wp-json\/wp\/v2\/product_tag?post=5041"}],"curies":[{"name":"wp","href":"https:\/\/api.w.org\/{rel}","templated":true}]}}