{"id":4982,"date":"2022-05-14T15:48:56","date_gmt":"2022-05-14T15:48:56","guid":{"rendered":"https:\/\/sirkussirkus.com\/kauppa\/?post_type=product&#038;p=4982"},"modified":"2025-06-07T10:41:13","modified_gmt":"2025-06-07T10:41:13","slug":"performer-diabolo","status":"publish","type":"product","link":"https:\/\/sirkussirkus.com\/kauppa\/product\/performer-diabolo\/","title":{"rendered":"Performer Diabolo"},"content":{"rendered":"<p>Nimenomaan suurille n\u00e4ytt\u00e4m\u00f6ille ammattik\u00e4ytt\u00f6\u00f6n suunniteltu Perfomer-diabolo on tehdasvalmisteisista diaboloista suurin. Suuri koko tuo mukanaan my\u00f6s painoa, ja Performer onkin my\u00f6s painavin diabolo luonnollisessa olotilassaan ilman lis\u00e4osia. N\u00e4kyv\u00e4 ja tuntuva vaihtoehto huomiota kaipaaville.<\/p>\n<p>Halkaisija 160mm \/ leveys 185mm \/ 360g. Ei sis\u00e4ll\u00e4 keppej\u00e4.<\/p>\n","protected":false},"excerpt":{"rendered":"<p>Nimenomaan suurille n\u00e4ytt\u00e4m\u00f6ille ammattik\u00e4ytt\u00f6\u00f6n suunniteltu Perfomer-diabolo on tehdasvalmisteisista diaboloista suurin. Suuri koko tuo mukanaan my\u00f6s painoa, ja Performer onkin my\u00f6s painavin diabolo luonnollisessa olotilassaan ilman lis\u00e4osia. N\u00e4kyv\u00e4 ja tuntuva vaihtoehto huomiota kaipaaville. Halkaisija 160mm \/ leveys 185mm \/ 360g. Ei sis\u00e4ll\u00e4 keppej\u00e4.<\/p>\n","protected":false},"featured_media":4989,"template":"","meta":{"site-sidebar-layout":"default","site-content-layout":"default","ast-site-content-layout":"default","site-content-style":"default","site-sidebar-style":"default","ast-global-header-display":"","ast-banner-title-visibility":"","ast-main-header-display":"","ast-hfb-above-header-display":"","ast-hfb-below-header-display":"","ast-hfb-mobile-header-display":"","site-post-title":"","ast-breadcrumbs-content":"","ast-featured-img":"","footer-sml-layout":"","theme-transparent-header-meta":"default","adv-header-id-meta":"","stick-header-meta":"","header-above-stick-meta":"","header-main-stick-meta":"","header-below-stick-meta":"","astra-migrate-meta-layouts":"default","ast-page-background-enabled":"default","ast-page-background-meta":{"desktop":{"background-color":"","background-image":"","background-repeat":"repeat","background-position":"center center","background-size":"auto","background-attachment":"scroll","background-type":"","background-media":"","overlay-type":"","overlay-color":"","overlay-opacity":"","overlay-gradient":""},"tablet":{"background-color":"","background-image":"","background-repeat":"repeat","background-position":"center center","background-size":"auto","background-attachment":"scroll","background-type":"","background-media":"","overlay-type":"","overlay-color":"","overlay-opacity":"","overlay-gradient":""},"mobile":{"background-color":"","background-image":"","background-repeat":"repeat","background-position":"center center","background-size":"auto","background-attachment":"scroll","background-type":"","background-media":"","overlay-type":"","overlay-color":"","overlay-opacity":"","overlay-gradient":""}},"ast-content-background-meta":{"desktop":{"background-color":"var(--ast-global-color-5)","background-image":"","background-repeat":"repeat","background-position":"center center","background-size":"auto","background-attachment":"scroll","background-type":"","background-media":"","overlay-type":"","overlay-color":"","overlay-opacity":"","overlay-gradient":""},"tablet":{"background-color":"var(--ast-global-color-5)","background-image":"","background-repeat":"repeat","background-position":"center center","background-size":"auto","background-attachment":"scroll","background-type":"","background-media":"","overlay-type":"","overlay-color":"","overlay-opacity":"","overlay-gradient":""},"mobile":{"background-color":"var(--ast-global-color-5)","background-image":"","background-repeat":"repeat","background-position":"center center","background-size":"auto","background-attachment":"scroll","background-type":"","background-media":"","overlay-type":"","overlay-color":"","overlay-opacity":"","overlay-gradient":""}}},"product_brand":[],"product_cat":[71],"product_tag":[357,358,80,370],"class_list":{"0":"post-4982","1":"product","2":"type-product","3":"status-publish","4":"has-post-thumbnail","6":"product_cat-diabolo","7":"product_tag-diabolo","8":"product_tag-diabolot","9":"product_tag-jongleeraus","10":"product_tag-performer","11":"desktop-align-center","12":"tablet-align-left","13":"mobile-align-left","15":"first","16":"outofstock","17":"taxable","18":"shipping-taxable","19":"purchasable","20":"product-type-variable","21":"has-default-attributes"},"_links":{"self":[{"href":"https:\/\/sirkussirkus.com\/kauppa\/wp-json\/wp\/v2\/product\/4982","targetHints":{"allow":["GET"]}}],"collection":[{"href":"https:\/\/sirkussirkus.com\/kauppa\/wp-json\/wp\/v2\/product"}],"about":[{"href":"https:\/\/sirkussirkus.com\/kauppa\/wp-json\/wp\/v2\/types\/product"}],"version-history":[{"count":1,"href":"https:\/\/sirkussirkus.com\/kauppa\/wp-json\/wp\/v2\/product\/4982\/revisions"}],"predecessor-version":[{"id":4992,"href":"https:\/\/sirkussirkus.com\/kauppa\/wp-json\/wp\/v2\/product\/4982\/revisions\/4992"}],"wp:featuredmedia":[{"embeddable":true,"href":"https:\/\/sirkussirkus.com\/kauppa\/wp-json\/wp\/v2\/media\/4989"}],"wp:attachment":[{"href":"https:\/\/sirkussirkus.com\/kauppa\/wp-json\/wp\/v2\/media?parent=4982"}],"wp:term":[{"taxonomy":"product_brand","embeddable":true,"href":"https:\/\/sirkussirkus.com\/kauppa\/wp-json\/wp\/v2\/product_brand?post=4982"},{"taxonomy":"product_cat","embeddable":true,"href":"https:\/\/sirkussirkus.com\/kauppa\/wp-json\/wp\/v2\/product_cat?post=4982"},{"taxonomy":"product_tag","embeddable":true,"href":"https:\/\/sirkussirkus.com\/kauppa\/wp-json\/wp\/v2\/product_tag?post=4982"}],"curies":[{"name":"wp","href":"https:\/\/api.w.org\/{rel}","templated":true}]}}