{"id":4943,"date":"2022-05-14T15:39:30","date_gmt":"2022-05-14T15:39:30","guid":{"rendered":"https:\/\/sirkussirkus.com\/kauppa\/?post_type=product&#038;p=4943"},"modified":"2022-05-19T18:55:31","modified_gmt":"2022-05-19T18:55:31","slug":"henrys-circus-diabolo","status":"publish","type":"product","link":"https:\/\/sirkussirkus.com\/kauppa\/product\/henrys-circus-diabolo\/","title":{"rendered":"Henrys Circus Diabolo"},"content":{"rendered":"<p>Henrys Circus -diabolo on toinen perinteinen vaihtoehto tosiharrastajalle tai ammattilaiselle Finessen ohella. Upeat v\u00e4rit, huippukest\u00e4v\u00e4 materiaali, elegantti muotoilu, v\u00e4kev\u00e4 tuntuma ja lukematon m\u00e4\u00e4r\u00e4 tarjolla olevia lis\u00e4osia eri valmistajilta ovat tehneet t\u00e4st\u00e4 diabolosta klassikkomaisen standardin Finessen ohella.<\/p>\n<p>Halkaisija 130mm \/ leveys 140mm \/ 300g. Ei sis\u00e4ll\u00e4 keppej\u00e4<\/p>\n","protected":false},"excerpt":{"rendered":"<p>Henrys Circus -diabolo on toinen perinteinen vaihtoehto tosiharrastajalle tai ammattilaiselle Finessen ohella. Upeat v\u00e4rit, huippukest\u00e4v\u00e4 materiaali, elegantti muotoilu, v\u00e4kev\u00e4 tuntuma ja lukematon m\u00e4\u00e4r\u00e4 tarjolla olevia lis\u00e4osia eri valmistajilta ovat tehneet t\u00e4st\u00e4 diabolosta klassikkomaisen standardin Finessen ohella. Halkaisija 130mm \/ leveys 140mm \/ 300g. Ei sis\u00e4ll\u00e4 keppej\u00e4<\/p>\n","protected":false},"featured_media":4953,"template":"","meta":{"site-sidebar-layout":"default","site-content-layout":"default","ast-site-content-layout":"default","site-content-style":"default","site-sidebar-style":"default","ast-global-header-display":"","ast-banner-title-visibility":"","ast-main-header-display":"","ast-hfb-above-header-display":"","ast-hfb-below-header-display":"","ast-hfb-mobile-header-display":"","site-post-title":"","ast-breadcrumbs-content":"","ast-featured-img":"","footer-sml-layout":"","theme-transparent-header-meta":"default","adv-header-id-meta":"","stick-header-meta":"","header-above-stick-meta":"","header-main-stick-meta":"","header-below-stick-meta":"","astra-migrate-meta-layouts":"default","ast-page-background-enabled":"default","ast-page-background-meta":{"desktop":{"background-color":"","background-image":"","background-repeat":"repeat","background-position":"center center","background-size":"auto","background-attachment":"scroll","background-type":"","background-media":"","overlay-type":"","overlay-color":"","overlay-opacity":"","overlay-gradient":""},"tablet":{"background-color":"","background-image":"","background-repeat":"repeat","background-position":"center center","background-size":"auto","background-attachment":"scroll","background-type":"","background-media":"","overlay-type":"","overlay-color":"","overlay-opacity":"","overlay-gradient":""},"mobile":{"background-color":"","background-image":"","background-repeat":"repeat","background-position":"center center","background-size":"auto","background-attachment":"scroll","background-type":"","background-media":"","overlay-type":"","overlay-color":"","overlay-opacity":"","overlay-gradient":""}},"ast-content-background-meta":{"desktop":{"background-color":"var(--ast-global-color-5)","background-image":"","background-repeat":"repeat","background-position":"center center","background-size":"auto","background-attachment":"scroll","background-type":"","background-media":"","overlay-type":"","overlay-color":"","overlay-opacity":"","overlay-gradient":""},"tablet":{"background-color":"var(--ast-global-color-5)","background-image":"","background-repeat":"repeat","background-position":"center center","background-size":"auto","background-attachment":"scroll","background-type":"","background-media":"","overlay-type":"","overlay-color":"","overlay-opacity":"","overlay-gradient":""},"mobile":{"background-color":"var(--ast-global-color-5)","background-image":"","background-repeat":"repeat","background-position":"center center","background-size":"auto","background-attachment":"scroll","background-type":"","background-media":"","overlay-type":"","overlay-color":"","overlay-opacity":"","overlay-gradient":""}}},"product_brand":[],"product_cat":[71],"product_tag":[361,357,77,80],"class_list":{"0":"post-4943","1":"product","2":"type-product","3":"status-publish","4":"has-post-thumbnail","6":"product_cat-diabolo","7":"product_tag-circus","8":"product_tag-diabolo","9":"product_tag-henrys","10":"product_tag-jongleeraus","11":"desktop-align-center","12":"tablet-align-left","13":"mobile-align-left","15":"first","16":"outofstock","17":"taxable","18":"shipping-taxable","19":"purchasable","20":"product-type-variable","21":"has-default-attributes"},"_links":{"self":[{"href":"https:\/\/sirkussirkus.com\/kauppa\/wp-json\/wp\/v2\/product\/4943","targetHints":{"allow":["GET"]}}],"collection":[{"href":"https:\/\/sirkussirkus.com\/kauppa\/wp-json\/wp\/v2\/product"}],"about":[{"href":"https:\/\/sirkussirkus.com\/kauppa\/wp-json\/wp\/v2\/types\/product"}],"version-history":[{"count":1,"href":"https:\/\/sirkussirkus.com\/kauppa\/wp-json\/wp\/v2\/product\/4943\/revisions"}],"predecessor-version":[{"id":4956,"href":"https:\/\/sirkussirkus.com\/kauppa\/wp-json\/wp\/v2\/product\/4943\/revisions\/4956"}],"wp:featuredmedia":[{"embeddable":true,"href":"https:\/\/sirkussirkus.com\/kauppa\/wp-json\/wp\/v2\/media\/4953"}],"wp:attachment":[{"href":"https:\/\/sirkussirkus.com\/kauppa\/wp-json\/wp\/v2\/media?parent=4943"}],"wp:term":[{"taxonomy":"product_brand","embeddable":true,"href":"https:\/\/sirkussirkus.com\/kauppa\/wp-json\/wp\/v2\/product_brand?post=4943"},{"taxonomy":"product_cat","embeddable":true,"href":"https:\/\/sirkussirkus.com\/kauppa\/wp-json\/wp\/v2\/product_cat?post=4943"},{"taxonomy":"product_tag","embeddable":true,"href":"https:\/\/sirkussirkus.com\/kauppa\/wp-json\/wp\/v2\/product_tag?post=4943"}],"curies":[{"name":"wp","href":"https:\/\/api.w.org\/{rel}","templated":true}]}}