{"id":4926,"date":"2022-05-14T15:36:07","date_gmt":"2022-05-14T15:36:07","guid":{"rendered":"https:\/\/sirkussirkus.com\/kauppa\/?post_type=product&#038;p=4926"},"modified":"2024-09-01T13:16:29","modified_gmt":"2024-09-01T13:16:29","slug":"finesse-g4-diabolo","status":"publish","type":"product","link":"https:\/\/sirkussirkus.com\/kauppa\/product\/finesse-g4-diabolo\/","title":{"rendered":"Finesse G4 Diabolo"},"content":{"rendered":"<p>Mister Babachen Finesse on yksi k\u00e4ytetyimmist\u00e4 diabolo-malleista kautta maailman. Pitk\u00e4n tuotekehittelyn p\u00e4\u00e4tteksi on nyt myynniss\u00e4 jo nelj\u00e4nnen sukupolven Finesse-diabolo, jonka yksityiskohdat on suunniteltu yhdess\u00e4 parhaiden diabolo-jongl\u00f6\u00f6rien kanssa. Kupit ovat joustavat ja samalla eritt\u00e4in kest\u00e4v\u00e4t. Finesseen on my\u00f6s mahdollista asentaa erilaisia akselistoja ja muita lis\u00e4osia, jotka muuttavat diabolon ominaisuuksia. Finesse on ehdottomasti paras vaihtoehto vasta-alkajalle laakerittomien diabolojen keskuudessa.<\/p>\n<p>Ei sis\u00e4ll\u00e4 keppej\u00e4.<\/p>\n<p>Halkaisija 135mm \/ leveys 130mm \/ 245g<\/p>\n","protected":false},"excerpt":{"rendered":"<p>Mister Babachen Finesse on yksi k\u00e4ytetyimmist\u00e4 diabolo-malleista kautta maailman. Pitk\u00e4n tuotekehittelyn p\u00e4\u00e4tteksi on nyt myynniss\u00e4 jo nelj\u00e4nnen sukupolven Finesse-diabolo, jonka yksityiskohdat on suunniteltu yhdess\u00e4 parhaiden diabolo-jongl\u00f6\u00f6rien kanssa. Kupit ovat joustavat ja samalla eritt\u00e4in kest\u00e4v\u00e4t. Finesseen on my\u00f6s mahdollista asentaa erilaisia akselistoja ja muita lis\u00e4osia, jotka muuttavat diabolon ominaisuuksia. Finesse on ehdottomasti paras vaihtoehto vasta-alkajalle laakerittomien [&hellip;]<\/p>\n","protected":false},"featured_media":4936,"template":"","meta":{"site-sidebar-layout":"default","site-content-layout":"default","ast-site-content-layout":"default","site-content-style":"default","site-sidebar-style":"default","ast-global-header-display":"","ast-banner-title-visibility":"","ast-main-header-display":"","ast-hfb-above-header-display":"","ast-hfb-below-header-display":"","ast-hfb-mobile-header-display":"","site-post-title":"","ast-breadcrumbs-content":"","ast-featured-img":"","footer-sml-layout":"","theme-transparent-header-meta":"default","adv-header-id-meta":"","stick-header-meta":"","header-above-stick-meta":"","header-main-stick-meta":"","header-below-stick-meta":"","astra-migrate-meta-layouts":"default","ast-page-background-enabled":"default","ast-page-background-meta":{"desktop":{"background-color":"","background-image":"","background-repeat":"repeat","background-position":"center center","background-size":"auto","background-attachment":"scroll","background-type":"","background-media":"","overlay-type":"","overlay-color":"","overlay-opacity":"","overlay-gradient":""},"tablet":{"background-color":"","background-image":"","background-repeat":"repeat","background-position":"center center","background-size":"auto","background-attachment":"scroll","background-type":"","background-media":"","overlay-type":"","overlay-color":"","overlay-opacity":"","overlay-gradient":""},"mobile":{"background-color":"","background-image":"","background-repeat":"repeat","background-position":"center center","background-size":"auto","background-attachment":"scroll","background-type":"","background-media":"","overlay-type":"","overlay-color":"","overlay-opacity":"","overlay-gradient":""}},"ast-content-background-meta":{"desktop":{"background-color":"var(--ast-global-color-5)","background-image":"","background-repeat":"repeat","background-position":"center center","background-size":"auto","background-attachment":"scroll","background-type":"","background-media":"","overlay-type":"","overlay-color":"","overlay-opacity":"","overlay-gradient":""},"tablet":{"background-color":"var(--ast-global-color-5)","background-image":"","background-repeat":"repeat","background-position":"center center","background-size":"auto","background-attachment":"scroll","background-type":"","background-media":"","overlay-type":"","overlay-color":"","overlay-opacity":"","overlay-gradient":""},"mobile":{"background-color":"var(--ast-global-color-5)","background-image":"","background-repeat":"repeat","background-position":"center center","background-size":"auto","background-attachment":"scroll","background-type":"","background-media":"","overlay-type":"","overlay-color":"","overlay-opacity":"","overlay-gradient":""}}},"product_brand":[],"product_cat":[71],"product_tag":[357,358,359,360,80,148],"class_list":{"0":"post-4926","1":"product","2":"type-product","3":"status-publish","4":"has-post-thumbnail","6":"product_cat-diabolo","7":"product_tag-diabolo","8":"product_tag-diabolot","9":"product_tag-finesse","10":"product_tag-g4","11":"product_tag-jongleeraus","12":"product_tag-mister-babache","13":"desktop-align-center","14":"tablet-align-left","15":"mobile-align-left","17":"first","18":"outofstock","19":"taxable","20":"shipping-taxable","21":"purchasable","22":"product-type-variable","23":"has-default-attributes"},"_links":{"self":[{"href":"https:\/\/sirkussirkus.com\/kauppa\/wp-json\/wp\/v2\/product\/4926","targetHints":{"allow":["GET"]}}],"collection":[{"href":"https:\/\/sirkussirkus.com\/kauppa\/wp-json\/wp\/v2\/product"}],"about":[{"href":"https:\/\/sirkussirkus.com\/kauppa\/wp-json\/wp\/v2\/types\/product"}],"version-history":[{"count":2,"href":"https:\/\/sirkussirkus.com\/kauppa\/wp-json\/wp\/v2\/product\/4926\/revisions"}],"predecessor-version":[{"id":5623,"href":"https:\/\/sirkussirkus.com\/kauppa\/wp-json\/wp\/v2\/product\/4926\/revisions\/5623"}],"wp:featuredmedia":[{"embeddable":true,"href":"https:\/\/sirkussirkus.com\/kauppa\/wp-json\/wp\/v2\/media\/4936"}],"wp:attachment":[{"href":"https:\/\/sirkussirkus.com\/kauppa\/wp-json\/wp\/v2\/media?parent=4926"}],"wp:term":[{"taxonomy":"product_brand","embeddable":true,"href":"https:\/\/sirkussirkus.com\/kauppa\/wp-json\/wp\/v2\/product_brand?post=4926"},{"taxonomy":"product_cat","embeddable":true,"href":"https:\/\/sirkussirkus.com\/kauppa\/wp-json\/wp\/v2\/product_cat?post=4926"},{"taxonomy":"product_tag","embeddable":true,"href":"https:\/\/sirkussirkus.com\/kauppa\/wp-json\/wp\/v2\/product_tag?post=4926"}],"curies":[{"name":"wp","href":"https:\/\/api.w.org\/{rel}","templated":true}]}}