{"id":4922,"date":"2021-05-13T12:42:58","date_gmt":"2021-05-13T12:42:58","guid":{"rendered":"https:\/\/sirkussirkus.com\/kauppa\/?post_type=product&#038;p=4922"},"modified":"2024-02-13T18:18:52","modified_gmt":"2024-02-13T18:18:52","slug":"vyoholsterit-40cm-renkaille-pari","status":"publish","type":"product","link":"https:\/\/sirkussirkus.com\/kauppa\/product\/vyoholsterit-40cm-renkaille-pari\/","title":{"rendered":"Vy\u00f6holsterit 40cm renkaille (pari)"},"content":{"rendered":"<div class=\"product-text\">\n<p>Eli suomeksi vy\u00f6lle asetettavat metalliset rengaskannattimet tai rengaskotelot. Myyd\u00e4\u00e4n pareittain.<\/p>\n<p>Lauri Koskisen suunnittelemat ja sepp\u00e4 Toni Torkel Saikkosen toteuttamat holsterit ovat paitsi kest\u00e4v\u00e4t my\u00f6s tyylikk\u00e4\u00e4n yksinkertaiset ja sirot. Holsterit ovat alunperin suunniteltu yli kahdeksan renkaan jongleeraukseen ja muihin vastaaviin tilanteisiin, jossa k\u00e4sitila tuppaa loppumaan kesken. Saattaa helpottaa l\u00e4ht\u00f6\u00e4 my\u00f6s seitsem\u00e4n ja kahdeksan renkaan jongleerauskuvioihin.<\/p>\n<p>Holstereihin sopii Babachen 40cm jongleerausrengas. Hintaan sis\u00e4ltyy kaksi holsteria (yksi kummallekin puolelle). Hinta ei sis\u00e4ll\u00e4 vy\u00f6t\u00e4. Toisessa kuvassa holsterit puettuna. V\u00e4rin\u00e4 vain hopeinen.<\/p>\n<p>Pituus 60cm \/ 325g (2 kpl 650g)<\/p>\n<\/div>\n","protected":false},"excerpt":{"rendered":"<p>Eli suomeksi vy\u00f6lle asetettavat metalliset rengaskannattimet tai rengaskotelot. Myyd\u00e4\u00e4n pareittain. Lauri Koskisen suunnittelemat ja sepp\u00e4 Toni Torkel Saikkosen toteuttamat holsterit ovat paitsi kest\u00e4v\u00e4t my\u00f6s tyylikk\u00e4\u00e4n yksinkertaiset ja sirot. Holsterit ovat alunperin suunniteltu yli kahdeksan renkaan jongleeraukseen ja muihin vastaaviin tilanteisiin, jossa k\u00e4sitila tuppaa loppumaan kesken. Saattaa helpottaa l\u00e4ht\u00f6\u00e4 my\u00f6s seitsem\u00e4n ja kahdeksan renkaan jongleerauskuvioihin. Holstereihin [&hellip;]<\/p>\n","protected":false},"featured_media":4923,"template":"","meta":{"site-sidebar-layout":"default","site-content-layout":"default","ast-site-content-layout":"default","site-content-style":"default","site-sidebar-style":"default","ast-global-header-display":"","ast-banner-title-visibility":"","ast-main-header-display":"","ast-hfb-above-header-display":"","ast-hfb-below-header-display":"","ast-hfb-mobile-header-display":"","site-post-title":"","ast-breadcrumbs-content":"","ast-featured-img":"","footer-sml-layout":"","theme-transparent-header-meta":"default","adv-header-id-meta":"","stick-header-meta":"","header-above-stick-meta":"","header-main-stick-meta":"","header-below-stick-meta":"","astra-migrate-meta-layouts":"set","ast-page-background-enabled":"default","ast-page-background-meta":{"desktop":{"background-color":"","background-image":"","background-repeat":"repeat","background-position":"center center","background-size":"auto","background-attachment":"scroll","background-type":"","background-media":"","overlay-type":"","overlay-color":"","overlay-opacity":"","overlay-gradient":""},"tablet":{"background-color":"","background-image":"","background-repeat":"repeat","background-position":"center center","background-size":"auto","background-attachment":"scroll","background-type":"","background-media":"","overlay-type":"","overlay-color":"","overlay-opacity":"","overlay-gradient":""},"mobile":{"background-color":"","background-image":"","background-repeat":"repeat","background-position":"center center","background-size":"auto","background-attachment":"scroll","background-type":"","background-media":"","overlay-type":"","overlay-color":"","overlay-opacity":"","overlay-gradient":""}},"ast-content-background-meta":{"desktop":{"background-color":"var(--ast-global-color-5)","background-image":"","background-repeat":"repeat","background-position":"center center","background-size":"auto","background-attachment":"scroll","background-type":"","background-media":"","overlay-type":"","overlay-color":"","overlay-opacity":"","overlay-gradient":""},"tablet":{"background-color":"var(--ast-global-color-5)","background-image":"","background-repeat":"repeat","background-position":"center center","background-size":"auto","background-attachment":"scroll","background-type":"","background-media":"","overlay-type":"","overlay-color":"","overlay-opacity":"","overlay-gradient":""},"mobile":{"background-color":"var(--ast-global-color-5)","background-image":"","background-repeat":"repeat","background-position":"center center","background-size":"auto","background-attachment":"scroll","background-type":"","background-media":"","overlay-type":"","overlay-color":"","overlay-opacity":"","overlay-gradient":""}}},"product_brand":[],"product_cat":[70],"product_tag":[352,356,622,166,168,355],"class_list":{"0":"post-4922","1":"product","2":"type-product","3":"status-publish","4":"has-post-thumbnail","6":"product_cat-jongleerausrenkaat","7":"product_tag-352","8":"product_tag-holsterit","9":"product_tag-kotelo","10":"product_tag-rengas","11":"product_tag-renkaat","12":"product_tag-vyo","13":"desktop-align-center","14":"tablet-align-left","15":"mobile-align-left","17":"first","18":"instock","19":"taxable","20":"shipping-taxable","21":"purchasable","22":"product-type-simple"},"_links":{"self":[{"href":"https:\/\/sirkussirkus.com\/kauppa\/wp-json\/wp\/v2\/product\/4922","targetHints":{"allow":["GET"]}}],"collection":[{"href":"https:\/\/sirkussirkus.com\/kauppa\/wp-json\/wp\/v2\/product"}],"about":[{"href":"https:\/\/sirkussirkus.com\/kauppa\/wp-json\/wp\/v2\/types\/product"}],"version-history":[{"count":1,"href":"https:\/\/sirkussirkus.com\/kauppa\/wp-json\/wp\/v2\/product\/4922\/revisions"}],"predecessor-version":[{"id":4925,"href":"https:\/\/sirkussirkus.com\/kauppa\/wp-json\/wp\/v2\/product\/4922\/revisions\/4925"}],"wp:featuredmedia":[{"embeddable":true,"href":"https:\/\/sirkussirkus.com\/kauppa\/wp-json\/wp\/v2\/media\/4923"}],"wp:attachment":[{"href":"https:\/\/sirkussirkus.com\/kauppa\/wp-json\/wp\/v2\/media?parent=4922"}],"wp:term":[{"taxonomy":"product_brand","embeddable":true,"href":"https:\/\/sirkussirkus.com\/kauppa\/wp-json\/wp\/v2\/product_brand?post=4922"},{"taxonomy":"product_cat","embeddable":true,"href":"https:\/\/sirkussirkus.com\/kauppa\/wp-json\/wp\/v2\/product_cat?post=4922"},{"taxonomy":"product_tag","embeddable":true,"href":"https:\/\/sirkussirkus.com\/kauppa\/wp-json\/wp\/v2\/product_tag?post=4922"}],"curies":[{"name":"wp","href":"https:\/\/api.w.org\/{rel}","templated":true}]}}