{"id":4911,"date":"2020-05-13T12:41:49","date_gmt":"2020-05-13T12:41:49","guid":{"rendered":"https:\/\/sirkussirkus.com\/kauppa\/?post_type=product&#038;p=4911"},"modified":"2024-09-30T05:13:51","modified_gmt":"2024-09-30T05:13:51","slug":"play-saturn-40-cm","status":"publish","type":"product","link":"https:\/\/sirkussirkus.com\/kauppa\/product\/play-saturn-40-cm\/","title":{"rendered":"Play Saturn 40cm"},"content":{"rendered":"<p>Play-yhti\u00f6n Saturn-renkaiden ulkohalkaisija on saman kokoinen kuin Babachen vastaaavissa isoissa renkaissa, mutta sis\u00e4halkaisija on hieman pienempi. Renkaat ovat siis leve\u00e4mm\u00e4t Babachen standarimalleihin verrattuina, ja siksi tuntuvat k\u00e4teen erilaisilta. Suurimman eron kuitenkin tekee valmistusmateriaali, joka on eritt\u00e4in pehme\u00e4 ja joustava. T\u00e4m\u00e4 mahdollistaa renkaiden taivuttelun ja tarjoaa paljon uudenlaisia temppumahdollisuuksia renkaiden k\u00e4sittelyyn. Leve\u00e4mm\u00e4st\u00e4 muodostaan huolimatta renkaat ovat materiaalin ansiosta kevyemm\u00e4t kuin Babachen 40cm renkaat.<\/p>\n<p>Halkaisija 40cm \/ leveys 40mm \/ paksuus 4mm \/ 125g<\/p>\n","protected":false},"excerpt":{"rendered":"<p>Play-yhti\u00f6n Saturn-renkaiden ulkohalkaisija on saman kokoinen kuin Babachen vastaaavissa isoissa renkaissa, mutta sis\u00e4halkaisija on hieman pienempi. Renkaat ovat siis leve\u00e4mm\u00e4t Babachen standarimalleihin verrattuina, ja siksi tuntuvat k\u00e4teen erilaisilta. Suurimman eron kuitenkin tekee valmistusmateriaali, joka on eritt\u00e4in pehme\u00e4 ja joustava. T\u00e4m\u00e4 mahdollistaa renkaiden taivuttelun ja tarjoaa paljon uudenlaisia temppumahdollisuuksia renkaiden k\u00e4sittelyyn. Leve\u00e4mm\u00e4st\u00e4 muodostaan huolimatta renkaat ovat [&hellip;]<\/p>\n","protected":false},"featured_media":4919,"template":"","meta":{"site-sidebar-layout":"default","site-content-layout":"default","ast-site-content-layout":"default","site-content-style":"default","site-sidebar-style":"default","ast-global-header-display":"","ast-banner-title-visibility":"","ast-main-header-display":"","ast-hfb-above-header-display":"","ast-hfb-below-header-display":"","ast-hfb-mobile-header-display":"","site-post-title":"","ast-breadcrumbs-content":"","ast-featured-img":"","footer-sml-layout":"","theme-transparent-header-meta":"default","adv-header-id-meta":"","stick-header-meta":"","header-above-stick-meta":"","header-main-stick-meta":"","header-below-stick-meta":"","astra-migrate-meta-layouts":"set","ast-page-background-enabled":"default","ast-page-background-meta":{"desktop":{"background-color":"","background-image":"","background-repeat":"repeat","background-position":"center center","background-size":"auto","background-attachment":"scroll","background-type":"","background-media":"","overlay-type":"","overlay-color":"","overlay-opacity":"","overlay-gradient":""},"tablet":{"background-color":"","background-image":"","background-repeat":"repeat","background-position":"center center","background-size":"auto","background-attachment":"scroll","background-type":"","background-media":"","overlay-type":"","overlay-color":"","overlay-opacity":"","overlay-gradient":""},"mobile":{"background-color":"","background-image":"","background-repeat":"repeat","background-position":"center center","background-size":"auto","background-attachment":"scroll","background-type":"","background-media":"","overlay-type":"","overlay-color":"","overlay-opacity":"","overlay-gradient":""}},"ast-content-background-meta":{"desktop":{"background-color":"var(--ast-global-color-5)","background-image":"","background-repeat":"repeat","background-position":"center center","background-size":"auto","background-attachment":"scroll","background-type":"","background-media":"","overlay-type":"","overlay-color":"","overlay-opacity":"","overlay-gradient":""},"tablet":{"background-color":"var(--ast-global-color-5)","background-image":"","background-repeat":"repeat","background-position":"center center","background-size":"auto","background-attachment":"scroll","background-type":"","background-media":"","overlay-type":"","overlay-color":"","overlay-opacity":"","overlay-gradient":""},"mobile":{"background-color":"var(--ast-global-color-5)","background-image":"","background-repeat":"repeat","background-position":"center center","background-size":"auto","background-attachment":"scroll","background-type":"","background-media":"","overlay-type":"","overlay-color":"","overlay-opacity":"","overlay-gradient":""}}},"product_brand":[],"product_cat":[70],"product_tag":[352,108,166,168,353],"class_list":{"0":"post-4911","1":"product","2":"type-product","3":"status-publish","4":"has-post-thumbnail","6":"product_cat-jongleerausrenkaat","7":"product_tag-352","8":"product_tag-play","9":"product_tag-rengas","10":"product_tag-renkaat","11":"product_tag-saturn","12":"desktop-align-center","13":"tablet-align-left","14":"mobile-align-left","16":"first","17":"instock","18":"taxable","19":"shipping-taxable","20":"purchasable","21":"product-type-variable","22":"has-default-attributes"},"_links":{"self":[{"href":"https:\/\/sirkussirkus.com\/kauppa\/wp-json\/wp\/v2\/product\/4911","targetHints":{"allow":["GET"]}}],"collection":[{"href":"https:\/\/sirkussirkus.com\/kauppa\/wp-json\/wp\/v2\/product"}],"about":[{"href":"https:\/\/sirkussirkus.com\/kauppa\/wp-json\/wp\/v2\/types\/product"}],"version-history":[{"count":2,"href":"https:\/\/sirkussirkus.com\/kauppa\/wp-json\/wp\/v2\/product\/4911\/revisions"}],"predecessor-version":[{"id":7831,"href":"https:\/\/sirkussirkus.com\/kauppa\/wp-json\/wp\/v2\/product\/4911\/revisions\/7831"}],"wp:featuredmedia":[{"embeddable":true,"href":"https:\/\/sirkussirkus.com\/kauppa\/wp-json\/wp\/v2\/media\/4919"}],"wp:attachment":[{"href":"https:\/\/sirkussirkus.com\/kauppa\/wp-json\/wp\/v2\/media?parent=4911"}],"wp:term":[{"taxonomy":"product_brand","embeddable":true,"href":"https:\/\/sirkussirkus.com\/kauppa\/wp-json\/wp\/v2\/product_brand?post=4911"},{"taxonomy":"product_cat","embeddable":true,"href":"https:\/\/sirkussirkus.com\/kauppa\/wp-json\/wp\/v2\/product_cat?post=4911"},{"taxonomy":"product_tag","embeddable":true,"href":"https:\/\/sirkussirkus.com\/kauppa\/wp-json\/wp\/v2\/product_tag?post=4911"}],"curies":[{"name":"wp","href":"https:\/\/api.w.org\/{rel}","templated":true}]}}