{"id":4899,"date":"2022-05-13T12:39:31","date_gmt":"2022-05-13T12:39:31","guid":{"rendered":"https:\/\/sirkussirkus.com\/kauppa\/?post_type=product&#038;p=4899"},"modified":"2026-03-15T11:11:06","modified_gmt":"2026-03-15T11:11:06","slug":"iso-rengas-40-cm","status":"publish","type":"product","link":"https:\/\/sirkussirkus.com\/kauppa\/product\/iso-rengas-40-cm\/","title":{"rendered":"Jongleerausrengas 40cm"},"content":{"rendered":"<p>Mister Babache perusrenkaasta isompi, raskaampi ja n\u00e4ytt\u00e4v\u00e4mpi versio. Isompi halkaisija mahdollistaa erilaisia temppuja normaalikokoisiin renkaisiin verrattuna, koska renkaan koko on erilaisessa suhteessa kehon mittoihin. Toisaalta se my\u00f6s sulkee joitain temppuja pois. Raskaampi paino tarkoittaa my\u00f6s enemm\u00e4n rasitusta k\u00e4sille erityisesti kiinniottaessa korkeita heittoja.<\/p>\n<p>Halkaisija 40,7cm \/ leveys 35mm \/ paksuus 4mm \/ 145g<\/p>\n","protected":false},"excerpt":{"rendered":"<p>Mister Babache perusrenkaasta isompi, raskaampi ja n\u00e4ytt\u00e4v\u00e4mpi versio. Isompi halkaisija mahdollistaa erilaisia temppuja normaalikokoisiin renkaisiin verrattuna, koska renkaan koko on erilaisessa suhteessa kehon mittoihin. Toisaalta se my\u00f6s sulkee joitain temppuja pois. Raskaampi paino tarkoittaa my\u00f6s enemm\u00e4n rasitusta k\u00e4sille erityisesti kiinniottaessa korkeita heittoja. Halkaisija 40,7cm \/ leveys 35mm \/ paksuus 4mm \/ 145g<\/p>\n","protected":false},"featured_media":4908,"template":"","meta":{"site-sidebar-layout":"default","site-content-layout":"default","ast-site-content-layout":"default","site-content-style":"default","site-sidebar-style":"default","ast-global-header-display":"","ast-banner-title-visibility":"","ast-main-header-display":"","ast-hfb-above-header-display":"","ast-hfb-below-header-display":"","ast-hfb-mobile-header-display":"","site-post-title":"","ast-breadcrumbs-content":"","ast-featured-img":"","footer-sml-layout":"","theme-transparent-header-meta":"default","adv-header-id-meta":"","stick-header-meta":"","header-above-stick-meta":"","header-main-stick-meta":"","header-below-stick-meta":"","astra-migrate-meta-layouts":"default","ast-page-background-enabled":"default","ast-page-background-meta":{"desktop":{"background-color":"","background-image":"","background-repeat":"repeat","background-position":"center center","background-size":"auto","background-attachment":"scroll","background-type":"","background-media":"","overlay-type":"","overlay-color":"","overlay-opacity":"","overlay-gradient":""},"tablet":{"background-color":"","background-image":"","background-repeat":"repeat","background-position":"center center","background-size":"auto","background-attachment":"scroll","background-type":"","background-media":"","overlay-type":"","overlay-color":"","overlay-opacity":"","overlay-gradient":""},"mobile":{"background-color":"","background-image":"","background-repeat":"repeat","background-position":"center center","background-size":"auto","background-attachment":"scroll","background-type":"","background-media":"","overlay-type":"","overlay-color":"","overlay-opacity":"","overlay-gradient":""}},"ast-content-background-meta":{"desktop":{"background-color":"var(--ast-global-color-5)","background-image":"","background-repeat":"repeat","background-position":"center center","background-size":"auto","background-attachment":"scroll","background-type":"","background-media":"","overlay-type":"","overlay-color":"","overlay-opacity":"","overlay-gradient":""},"tablet":{"background-color":"var(--ast-global-color-5)","background-image":"","background-repeat":"repeat","background-position":"center center","background-size":"auto","background-attachment":"scroll","background-type":"","background-media":"","overlay-type":"","overlay-color":"","overlay-opacity":"","overlay-gradient":""},"mobile":{"background-color":"var(--ast-global-color-5)","background-image":"","background-repeat":"repeat","background-position":"center center","background-size":"auto","background-attachment":"scroll","background-type":"","background-media":"","overlay-type":"","overlay-color":"","overlay-opacity":"","overlay-gradient":""}}},"product_brand":[],"product_cat":[70],"product_tag":[352,351,148,166,168],"class_list":{"0":"post-4899","1":"product","2":"type-product","3":"status-publish","4":"has-post-thumbnail","6":"product_cat-jongleerausrenkaat","7":"product_tag-352","8":"product_tag-iso","9":"product_tag-mister-babache","10":"product_tag-rengas","11":"product_tag-renkaat","12":"desktop-align-center","13":"tablet-align-left","14":"mobile-align-left","16":"first","17":"instock","18":"taxable","19":"shipping-taxable","20":"purchasable","21":"product-type-variable"},"_links":{"self":[{"href":"https:\/\/sirkussirkus.com\/kauppa\/wp-json\/wp\/v2\/product\/4899","targetHints":{"allow":["GET"]}}],"collection":[{"href":"https:\/\/sirkussirkus.com\/kauppa\/wp-json\/wp\/v2\/product"}],"about":[{"href":"https:\/\/sirkussirkus.com\/kauppa\/wp-json\/wp\/v2\/types\/product"}],"version-history":[{"count":2,"href":"https:\/\/sirkussirkus.com\/kauppa\/wp-json\/wp\/v2\/product\/4899\/revisions"}],"predecessor-version":[{"id":5509,"href":"https:\/\/sirkussirkus.com\/kauppa\/wp-json\/wp\/v2\/product\/4899\/revisions\/5509"}],"wp:featuredmedia":[{"embeddable":true,"href":"https:\/\/sirkussirkus.com\/kauppa\/wp-json\/wp\/v2\/media\/4908"}],"wp:attachment":[{"href":"https:\/\/sirkussirkus.com\/kauppa\/wp-json\/wp\/v2\/media?parent=4899"}],"wp:term":[{"taxonomy":"product_brand","embeddable":true,"href":"https:\/\/sirkussirkus.com\/kauppa\/wp-json\/wp\/v2\/product_brand?post=4899"},{"taxonomy":"product_cat","embeddable":true,"href":"https:\/\/sirkussirkus.com\/kauppa\/wp-json\/wp\/v2\/product_cat?post=4899"},{"taxonomy":"product_tag","embeddable":true,"href":"https:\/\/sirkussirkus.com\/kauppa\/wp-json\/wp\/v2\/product_tag?post=4899"}],"curies":[{"name":"wp","href":"https:\/\/api.w.org\/{rel}","templated":true}]}}