{"id":4877,"date":"2021-05-13T12:27:51","date_gmt":"2021-05-13T12:27:51","guid":{"rendered":"https:\/\/sirkussirkus.com\/kauppa\/?post_type=product&#038;p=4877"},"modified":"2022-10-14T04:40:02","modified_gmt":"2022-10-14T04:40:02","slug":"finnish-poles-3-kpl","status":"publish","type":"product","link":"https:\/\/sirkussirkus.com\/kauppa\/product\/finnish-poles-3-kpl\/","title":{"rendered":"Finnish Poles (3 kpl)"},"content":{"rendered":"<p>Kai Kuutamon kehittelem\u00e4 jongleerausv\u00e4line, jonka k\u00e4sittelyss\u00e4 yhdistyv\u00e4t keilajongleeraus- ja keppimanipulaatiotekniikat. Pitk\u00e4n mittansa ansiosta suomalaiset patukat py\u00f6riv\u00e4t eritt\u00e4in hitaasti, ja niill\u00e4 on helppo luoda muista jongleerausv\u00e4lineist\u00e4 visuaalisesti poikkeavaa materiaalia. Pitk\u00e4 mitta tuo mukanaan my\u00f6s raskautta. Vaikka v\u00e4line on eritt\u00e4in kevyt itsess\u00e4\u00e4n, sen k\u00e4sittelyyn tarvitaan paljon panosta vipuvoimailmi\u00f6n takia. Katso video alta n\u00e4hd\u00e4ksesi joitain v\u00e4lineen mahdollisuuksista. V\u00e4rin\u00e4 vain valkoinen.<\/p>\n<p><a href=\"https:\/\/www.youtube.com\/watch?v=UofXrINtKrQ\" target=\"_blank\" rel=\"noopener noreferrer\">Youtube: Kai Kuutamo juggling the finnish poles 2009<\/a><\/p>\n<p>Pituus 150cm \/ paino 250g<\/p>\n<p>Hinta sis\u00e4lt\u00e4\u00e4 kolme kappaletta.<\/p>\n","protected":false},"excerpt":{"rendered":"<p>Kai Kuutamon kehittelem\u00e4 jongleerausv\u00e4line, jonka k\u00e4sittelyss\u00e4 yhdistyv\u00e4t keilajongleeraus- ja keppimanipulaatiotekniikat. Pitk\u00e4n mittansa ansiosta suomalaiset patukat py\u00f6riv\u00e4t eritt\u00e4in hitaasti, ja niill\u00e4 on helppo luoda muista jongleerausv\u00e4lineist\u00e4 visuaalisesti poikkeavaa materiaalia. Pitk\u00e4 mitta tuo mukanaan my\u00f6s raskautta. Vaikka v\u00e4line on eritt\u00e4in kevyt itsess\u00e4\u00e4n, sen k\u00e4sittelyyn tarvitaan paljon panosta vipuvoimailmi\u00f6n takia. Katso video alta n\u00e4hd\u00e4ksesi joitain v\u00e4lineen mahdollisuuksista. V\u00e4rin\u00e4 [&hellip;]<\/p>\n","protected":false},"featured_media":4878,"template":"","meta":{"site-sidebar-layout":"default","site-content-layout":"default","ast-site-content-layout":"default","site-content-style":"default","site-sidebar-style":"default","ast-global-header-display":"","ast-banner-title-visibility":"","ast-main-header-display":"","ast-hfb-above-header-display":"","ast-hfb-below-header-display":"","ast-hfb-mobile-header-display":"","site-post-title":"","ast-breadcrumbs-content":"","ast-featured-img":"","footer-sml-layout":"","theme-transparent-header-meta":"default","adv-header-id-meta":"","stick-header-meta":"","header-above-stick-meta":"","header-main-stick-meta":"","header-below-stick-meta":"","astra-migrate-meta-layouts":"default","ast-page-background-enabled":"default","ast-page-background-meta":{"desktop":{"background-color":"","background-image":"","background-repeat":"repeat","background-position":"center center","background-size":"auto","background-attachment":"scroll","background-type":"","background-media":"","overlay-type":"","overlay-color":"","overlay-opacity":"","overlay-gradient":""},"tablet":{"background-color":"","background-image":"","background-repeat":"repeat","background-position":"center center","background-size":"auto","background-attachment":"scroll","background-type":"","background-media":"","overlay-type":"","overlay-color":"","overlay-opacity":"","overlay-gradient":""},"mobile":{"background-color":"","background-image":"","background-repeat":"repeat","background-position":"center center","background-size":"auto","background-attachment":"scroll","background-type":"","background-media":"","overlay-type":"","overlay-color":"","overlay-opacity":"","overlay-gradient":""}},"ast-content-background-meta":{"desktop":{"background-color":"var(--ast-global-color-5)","background-image":"","background-repeat":"repeat","background-position":"center center","background-size":"auto","background-attachment":"scroll","background-type":"","background-media":"","overlay-type":"","overlay-color":"","overlay-opacity":"","overlay-gradient":""},"tablet":{"background-color":"var(--ast-global-color-5)","background-image":"","background-repeat":"repeat","background-position":"center center","background-size":"auto","background-attachment":"scroll","background-type":"","background-media":"","overlay-type":"","overlay-color":"","overlay-opacity":"","overlay-gradient":""},"mobile":{"background-color":"var(--ast-global-color-5)","background-image":"","background-repeat":"repeat","background-position":"center center","background-size":"auto","background-attachment":"scroll","background-type":"","background-media":"","overlay-type":"","overlay-color":"","overlay-opacity":"","overlay-gradient":""}}},"product_brand":[],"product_cat":[69],"product_tag":[346,347,80,78,79,345,344],"class_list":{"0":"post-4877","1":"product","2":"type-product","3":"status-publish","4":"has-post-thumbnail","6":"product_cat-jongleerauskeilat","7":"product_tag-346","8":"product_tag-finnish","9":"product_tag-jongleeraus","10":"product_tag-keila","11":"product_tag-keilat","12":"product_tag-pole","13":"product_tag-poles","14":"desktop-align-center","15":"tablet-align-left","16":"mobile-align-left","18":"first","19":"outofstock","20":"taxable","21":"shipping-taxable","22":"purchasable","23":"product-type-simple"},"_links":{"self":[{"href":"https:\/\/sirkussirkus.com\/kauppa\/wp-json\/wp\/v2\/product\/4877","targetHints":{"allow":["GET"]}}],"collection":[{"href":"https:\/\/sirkussirkus.com\/kauppa\/wp-json\/wp\/v2\/product"}],"about":[{"href":"https:\/\/sirkussirkus.com\/kauppa\/wp-json\/wp\/v2\/types\/product"}],"version-history":[{"count":1,"href":"https:\/\/sirkussirkus.com\/kauppa\/wp-json\/wp\/v2\/product\/4877\/revisions"}],"predecessor-version":[{"id":4879,"href":"https:\/\/sirkussirkus.com\/kauppa\/wp-json\/wp\/v2\/product\/4877\/revisions\/4879"}],"wp:featuredmedia":[{"embeddable":true,"href":"https:\/\/sirkussirkus.com\/kauppa\/wp-json\/wp\/v2\/media\/4878"}],"wp:attachment":[{"href":"https:\/\/sirkussirkus.com\/kauppa\/wp-json\/wp\/v2\/media?parent=4877"}],"wp:term":[{"taxonomy":"product_brand","embeddable":true,"href":"https:\/\/sirkussirkus.com\/kauppa\/wp-json\/wp\/v2\/product_brand?post=4877"},{"taxonomy":"product_cat","embeddable":true,"href":"https:\/\/sirkussirkus.com\/kauppa\/wp-json\/wp\/v2\/product_cat?post=4877"},{"taxonomy":"product_tag","embeddable":true,"href":"https:\/\/sirkussirkus.com\/kauppa\/wp-json\/wp\/v2\/product_tag?post=4877"}],"curies":[{"name":"wp","href":"https:\/\/api.w.org\/{rel}","templated":true}]}}