{"id":4873,"date":"2021-05-13T12:25:56","date_gmt":"2021-05-13T12:25:56","guid":{"rendered":"https:\/\/sirkussirkus.com\/kauppa\/?post_type=product&#038;p=4873"},"modified":"2022-10-14T04:40:31","modified_gmt":"2022-10-14T04:40:31","slug":"magneettikepulat-3-kpl","status":"publish","type":"product","link":"https:\/\/sirkussirkus.com\/kauppa\/product\/magneettikepulat-3-kpl\/","title":{"rendered":"Magneettikepulat (3 kpl)"},"content":{"rendered":"<p>N\u00e4m\u00e4 magneettikepulat kehitti Jani Suihkonen kauan ennen kuin kukaan keksi viel\u00e4 temppuilla magneettikeiloilla. Omintakeinen alkuper\u00e4inen v\u00e4line, jota ei muista kaupoista varmasti l\u00f6yd\u00e4. Myyt\u00e4v\u00e4t kepulat ovat Mestarin itsens\u00e4 k\u00e4sien t\u00f6it\u00e4. Katso video alempaa, jossa Jani Suihkonen esittelee v\u00e4lineens\u00e4 mahdollisuuksia. Vahvojen magneettien takia v\u00e4line tulee pit\u00e4\u00e4 kaukana luottokorteista ja eletroniikasta. Sirkussirkus ei vastaa mahdollisista v\u00e4lineen aiheuttamista vahingoista. Myyd\u00e4\u00e4n kolmen kappaleen sarjana.<\/p>\n<p><a href=\"https:\/\/www.youtube.com\/watch?v=kBnQDZebKuU\" target=\"_blank\" rel=\"noopener noreferrer\">Youtube: Jani Suihkosen Magneettikepulat<\/a><\/p>\n<p>Pituus 53cm \/ paino 215g<\/p>\n<p>&nbsp;<\/p>\n<p>Hinta sis\u00e4lt\u00e4\u00e4 kolme kappaletta.<\/p>\n","protected":false},"excerpt":{"rendered":"<p>N\u00e4m\u00e4 magneettikepulat kehitti Jani Suihkonen kauan ennen kuin kukaan keksi viel\u00e4 temppuilla magneettikeiloilla. Omintakeinen alkuper\u00e4inen v\u00e4line, jota ei muista kaupoista varmasti l\u00f6yd\u00e4. Myyt\u00e4v\u00e4t kepulat ovat Mestarin itsens\u00e4 k\u00e4sien t\u00f6it\u00e4. Katso video alempaa, jossa Jani Suihkonen esittelee v\u00e4lineens\u00e4 mahdollisuuksia. Vahvojen magneettien takia v\u00e4line tulee pit\u00e4\u00e4 kaukana luottokorteista ja eletroniikasta. Sirkussirkus ei vastaa mahdollisista v\u00e4lineen aiheuttamista vahingoista. [&hellip;]<\/p>\n","protected":false},"featured_media":4874,"template":"","meta":{"site-sidebar-layout":"default","site-content-layout":"default","ast-site-content-layout":"default","site-content-style":"default","site-sidebar-style":"default","ast-global-header-display":"","ast-banner-title-visibility":"","ast-main-header-display":"","ast-hfb-above-header-display":"","ast-hfb-below-header-display":"","ast-hfb-mobile-header-display":"","site-post-title":"","ast-breadcrumbs-content":"","ast-featured-img":"","footer-sml-layout":"","theme-transparent-header-meta":"default","adv-header-id-meta":"","stick-header-meta":"","header-above-stick-meta":"","header-main-stick-meta":"","header-below-stick-meta":"","astra-migrate-meta-layouts":"default","ast-page-background-enabled":"default","ast-page-background-meta":{"desktop":{"background-color":"","background-image":"","background-repeat":"repeat","background-position":"center center","background-size":"auto","background-attachment":"scroll","background-type":"","background-media":"","overlay-type":"","overlay-color":"","overlay-opacity":"","overlay-gradient":""},"tablet":{"background-color":"","background-image":"","background-repeat":"repeat","background-position":"center center","background-size":"auto","background-attachment":"scroll","background-type":"","background-media":"","overlay-type":"","overlay-color":"","overlay-opacity":"","overlay-gradient":""},"mobile":{"background-color":"","background-image":"","background-repeat":"repeat","background-position":"center center","background-size":"auto","background-attachment":"scroll","background-type":"","background-media":"","overlay-type":"","overlay-color":"","overlay-opacity":"","overlay-gradient":""}},"ast-content-background-meta":{"desktop":{"background-color":"var(--ast-global-color-5)","background-image":"","background-repeat":"repeat","background-position":"center center","background-size":"auto","background-attachment":"scroll","background-type":"","background-media":"","overlay-type":"","overlay-color":"","overlay-opacity":"","overlay-gradient":""},"tablet":{"background-color":"var(--ast-global-color-5)","background-image":"","background-repeat":"repeat","background-position":"center center","background-size":"auto","background-attachment":"scroll","background-type":"","background-media":"","overlay-type":"","overlay-color":"","overlay-opacity":"","overlay-gradient":""},"mobile":{"background-color":"var(--ast-global-color-5)","background-image":"","background-repeat":"repeat","background-position":"center center","background-size":"auto","background-attachment":"scroll","background-type":"","background-media":"","overlay-type":"","overlay-color":"","overlay-opacity":"","overlay-gradient":""}}},"product_brand":[],"product_cat":[69],"product_tag":[332,80,341,343,78,79,342],"class_list":{"0":"post-4873","1":"product","2":"type-product","3":"status-publish","4":"has-post-thumbnail","6":"product_cat-jongleerauskeilat","7":"product_tag-332","8":"product_tag-jongleeraus","9":"product_tag-kapula","10":"product_tag-kapulat","11":"product_tag-keila","12":"product_tag-keilat","13":"product_tag-magneetti","14":"desktop-align-center","15":"tablet-align-left","16":"mobile-align-left","18":"first","19":"outofstock","20":"taxable","21":"shipping-taxable","22":"purchasable","23":"product-type-simple"},"_links":{"self":[{"href":"https:\/\/sirkussirkus.com\/kauppa\/wp-json\/wp\/v2\/product\/4873","targetHints":{"allow":["GET"]}}],"collection":[{"href":"https:\/\/sirkussirkus.com\/kauppa\/wp-json\/wp\/v2\/product"}],"about":[{"href":"https:\/\/sirkussirkus.com\/kauppa\/wp-json\/wp\/v2\/types\/product"}],"version-history":[{"count":2,"href":"https:\/\/sirkussirkus.com\/kauppa\/wp-json\/wp\/v2\/product\/4873\/revisions"}],"predecessor-version":[{"id":4876,"href":"https:\/\/sirkussirkus.com\/kauppa\/wp-json\/wp\/v2\/product\/4873\/revisions\/4876"}],"wp:featuredmedia":[{"embeddable":true,"href":"https:\/\/sirkussirkus.com\/kauppa\/wp-json\/wp\/v2\/media\/4874"}],"wp:attachment":[{"href":"https:\/\/sirkussirkus.com\/kauppa\/wp-json\/wp\/v2\/media?parent=4873"}],"wp:term":[{"taxonomy":"product_brand","embeddable":true,"href":"https:\/\/sirkussirkus.com\/kauppa\/wp-json\/wp\/v2\/product_brand?post=4873"},{"taxonomy":"product_cat","embeddable":true,"href":"https:\/\/sirkussirkus.com\/kauppa\/wp-json\/wp\/v2\/product_cat?post=4873"},{"taxonomy":"product_tag","embeddable":true,"href":"https:\/\/sirkussirkus.com\/kauppa\/wp-json\/wp\/v2\/product_tag?post=4873"}],"curies":[{"name":"wp","href":"https:\/\/api.w.org\/{rel}","templated":true}]}}