{"id":4841,"date":"2022-05-13T12:17:27","date_gmt":"2022-05-13T12:17:27","guid":{"rendered":"https:\/\/sirkussirkus.com\/kauppa\/?post_type=product&#038;p=4841"},"modified":"2025-10-07T10:02:32","modified_gmt":"2025-10-07T10:02:32","slug":"play-jongleerausveitsi","status":"publish","type":"product","link":"https:\/\/sirkussirkus.com\/kauppa\/product\/play-jongleerausveitsi\/","title":{"rendered":"Play Jongleerausveitsi"},"content":{"rendered":"<div class=\"add-cart\">Ter\u00e4ksinen jongleerausveitsi. Painavampi ja kest\u00e4v\u00e4mpi kuin Babachen vastaava alumiiniveitsi. Mukava ja pehme\u00e4 kierrekahva. Veitsi ei ole ter\u00e4v\u00e4, vaikka n\u00e4ytt\u00e4\u00e4 silt\u00e4. Varovaisuus on silti hyv\u00e4 pit\u00e4\u00e4 mieless\u00e4, sill\u00e4 vaikka veitsen ter\u00e4 ei ole ter\u00e4v\u00e4, se sattuu osuessaan. K\u00e4ytt\u00f6 omalla vastuulla kuten muidenkin sirkusv\u00e4lineiden kanssa.<\/div>\n<div class=\"product-text\">Pituus 53cm \/ Paino 300g<\/div>\n","protected":false},"excerpt":{"rendered":"<p>Ter\u00e4ksinen jongleerausveitsi. Painavampi ja kest\u00e4v\u00e4mpi kuin Babachen vastaava alumiiniveitsi. Mukava ja pehme\u00e4 kierrekahva. Veitsi ei ole ter\u00e4v\u00e4, vaikka n\u00e4ytt\u00e4\u00e4 silt\u00e4. Varovaisuus on silti hyv\u00e4 pit\u00e4\u00e4 mieless\u00e4, sill\u00e4 vaikka veitsen ter\u00e4 ei ole ter\u00e4v\u00e4, se sattuu osuessaan. K\u00e4ytt\u00f6 omalla vastuulla kuten muidenkin sirkusv\u00e4lineiden kanssa. Pituus 53cm \/ Paino 300g<\/p>\n","protected":false},"featured_media":4842,"template":"","meta":{"site-sidebar-layout":"default","site-content-layout":"default","ast-site-content-layout":"default","site-content-style":"default","site-sidebar-style":"default","ast-global-header-display":"","ast-banner-title-visibility":"","ast-main-header-display":"","ast-hfb-above-header-display":"","ast-hfb-below-header-display":"","ast-hfb-mobile-header-display":"","site-post-title":"","ast-breadcrumbs-content":"","ast-featured-img":"","footer-sml-layout":"","theme-transparent-header-meta":"default","adv-header-id-meta":"","stick-header-meta":"","header-above-stick-meta":"","header-main-stick-meta":"","header-below-stick-meta":"","astra-migrate-meta-layouts":"default","ast-page-background-enabled":"default","ast-page-background-meta":{"desktop":{"background-color":"","background-image":"","background-repeat":"repeat","background-position":"center center","background-size":"auto","background-attachment":"scroll","background-type":"","background-media":"","overlay-type":"","overlay-color":"","overlay-opacity":"","overlay-gradient":""},"tablet":{"background-color":"","background-image":"","background-repeat":"repeat","background-position":"center center","background-size":"auto","background-attachment":"scroll","background-type":"","background-media":"","overlay-type":"","overlay-color":"","overlay-opacity":"","overlay-gradient":""},"mobile":{"background-color":"","background-image":"","background-repeat":"repeat","background-position":"center center","background-size":"auto","background-attachment":"scroll","background-type":"","background-media":"","overlay-type":"","overlay-color":"","overlay-opacity":"","overlay-gradient":""}},"ast-content-background-meta":{"desktop":{"background-color":"var(--ast-global-color-5)","background-image":"","background-repeat":"repeat","background-position":"center center","background-size":"auto","background-attachment":"scroll","background-type":"","background-media":"","overlay-type":"","overlay-color":"","overlay-opacity":"","overlay-gradient":""},"tablet":{"background-color":"var(--ast-global-color-5)","background-image":"","background-repeat":"repeat","background-position":"center center","background-size":"auto","background-attachment":"scroll","background-type":"","background-media":"","overlay-type":"","overlay-color":"","overlay-opacity":"","overlay-gradient":""},"mobile":{"background-color":"var(--ast-global-color-5)","background-image":"","background-repeat":"repeat","background-position":"center center","background-size":"auto","background-attachment":"scroll","background-type":"","background-media":"","overlay-type":"","overlay-color":"","overlay-opacity":"","overlay-gradient":""}}},"product_brand":[],"product_cat":[69,73],"product_tag":[332,80,78,79,108,330],"class_list":{"0":"post-4841","1":"product","2":"type-product","3":"status-publish","4":"has-post-thumbnail","6":"product_cat-jongleerauskeilat","7":"product_cat-muut-jongleeraus","8":"product_tag-332","9":"product_tag-jongleeraus","10":"product_tag-keila","11":"product_tag-keilat","12":"product_tag-play","13":"product_tag-veitsi","14":"desktop-align-center","15":"tablet-align-left","16":"mobile-align-left","18":"first","19":"instock","20":"taxable","21":"shipping-taxable","22":"purchasable","23":"product-type-simple"},"_links":{"self":[{"href":"https:\/\/sirkussirkus.com\/kauppa\/wp-json\/wp\/v2\/product\/4841","targetHints":{"allow":["GET"]}}],"collection":[{"href":"https:\/\/sirkussirkus.com\/kauppa\/wp-json\/wp\/v2\/product"}],"about":[{"href":"https:\/\/sirkussirkus.com\/kauppa\/wp-json\/wp\/v2\/types\/product"}],"version-history":[{"count":3,"href":"https:\/\/sirkussirkus.com\/kauppa\/wp-json\/wp\/v2\/product\/4841\/revisions"}],"predecessor-version":[{"id":5270,"href":"https:\/\/sirkussirkus.com\/kauppa\/wp-json\/wp\/v2\/product\/4841\/revisions\/5270"}],"wp:featuredmedia":[{"embeddable":true,"href":"https:\/\/sirkussirkus.com\/kauppa\/wp-json\/wp\/v2\/media\/4842"}],"wp:attachment":[{"href":"https:\/\/sirkussirkus.com\/kauppa\/wp-json\/wp\/v2\/media?parent=4841"}],"wp:term":[{"taxonomy":"product_brand","embeddable":true,"href":"https:\/\/sirkussirkus.com\/kauppa\/wp-json\/wp\/v2\/product_brand?post=4841"},{"taxonomy":"product_cat","embeddable":true,"href":"https:\/\/sirkussirkus.com\/kauppa\/wp-json\/wp\/v2\/product_cat?post=4841"},{"taxonomy":"product_tag","embeddable":true,"href":"https:\/\/sirkussirkus.com\/kauppa\/wp-json\/wp\/v2\/product_tag?post=4841"}],"curies":[{"name":"wp","href":"https:\/\/api.w.org\/{rel}","templated":true}]}}