{"id":4808,"date":"2022-06-13T12:07:21","date_gmt":"2022-06-13T12:07:21","guid":{"rendered":"https:\/\/sirkussirkus.com\/kauppa\/?post_type=product&#038;p=4808"},"modified":"2026-01-25T12:15:13","modified_gmt":"2026-01-25T12:15:13","slug":"play-one-piece","status":"publish","type":"product","link":"https:\/\/sirkussirkus.com\/kauppa\/product\/play-one-piece\/","title":{"rendered":"Play One Piece"},"content":{"rendered":"<p>Nimens\u00e4 mukaisesti yhdest\u00e4 palasta koostuva muottiin valettu keila. T\u00e4m\u00e4 keila on paitsi edullinen my\u00f6s k\u00e4yt\u00e4nn\u00f6ss\u00e4 miltei tuhoutumaton. Kaiken lis\u00e4ksi keila kelluu vedess\u00e4. T\u00e4m\u00e4 raamatullisen vedenpaisumuksenkin kest\u00e4v\u00e4 keila sopii hyvin aloittelijoille, ja miksei my\u00f6s ammattilaiselle.<\/p>\n<p>Tuntuma on tosin erilainen kuin perinteisess\u00e4 puuydin keilassa, mutta mit\u00e4 muovikeiloihin tulee: One Piece edustaa mukavuutta ja parasta laatua. T\u00e4m\u00e4n mallin erottaa toisista kilpailevista yhden kappaleen muovikeiloista poikkeuksellisen k\u00e4siyst\u00e4v\u00e4llinen, pehme\u00e4 ja joustava muovimateriaali, jossa on hyv\u00e4 pito. Helppo koristella hauskan n\u00e4k\u00f6iseksi esimerkiksi erilaisilla teipeill\u00e4.<\/p>\n<p>52cm \/ 200g<\/p>\n","protected":false},"excerpt":{"rendered":"<p>Nimens\u00e4 mukaisesti yhdest\u00e4 palasta koostuva muottiin valettu keila. T\u00e4m\u00e4 keila on paitsi edullinen my\u00f6s k\u00e4yt\u00e4nn\u00f6ss\u00e4 miltei tuhoutumaton. Kaiken lis\u00e4ksi keila kelluu vedess\u00e4. T\u00e4m\u00e4 raamatullisen vedenpaisumuksenkin kest\u00e4v\u00e4 keila sopii hyvin aloittelijoille, ja miksei my\u00f6s ammattilaiselle. Tuntuma on tosin erilainen kuin perinteisess\u00e4 puuydin keilassa, mutta mit\u00e4 muovikeiloihin tulee: One Piece edustaa mukavuutta ja parasta laatua. T\u00e4m\u00e4n mallin [&hellip;]<\/p>\n","protected":false},"featured_media":4817,"template":"","meta":{"site-sidebar-layout":"default","site-content-layout":"default","ast-site-content-layout":"default","site-content-style":"default","site-sidebar-style":"default","ast-global-header-display":"","ast-banner-title-visibility":"","ast-main-header-display":"","ast-hfb-above-header-display":"","ast-hfb-below-header-display":"","ast-hfb-mobile-header-display":"","site-post-title":"","ast-breadcrumbs-content":"","ast-featured-img":"","footer-sml-layout":"","theme-transparent-header-meta":"default","adv-header-id-meta":"","stick-header-meta":"","header-above-stick-meta":"","header-main-stick-meta":"","header-below-stick-meta":"","astra-migrate-meta-layouts":"set","ast-page-background-enabled":"default","ast-page-background-meta":{"desktop":{"background-color":"","background-image":"","background-repeat":"repeat","background-position":"center center","background-size":"auto","background-attachment":"scroll","background-type":"","background-media":"","overlay-type":"","overlay-color":"","overlay-opacity":"","overlay-gradient":""},"tablet":{"background-color":"","background-image":"","background-repeat":"repeat","background-position":"center center","background-size":"auto","background-attachment":"scroll","background-type":"","background-media":"","overlay-type":"","overlay-color":"","overlay-opacity":"","overlay-gradient":""},"mobile":{"background-color":"","background-image":"","background-repeat":"repeat","background-position":"center center","background-size":"auto","background-attachment":"scroll","background-type":"","background-media":"","overlay-type":"","overlay-color":"","overlay-opacity":"","overlay-gradient":""}},"ast-content-background-meta":{"desktop":{"background-color":"var(--ast-global-color-5)","background-image":"","background-repeat":"repeat","background-position":"center center","background-size":"auto","background-attachment":"scroll","background-type":"","background-media":"","overlay-type":"","overlay-color":"","overlay-opacity":"","overlay-gradient":""},"tablet":{"background-color":"var(--ast-global-color-5)","background-image":"","background-repeat":"repeat","background-position":"center center","background-size":"auto","background-attachment":"scroll","background-type":"","background-media":"","overlay-type":"","overlay-color":"","overlay-opacity":"","overlay-gradient":""},"mobile":{"background-color":"var(--ast-global-color-5)","background-image":"","background-repeat":"repeat","background-position":"center center","background-size":"auto","background-attachment":"scroll","background-type":"","background-media":"","overlay-type":"","overlay-color":"","overlay-opacity":"","overlay-gradient":""}}},"product_brand":[],"product_cat":[69],"product_tag":[322,80,78,79,323,324,108],"class_list":{"0":"post-4808","1":"product","2":"type-product","3":"status-publish","4":"has-post-thumbnail","6":"product_cat-jongleerauskeilat","7":"product_tag-322","8":"product_tag-jongleeraus","9":"product_tag-keila","10":"product_tag-keilat","11":"product_tag-one","12":"product_tag-piece","13":"product_tag-play","14":"desktop-align-center","15":"tablet-align-left","16":"mobile-align-left","18":"first","19":"instock","20":"taxable","21":"shipping-taxable","22":"purchasable","23":"product-type-variable","24":"has-default-attributes"},"_links":{"self":[{"href":"https:\/\/sirkussirkus.com\/kauppa\/wp-json\/wp\/v2\/product\/4808","targetHints":{"allow":["GET"]}}],"collection":[{"href":"https:\/\/sirkussirkus.com\/kauppa\/wp-json\/wp\/v2\/product"}],"about":[{"href":"https:\/\/sirkussirkus.com\/kauppa\/wp-json\/wp\/v2\/types\/product"}],"version-history":[{"count":3,"href":"https:\/\/sirkussirkus.com\/kauppa\/wp-json\/wp\/v2\/product\/4808\/revisions"}],"predecessor-version":[{"id":5516,"href":"https:\/\/sirkussirkus.com\/kauppa\/wp-json\/wp\/v2\/product\/4808\/revisions\/5516"}],"wp:featuredmedia":[{"embeddable":true,"href":"https:\/\/sirkussirkus.com\/kauppa\/wp-json\/wp\/v2\/media\/4817"}],"wp:attachment":[{"href":"https:\/\/sirkussirkus.com\/kauppa\/wp-json\/wp\/v2\/media?parent=4808"}],"wp:term":[{"taxonomy":"product_brand","embeddable":true,"href":"https:\/\/sirkussirkus.com\/kauppa\/wp-json\/wp\/v2\/product_brand?post=4808"},{"taxonomy":"product_cat","embeddable":true,"href":"https:\/\/sirkussirkus.com\/kauppa\/wp-json\/wp\/v2\/product_cat?post=4808"},{"taxonomy":"product_tag","embeddable":true,"href":"https:\/\/sirkussirkus.com\/kauppa\/wp-json\/wp\/v2\/product_tag?post=4808"}],"curies":[{"name":"wp","href":"https:\/\/api.w.org\/{rel}","templated":true}]}}