{"id":4793,"date":"2022-05-06T02:54:59","date_gmt":"2022-05-06T02:54:59","guid":{"rendered":"https:\/\/sirkussirkus.com\/kauppa\/?post_type=product&#038;p=4793"},"modified":"2026-03-15T15:14:15","modified_gmt":"2026-03-15T15:14:15","slug":"bicycle-architectural-wonders-of-the-world","status":"publish","type":"product","link":"https:\/\/sirkussirkus.com\/kauppa\/product\/bicycle-architectural-wonders-of-the-world\/","title":{"rendered":"Bicycle-korttipakka &#8211; Architectural Wonders"},"content":{"rendered":"<div class=\"product-wrapper2\">\n<div class=\"product-info\">\n<div class=\"product-text\">\n<p>T\u00e4m\u00e4 pakka esittelee korteissa erilaisia arkkitehtuurisia ihmeit\u00e4 ymp\u00e4ri maailman. Korttinsa ovat saaneet miltei kaikki kauneimmat ja h\u00e4mm\u00e4stytt\u00e4vimm\u00e4t ihmisen rakennelmat. N\u00e4ytt\u00e4v\u00e4 kotelo kultaviimeistelyll\u00e4.<\/p>\n<p>Hieno pakka kaikenkaikkiaan, ja kuinkas muuten kun Pyramidien, Hagia Sofian ja Taj Mahalin ohessa komeilee pataviitosena Helsingin rautatieasema!<\/p>\n<p>Satunnainen valikoima my\u00f6s muita erikoispakkoja varastossa vuosien varrelta. Kysy lis\u00e4\u00e4, jos kiinnostuit.<\/p>\n<\/div>\n<\/div>\n<\/div>\n","protected":false},"excerpt":{"rendered":"<p>T\u00e4m\u00e4 pakka esittelee korteissa erilaisia arkkitehtuurisia ihmeit\u00e4 ymp\u00e4ri maailman. Korttinsa ovat saaneet miltei kaikki kauneimmat ja h\u00e4mm\u00e4stytt\u00e4vimm\u00e4t ihmisen rakennelmat. N\u00e4ytt\u00e4v\u00e4 kotelo kultaviimeistelyll\u00e4. Hieno pakka kaikenkaikkiaan, ja kuinkas muuten kun Pyramidien, Hagia Sofian ja Taj Mahalin ohessa komeilee pataviitosena Helsingin rautatieasema! Satunnainen valikoima my\u00f6s muita erikoispakkoja varastossa vuosien varrelta. Kysy lis\u00e4\u00e4, jos kiinnostuit.<\/p>\n","protected":false},"featured_media":4794,"template":"","meta":{"site-sidebar-layout":"default","site-content-layout":"default","ast-site-content-layout":"default","site-content-style":"default","site-sidebar-style":"default","ast-global-header-display":"","ast-banner-title-visibility":"","ast-main-header-display":"","ast-hfb-above-header-display":"","ast-hfb-below-header-display":"","ast-hfb-mobile-header-display":"","site-post-title":"","ast-breadcrumbs-content":"","ast-featured-img":"","footer-sml-layout":"","theme-transparent-header-meta":"default","adv-header-id-meta":"","stick-header-meta":"","header-above-stick-meta":"","header-main-stick-meta":"","header-below-stick-meta":"","astra-migrate-meta-layouts":"default","ast-page-background-enabled":"default","ast-page-background-meta":{"desktop":{"background-color":"","background-image":"","background-repeat":"repeat","background-position":"center center","background-size":"auto","background-attachment":"scroll","background-type":"","background-media":"","overlay-type":"","overlay-color":"","overlay-opacity":"","overlay-gradient":""},"tablet":{"background-color":"","background-image":"","background-repeat":"repeat","background-position":"center center","background-size":"auto","background-attachment":"scroll","background-type":"","background-media":"","overlay-type":"","overlay-color":"","overlay-opacity":"","overlay-gradient":""},"mobile":{"background-color":"","background-image":"","background-repeat":"repeat","background-position":"center center","background-size":"auto","background-attachment":"scroll","background-type":"","background-media":"","overlay-type":"","overlay-color":"","overlay-opacity":"","overlay-gradient":""}},"ast-content-background-meta":{"desktop":{"background-color":"var(--ast-global-color-5)","background-image":"","background-repeat":"repeat","background-position":"center center","background-size":"auto","background-attachment":"scroll","background-type":"","background-media":"","overlay-type":"","overlay-color":"","overlay-opacity":"","overlay-gradient":""},"tablet":{"background-color":"var(--ast-global-color-5)","background-image":"","background-repeat":"repeat","background-position":"center center","background-size":"auto","background-attachment":"scroll","background-type":"","background-media":"","overlay-type":"","overlay-color":"","overlay-opacity":"","overlay-gradient":""},"mobile":{"background-color":"var(--ast-global-color-5)","background-image":"","background-repeat":"repeat","background-position":"center center","background-size":"auto","background-attachment":"scroll","background-type":"","background-media":"","overlay-type":"","overlay-color":"","overlay-opacity":"","overlay-gradient":""}}},"product_brand":[],"product_cat":[305],"product_tag":[309,869,319,306,321,279,867,308,320],"class_list":{"0":"post-4793","1":"product","2":"type-product","3":"status-publish","4":"has-post-thumbnail","6":"product_cat-taika","7":"product_tag-bicycle","8":"product_tag-helsinki","9":"product_tag-kortit","10":"product_tag-kortti","11":"product_tag-korttipakka","12":"product_tag-muut","13":"product_tag-pelikortit","14":"product_tag-taika","15":"product_tag-wonders","16":"desktop-align-center","17":"tablet-align-left","18":"mobile-align-left","20":"first","21":"instock","22":"taxable","23":"shipping-taxable","24":"purchasable","25":"product-type-simple"},"_links":{"self":[{"href":"https:\/\/sirkussirkus.com\/kauppa\/wp-json\/wp\/v2\/product\/4793","targetHints":{"allow":["GET"]}}],"collection":[{"href":"https:\/\/sirkussirkus.com\/kauppa\/wp-json\/wp\/v2\/product"}],"about":[{"href":"https:\/\/sirkussirkus.com\/kauppa\/wp-json\/wp\/v2\/types\/product"}],"version-history":[{"count":2,"href":"https:\/\/sirkussirkus.com\/kauppa\/wp-json\/wp\/v2\/product\/4793\/revisions"}],"predecessor-version":[{"id":8946,"href":"https:\/\/sirkussirkus.com\/kauppa\/wp-json\/wp\/v2\/product\/4793\/revisions\/8946"}],"wp:featuredmedia":[{"embeddable":true,"href":"https:\/\/sirkussirkus.com\/kauppa\/wp-json\/wp\/v2\/media\/4794"}],"wp:attachment":[{"href":"https:\/\/sirkussirkus.com\/kauppa\/wp-json\/wp\/v2\/media?parent=4793"}],"wp:term":[{"taxonomy":"product_brand","embeddable":true,"href":"https:\/\/sirkussirkus.com\/kauppa\/wp-json\/wp\/v2\/product_brand?post=4793"},{"taxonomy":"product_cat","embeddable":true,"href":"https:\/\/sirkussirkus.com\/kauppa\/wp-json\/wp\/v2\/product_cat?post=4793"},{"taxonomy":"product_tag","embeddable":true,"href":"https:\/\/sirkussirkus.com\/kauppa\/wp-json\/wp\/v2\/product_tag?post=4793"}],"curies":[{"name":"wp","href":"https:\/\/api.w.org\/{rel}","templated":true}]}}