{"id":4771,"date":"2022-05-06T02:47:05","date_gmt":"2022-05-06T02:47:05","guid":{"rendered":"https:\/\/sirkussirkus.com\/kauppa\/?post_type=product&#038;p=4771"},"modified":"2023-02-04T05:58:47","modified_gmt":"2023-02-04T05:58:47","slug":"ilmapallopumppu","status":"publish","type":"product","link":"https:\/\/sirkussirkus.com\/kauppa\/product\/ilmapallopumppu\/","title":{"rendered":"Ilmapallopumppu"},"content":{"rendered":"<p>Qualatex Pokkus -ilmapallojen t\u00e4ytt\u00e4minen k\u00e4y k\u00e4tev\u00e4sti t\u00e4ll\u00e4 itse tarkoitukseen valmistetulla isokokoisella erikoispumpulla. Edullisesta hinnastaan huolimatta t\u00e4m\u00e4 malli on markkinoiden paras. Soveltuu my\u00f6s tavallisten ilmapallojen pumppaamiseen. Useita eri v\u00e4rej\u00e4. Saatavilla olevat v\u00e4rit vaihtelevat.<\/p>\n<p>Pituus 29 cm<\/p>\n","protected":false},"excerpt":{"rendered":"<p>Qualatex Pokkus -ilmapallojen t\u00e4ytt\u00e4minen k\u00e4y k\u00e4tev\u00e4sti t\u00e4ll\u00e4 itse tarkoitukseen valmistetulla isokokoisella erikoispumpulla. Edullisesta hinnastaan huolimatta t\u00e4m\u00e4 malli on markkinoiden paras. Soveltuu my\u00f6s tavallisten ilmapallojen pumppaamiseen. Useita eri v\u00e4rej\u00e4. Saatavilla olevat v\u00e4rit vaihtelevat. Pituus 29 cm<\/p>\n","protected":false},"featured_media":4772,"template":"","meta":{"site-sidebar-layout":"default","site-content-layout":"default","ast-site-content-layout":"default","site-content-style":"default","site-sidebar-style":"default","ast-global-header-display":"","ast-banner-title-visibility":"","ast-main-header-display":"","ast-hfb-above-header-display":"","ast-hfb-below-header-display":"","ast-hfb-mobile-header-display":"","site-post-title":"","ast-breadcrumbs-content":"","ast-featured-img":"","footer-sml-layout":"","theme-transparent-header-meta":"default","adv-header-id-meta":"","stick-header-meta":"","header-above-stick-meta":"","header-main-stick-meta":"","header-below-stick-meta":"","astra-migrate-meta-layouts":"default","ast-page-background-enabled":"default","ast-page-background-meta":{"desktop":{"background-color":"","background-image":"","background-repeat":"repeat","background-position":"center center","background-size":"auto","background-attachment":"scroll","background-type":"","background-media":"","overlay-type":"","overlay-color":"","overlay-opacity":"","overlay-gradient":""},"tablet":{"background-color":"","background-image":"","background-repeat":"repeat","background-position":"center center","background-size":"auto","background-attachment":"scroll","background-type":"","background-media":"","overlay-type":"","overlay-color":"","overlay-opacity":"","overlay-gradient":""},"mobile":{"background-color":"","background-image":"","background-repeat":"repeat","background-position":"center center","background-size":"auto","background-attachment":"scroll","background-type":"","background-media":"","overlay-type":"","overlay-color":"","overlay-opacity":"","overlay-gradient":""}},"ast-content-background-meta":{"desktop":{"background-color":"var(--ast-global-color-5)","background-image":"","background-repeat":"repeat","background-position":"center center","background-size":"auto","background-attachment":"scroll","background-type":"","background-media":"","overlay-type":"","overlay-color":"","overlay-opacity":"","overlay-gradient":""},"tablet":{"background-color":"var(--ast-global-color-5)","background-image":"","background-repeat":"repeat","background-position":"center center","background-size":"auto","background-attachment":"scroll","background-type":"","background-media":"","overlay-type":"","overlay-color":"","overlay-opacity":"","overlay-gradient":""},"mobile":{"background-color":"var(--ast-global-color-5)","background-image":"","background-repeat":"repeat","background-position":"center center","background-size":"auto","background-attachment":"scroll","background-type":"","background-media":"","overlay-type":"","overlay-color":"","overlay-opacity":"","overlay-gradient":""}}},"product_brand":[],"product_cat":[305],"product_tag":[315,279,314,316,311,308],"class_list":{"0":"post-4771","1":"product","2":"type-product","3":"status-publish","4":"has-post-thumbnail","6":"product_cat-taika","7":"product_tag-ilmapallopumppu","8":"product_tag-muut","9":"product_tag-pokkus","10":"product_tag-pumppu","11":"product_tag-qualatex","12":"product_tag-taika","13":"desktop-align-center","14":"tablet-align-left","15":"mobile-align-left","17":"first","18":"outofstock","19":"taxable","20":"shipping-taxable","21":"purchasable","22":"product-type-simple"},"_links":{"self":[{"href":"https:\/\/sirkussirkus.com\/kauppa\/wp-json\/wp\/v2\/product\/4771","targetHints":{"allow":["GET"]}}],"collection":[{"href":"https:\/\/sirkussirkus.com\/kauppa\/wp-json\/wp\/v2\/product"}],"about":[{"href":"https:\/\/sirkussirkus.com\/kauppa\/wp-json\/wp\/v2\/types\/product"}],"version-history":[{"count":1,"href":"https:\/\/sirkussirkus.com\/kauppa\/wp-json\/wp\/v2\/product\/4771\/revisions"}],"predecessor-version":[{"id":4773,"href":"https:\/\/sirkussirkus.com\/kauppa\/wp-json\/wp\/v2\/product\/4771\/revisions\/4773"}],"wp:featuredmedia":[{"embeddable":true,"href":"https:\/\/sirkussirkus.com\/kauppa\/wp-json\/wp\/v2\/media\/4772"}],"wp:attachment":[{"href":"https:\/\/sirkussirkus.com\/kauppa\/wp-json\/wp\/v2\/media?parent=4771"}],"wp:term":[{"taxonomy":"product_brand","embeddable":true,"href":"https:\/\/sirkussirkus.com\/kauppa\/wp-json\/wp\/v2\/product_brand?post=4771"},{"taxonomy":"product_cat","embeddable":true,"href":"https:\/\/sirkussirkus.com\/kauppa\/wp-json\/wp\/v2\/product_cat?post=4771"},{"taxonomy":"product_tag","embeddable":true,"href":"https:\/\/sirkussirkus.com\/kauppa\/wp-json\/wp\/v2\/product_tag?post=4771"}],"curies":[{"name":"wp","href":"https:\/\/api.w.org\/{rel}","templated":true}]}}