{"id":4661,"date":"2015-05-06T02:06:09","date_gmt":"2015-05-06T02:06:09","guid":{"rendered":"https:\/\/sirkussirkus.com\/kauppa\/?post_type=product&#038;p=4661"},"modified":"2025-10-05T16:34:26","modified_gmt":"2025-10-05T16:34:26","slug":"krom-kamo-kendama","status":"publish","type":"product","link":"https:\/\/sirkussirkus.com\/kauppa\/product\/krom-kamo-kendama\/","title":{"rendered":"Krom Kamo Kendama"},"content":{"rendered":"<p>Kromin Kamo on l\u00e4peens\u00e4 hiottua tyyli\u00e4, yksityiskohtaa ja k\u00e4ytett\u00e4vyytt\u00e4. Jo klassikoksi muodostunut Kromin erikoismalli, joka peittoaa joka saralla monen muun Kendaman. Laserkaiverrettu maastokuosi varressa ja kupeissa, Kromin BL-muotoiltu Ken, tasapainoporaus kannassa lunar-temppuja varten, uniikki maastokuviointi Damassa ja laakeroitu jyv\u00e4 takaavat parhaan tuntuman. Mukana varanaru, varajyv\u00e4 ja tarrapakkaus.<\/p>\n","protected":false},"excerpt":{"rendered":"<p>Kromin Kamo on l\u00e4peens\u00e4 hiottua tyyli\u00e4, yksityiskohtaa ja k\u00e4ytett\u00e4vyytt\u00e4. Jo klassikoksi muodostunut Kromin erikoismalli, joka peittoaa joka saralla monen muun Kendaman. Laserkaiverrettu maastokuosi varressa ja kupeissa, Kromin BL-muotoiltu Ken, tasapainoporaus kannassa lunar-temppuja varten, uniikki maastokuviointi Damassa ja laakeroitu jyv\u00e4 takaavat parhaan tuntuman. Mukana varanaru, varajyv\u00e4 ja tarrapakkaus.<\/p>\n","protected":false},"featured_media":4665,"template":"","meta":{"site-sidebar-layout":"default","site-content-layout":"default","ast-site-content-layout":"default","site-content-style":"default","site-sidebar-style":"default","ast-global-header-display":"","ast-banner-title-visibility":"","ast-main-header-display":"","ast-hfb-above-header-display":"","ast-hfb-below-header-display":"","ast-hfb-mobile-header-display":"","site-post-title":"","ast-breadcrumbs-content":"","ast-featured-img":"","footer-sml-layout":"","theme-transparent-header-meta":"default","adv-header-id-meta":"","stick-header-meta":"","header-above-stick-meta":"","header-main-stick-meta":"","header-below-stick-meta":"","astra-migrate-meta-layouts":"set","ast-page-background-enabled":"default","ast-page-background-meta":{"desktop":{"background-color":"","background-image":"","background-repeat":"repeat","background-position":"center center","background-size":"auto","background-attachment":"scroll","background-type":"","background-media":"","overlay-type":"","overlay-color":"","overlay-opacity":"","overlay-gradient":""},"tablet":{"background-color":"","background-image":"","background-repeat":"repeat","background-position":"center center","background-size":"auto","background-attachment":"scroll","background-type":"","background-media":"","overlay-type":"","overlay-color":"","overlay-opacity":"","overlay-gradient":""},"mobile":{"background-color":"","background-image":"","background-repeat":"repeat","background-position":"center center","background-size":"auto","background-attachment":"scroll","background-type":"","background-media":"","overlay-type":"","overlay-color":"","overlay-opacity":"","overlay-gradient":""}},"ast-content-background-meta":{"desktop":{"background-color":"var(--ast-global-color-5)","background-image":"","background-repeat":"repeat","background-position":"center center","background-size":"auto","background-attachment":"scroll","background-type":"","background-media":"","overlay-type":"","overlay-color":"","overlay-opacity":"","overlay-gradient":""},"tablet":{"background-color":"var(--ast-global-color-5)","background-image":"","background-repeat":"repeat","background-position":"center center","background-size":"auto","background-attachment":"scroll","background-type":"","background-media":"","overlay-type":"","overlay-color":"","overlay-opacity":"","overlay-gradient":""},"mobile":{"background-color":"var(--ast-global-color-5)","background-image":"","background-repeat":"repeat","background-position":"center center","background-size":"auto","background-attachment":"scroll","background-type":"","background-media":"","overlay-type":"","overlay-color":"","overlay-opacity":"","overlay-gradient":""}}},"product_brand":[],"product_cat":[75],"product_tag":[290,146,291,277,279],"class_list":{"0":"post-4661","1":"product","2":"type-product","3":"status-publish","4":"has-post-thumbnail","6":"product_cat-kendama","7":"product_tag-kamo","8":"product_tag-kendama","9":"product_tag-kendamat","10":"product_tag-krom","11":"product_tag-muut","12":"desktop-align-center","13":"tablet-align-left","14":"mobile-align-left","16":"first","17":"outofstock","18":"sale","19":"taxable","20":"shipping-taxable","21":"purchasable","22":"product-type-variable"},"_links":{"self":[{"href":"https:\/\/sirkussirkus.com\/kauppa\/wp-json\/wp\/v2\/product\/4661","targetHints":{"allow":["GET"]}}],"collection":[{"href":"https:\/\/sirkussirkus.com\/kauppa\/wp-json\/wp\/v2\/product"}],"about":[{"href":"https:\/\/sirkussirkus.com\/kauppa\/wp-json\/wp\/v2\/types\/product"}],"version-history":[{"count":1,"href":"https:\/\/sirkussirkus.com\/kauppa\/wp-json\/wp\/v2\/product\/4661\/revisions"}],"predecessor-version":[{"id":4673,"href":"https:\/\/sirkussirkus.com\/kauppa\/wp-json\/wp\/v2\/product\/4661\/revisions\/4673"}],"wp:featuredmedia":[{"embeddable":true,"href":"https:\/\/sirkussirkus.com\/kauppa\/wp-json\/wp\/v2\/media\/4665"}],"wp:attachment":[{"href":"https:\/\/sirkussirkus.com\/kauppa\/wp-json\/wp\/v2\/media?parent=4661"}],"wp:term":[{"taxonomy":"product_brand","embeddable":true,"href":"https:\/\/sirkussirkus.com\/kauppa\/wp-json\/wp\/v2\/product_brand?post=4661"},{"taxonomy":"product_cat","embeddable":true,"href":"https:\/\/sirkussirkus.com\/kauppa\/wp-json\/wp\/v2\/product_cat?post=4661"},{"taxonomy":"product_tag","embeddable":true,"href":"https:\/\/sirkussirkus.com\/kauppa\/wp-json\/wp\/v2\/product_tag?post=4661"}],"curies":[{"name":"wp","href":"https:\/\/api.w.org\/{rel}","templated":true}]}}